{"id":2181,"date":"2017-05-25T11:37:52","date_gmt":"2017-05-25T11:37:52","guid":{"rendered":"http:\/\/pressurediecasting.co.uk\/?page_id=2181"},"modified":"2024-02-01T15:31:40","modified_gmt":"2024-02-01T15:31:40","slug":"ejector-pins-and-draft","status":"publish","type":"page","link":"https:\/\/staging.norfran.co.uk\/fr\/technical\/ejector-pins-and-draft\/","title":{"rendered":"Tiges d&rsquo;\u00e9jection et D\u00e9pouille"},"content":{"rendered":"<p><img decoding=\"async\" class=\"alignnone size-full wp-image-2261 lazyload\" data-src=\"https:\/\/staging.norfran.co.uk\/wp-content\/uploads\/2013\/09\/Tech-ejector-pins.jpg\" alt=\"Ejector Pins and Draft\" width=\"100%\" data-srcset=\"https:\/\/staging.norfran.co.uk\/wp-content\/uploads\/2013\/09\/Tech-ejector-pins.jpg 1400w, https:\/\/staging.norfran.co.uk\/wp-content\/uploads\/2013\/09\/Tech-ejector-pins-300x47.jpg 300w, https:\/\/staging.norfran.co.uk\/wp-content\/uploads\/2013\/09\/Tech-ejector-pins-768x121.jpg 768w, https:\/\/staging.norfran.co.uk\/wp-content\/uploads\/2013\/09\/Tech-ejector-pins-1024x161.jpg 1024w\" data-sizes=\"auto\" src=\"data:image\/svg+xml;base64,PHN2ZyB3aWR0aD0iMSIgaGVpZ2h0PSIxIiB4bWxucz0iaHR0cDovL3d3dy53My5vcmcvMjAwMC9zdmciPjwvc3ZnPg==\" style=\"--smush-placeholder-width: 1400px; --smush-placeholder-aspect-ratio: 1400\/220;\" data-original-sizes=\"(max-width: 1400px) 100vw, 1400px\" \/><\/p>\n<h1>Tiges d&rsquo;\u00e9jection et D\u00e9pouille<\/h1>\n<h2>Marques de tiges d&rsquo;\u00e9jection<\/h2>\n<p>Les marques de tiges d&rsquo;\u00e9jection sur les pi\u00e8ces moul\u00e9es sous pression sont form\u00e9es par des tiges amovibles qui \u00e9jectent les pi\u00e8ces moul\u00e9es du moule. Le nombre et l&#8217;emplacement des tiges d&rsquo;\u00e9jection requis, pour la production \u00e9conomique, varieront en fonction de la taille et de la complexit\u00e9 de la pi\u00e8ce moul\u00e9e ainsi que d&rsquo;autres facteurs.<\/p>\n<h2>Emplacement des tiges d&rsquo;\u00e9jection<\/h2>\n<p>L&#8217;emplacement des tiges d&rsquo;\u00e9jection est choisi par le technicien responsable du moulage et soumis \u00e0 l&rsquo;accord du client, lorsque cela est requis.<\/p>\n<h2>Marques de tiges d&rsquo;\u00e9jection acceptables<\/h2>\n<p>Les marques des tiges d&rsquo;\u00e9jection peuvent atteindre une hauteur maximale de 0.38mm ou peuvent \u00eatre en creux de profondeur maximale de 0.38mm. Les marques de tiges d&rsquo;\u00e9jection sont entour\u00e9es de bavures de m\u00e9tal.<br \/>\nSi l&rsquo;utilisation finale de la pi\u00e8ce le permet, les marques des tiges d&rsquo;\u00e9jection ne seront pas \u00e9loign\u00e9es. Lorsque cela ne convient pas, les bavures des marques des tiges d&rsquo;\u00e9jection seront \u00e9cras\u00e9es ou aplaties.<\/p>\n<p><span class=\"blueBold\">Note &#8211; <\/span> L&rsquo;\u00e9limination totale des marques des tiges d&rsquo;\u00e9jection et des bavures par usinage ou par op\u00e9rations de grattage \u00e0 la main devra \u00eatre demand\u00e9e uniquement lorsque les exigences justifient la d\u00e9pense suppl\u00e9mentaire que repr\u00e9sentent ces op\u00e9rations.<\/p>\n<h2>Exigences en mati\u00e8re de d\u00e9pouilles<\/h2>\n<p>Les parois des pi\u00e8ces moul\u00e9es qui sont perpendiculaires au plan de s\u00e9paration du moule requi\u00e8rent une d\u00e9pouille ou un effilage. La d\u00e9pouille n&rsquo;est pas toujours la m\u00eame. Elle variera en fonction de l&rsquo;alliage utilis\u00e9 et de la profondeur de la paroi, comme indiqu\u00e9. La d\u00e9pouille requise sur les parois externes est la moiti\u00e9 de celle requise pour les parois internes.<\/p>\n<p>C&rsquo;est une bonne politique que de sp\u00e9cifier un grand angle de d\u00e9pouille lorsque cela est possible, mais les angles d&rsquo;un degr\u00e9 ou moins sont acceptables.<\/p>","protected":false},"excerpt":{"rendered":"<p>Tiges d&rsquo;\u00e9jection et D\u00e9pouille Marques de tiges d&rsquo;\u00e9jection Les marques de tiges d&rsquo;\u00e9jection sur les pi\u00e8ces moul\u00e9es sous pression sont form\u00e9es par des tiges amovibles qui \u00e9jectent les pi\u00e8ces moul\u00e9es du moule. Le nombre et l&#8217;emplacement des tiges d&rsquo;\u00e9jection requis, pour la production \u00e9conomique, varieront en fonction de la taille et de la complexit\u00e9 de la pi\u00e8ce moul\u00e9e ainsi que d&rsquo;autres facteurs. Emplacement des tiges d&rsquo;\u00e9jection L&#8217;emplacement des tiges d&rsquo;\u00e9jection est choisi par le technicien responsable du moulage et soumis&hellip;<\/p>\n","protected":false},"author":2,"featured_media":0,"parent":2166,"menu_order":6,"comment_status":"closed","ping_status":"closed","template":"","meta":{"footnotes":""},"class_list":["post-2181","page","type-page","status-publish","hentry"],"yoast_head":"<!-- This site is optimized with the Yoast SEO plugin v27.4 - https:\/\/yoast.com\/product\/yoast-seo-wordpress\/ -->\n<title>Ejector Pins and Draft | Ejector Pin Marks | Norfran<\/title>\n<meta name=\"description\" content=\"Location of Ejector pins shall be at the option of the die caster subject to the customer&#039;s agreement where required.\" \/>\n<meta name=\"robots\" content=\"noindex, follow, max-snippet:-1, max-image-preview:large, max-video-preview:-1\" \/>\n<meta property=\"og:locale\" content=\"fr_FR\" \/>\n<meta property=\"og:type\" content=\"article\" \/>\n<meta property=\"og:title\" content=\"Ejector Pins and Draft | Ejector Pin Marks | Norfran\" \/>\n<meta property=\"og:description\" content=\"Location of Ejector pins shall be at the option of the die caster subject to the customer&#039;s agreement where required.\" \/>\n<meta property=\"og:url\" content=\"https:\/\/staging.norfran.co.uk\/technical\/ejector-pins-and-draft\/\" \/>\n<meta property=\"og:site_name\" content=\"Norfran Limited\" \/>\n<meta property=\"article:modified_time\" content=\"2024-02-01T15:31:40+00:00\" \/>\n<meta property=\"og:image\" content=\"https:\/\/staging.norfran.co.uk\/wp-content\/uploads\/2013\/09\/Tech-ejector-pins.jpg\" \/>\n<meta name=\"twitter:card\" content=\"summary_large_image\" \/>\n<meta name=\"twitter:label1\" content=\"Dur\u00e9e de lecture estim\u00e9e\" \/>\n\t<meta name=\"twitter:data1\" content=\"2 minutes\" \/>\n<script type=\"application\/ld+json\" class=\"yoast-schema-graph\">{\"@context\":\"https:\\\/\\\/schema.org\",\"@graph\":[{\"@type\":\"WebPage\",\"@id\":\"https:\\\/\\\/staging.norfran.co.uk\\\/technical\\\/ejector-pins-and-draft\\\/\",\"url\":\"https:\\\/\\\/staging.norfran.co.uk\\\/technical\\\/ejector-pins-and-draft\\\/\",\"name\":\"Ejector Pins and Draft | Ejector Pin Marks | Norfran\",\"isPartOf\":{\"@id\":\"https:\\\/\\\/staging.norfran.co.uk\\\/#website\"},\"primaryImageOfPage\":{\"@id\":\"https:\\\/\\\/staging.norfran.co.uk\\\/technical\\\/ejector-pins-and-draft\\\/#primaryimage\"},\"image\":{\"@id\":\"https:\\\/\\\/staging.norfran.co.uk\\\/technical\\\/ejector-pins-and-draft\\\/#primaryimage\"},\"thumbnailUrl\":\"https:\\\/\\\/staging.norfran.co.uk\\\/wp-content\\\/uploads\\\/2013\\\/09\\\/Tech-ejector-pins.jpg\",\"datePublished\":\"2017-05-25T11:37:52+00:00\",\"dateModified\":\"2024-02-01T15:31:40+00:00\",\"description\":\"Location of Ejector pins shall be at the option of the die caster subject to the customer's agreement where required.\",\"breadcrumb\":{\"@id\":\"https:\\\/\\\/staging.norfran.co.uk\\\/technical\\\/ejector-pins-and-draft\\\/#breadcrumb\"},\"inLanguage\":\"fr-FR\",\"potentialAction\":[{\"@type\":\"ReadAction\",\"target\":[\"https:\\\/\\\/staging.norfran.co.uk\\\/technical\\\/ejector-pins-and-draft\\\/\"]}]},{\"@type\":\"ImageObject\",\"inLanguage\":\"fr-FR\",\"@id\":\"https:\\\/\\\/staging.norfran.co.uk\\\/technical\\\/ejector-pins-and-draft\\\/#primaryimage\",\"url\":\"https:\\\/\\\/staging.norfran.co.uk\\\/wp-content\\\/uploads\\\/2013\\\/09\\\/Tech-ejector-pins.jpg\",\"contentUrl\":\"https:\\\/\\\/staging.norfran.co.uk\\\/wp-content\\\/uploads\\\/2013\\\/09\\\/Tech-ejector-pins.jpg\"},{\"@type\":\"BreadcrumbList\",\"@id\":\"https:\\\/\\\/staging.norfran.co.uk\\\/technical\\\/ejector-pins-and-draft\\\/#breadcrumb\",\"itemListElement\":[{\"@type\":\"ListItem\",\"position\":1,\"name\":\"Home\",\"item\":\"https:\\\/\\\/staging.norfran.co.uk\\\/\"},{\"@type\":\"ListItem\",\"position\":2,\"name\":\"Technical\",\"item\":\"https:\\\/\\\/staging.norfran.co.uk\\\/technical\\\/\"},{\"@type\":\"ListItem\",\"position\":3,\"name\":\"Ejector Pins and Draft\"}]},{\"@type\":\"WebSite\",\"@id\":\"https:\\\/\\\/staging.norfran.co.uk\\\/#website\",\"url\":\"https:\\\/\\\/staging.norfran.co.uk\\\/\",\"name\":\"Norfran Limited\",\"description\":\"Precision Aluminium and Zinc Diecasters\",\"potentialAction\":[{\"@type\":\"SearchAction\",\"target\":{\"@type\":\"EntryPoint\",\"urlTemplate\":\"https:\\\/\\\/staging.norfran.co.uk\\\/?s={search_term_string}\"},\"query-input\":{\"@type\":\"PropertyValueSpecification\",\"valueRequired\":true,\"valueName\":\"search_term_string\"}}],\"inLanguage\":\"fr-FR\"}]}<\/script>\n<!-- \/ Yoast SEO plugin. -->","yoast_head_json":{"title":"Ejector Pins and Draft | Ejector Pin Marks | Norfran","description":"Location of Ejector pins shall be at the option of the die caster subject to the customer's agreement where required.","robots":{"index":"noindex","follow":"follow","max-snippet":"max-snippet:-1","max-image-preview":"max-image-preview:large","max-video-preview":"max-video-preview:-1"},"og_locale":"fr_FR","og_type":"article","og_title":"Ejector Pins and Draft | Ejector Pin Marks | Norfran","og_description":"Location of Ejector pins shall be at the option of the die caster subject to the customer's agreement where required.","og_url":"https:\/\/staging.norfran.co.uk\/technical\/ejector-pins-and-draft\/","og_site_name":"Norfran Limited","article_modified_time":"2024-02-01T15:31:40+00:00","og_image":[{"url":"https:\/\/staging.norfran.co.uk\/wp-content\/uploads\/2013\/09\/Tech-ejector-pins.jpg","type":"","width":"","height":""}],"twitter_card":"summary_large_image","twitter_misc":{"Dur\u00e9e de lecture estim\u00e9e":"2 minutes"},"schema":{"@context":"https:\/\/schema.org","@graph":[{"@type":"WebPage","@id":"https:\/\/staging.norfran.co.uk\/technical\/ejector-pins-and-draft\/","url":"https:\/\/staging.norfran.co.uk\/technical\/ejector-pins-and-draft\/","name":"Ejector Pins and Draft | Ejector Pin Marks | Norfran","isPartOf":{"@id":"https:\/\/staging.norfran.co.uk\/#website"},"primaryImageOfPage":{"@id":"https:\/\/staging.norfran.co.uk\/technical\/ejector-pins-and-draft\/#primaryimage"},"image":{"@id":"https:\/\/staging.norfran.co.uk\/technical\/ejector-pins-and-draft\/#primaryimage"},"thumbnailUrl":"https:\/\/staging.norfran.co.uk\/wp-content\/uploads\/2013\/09\/Tech-ejector-pins.jpg","datePublished":"2017-05-25T11:37:52+00:00","dateModified":"2024-02-01T15:31:40+00:00","description":"Location of Ejector pins shall be at the option of the die caster subject to the customer's agreement where required.","breadcrumb":{"@id":"https:\/\/staging.norfran.co.uk\/technical\/ejector-pins-and-draft\/#breadcrumb"},"inLanguage":"fr-FR","potentialAction":[{"@type":"ReadAction","target":["https:\/\/staging.norfran.co.uk\/technical\/ejector-pins-and-draft\/"]}]},{"@type":"ImageObject","inLanguage":"fr-FR","@id":"https:\/\/staging.norfran.co.uk\/technical\/ejector-pins-and-draft\/#primaryimage","url":"https:\/\/staging.norfran.co.uk\/wp-content\/uploads\/2013\/09\/Tech-ejector-pins.jpg","contentUrl":"https:\/\/staging.norfran.co.uk\/wp-content\/uploads\/2013\/09\/Tech-ejector-pins.jpg"},{"@type":"BreadcrumbList","@id":"https:\/\/staging.norfran.co.uk\/technical\/ejector-pins-and-draft\/#breadcrumb","itemListElement":[{"@type":"ListItem","position":1,"name":"Home","item":"https:\/\/staging.norfran.co.uk\/"},{"@type":"ListItem","position":2,"name":"Technical","item":"https:\/\/staging.norfran.co.uk\/technical\/"},{"@type":"ListItem","position":3,"name":"Ejector Pins and Draft"}]},{"@type":"WebSite","@id":"https:\/\/staging.norfran.co.uk\/#website","url":"https:\/\/staging.norfran.co.uk\/","name":"Norfran Limited","description":"Precision Aluminium and Zinc Diecasters","potentialAction":[{"@type":"SearchAction","target":{"@type":"EntryPoint","urlTemplate":"https:\/\/staging.norfran.co.uk\/?s={search_term_string}"},"query-input":{"@type":"PropertyValueSpecification","valueRequired":true,"valueName":"search_term_string"}}],"inLanguage":"fr-FR"}]}},"_links":{"self":[{"href":"https:\/\/staging.norfran.co.uk\/fr\/wp-json\/wp\/v2\/pages\/2181","targetHints":{"allow":["GET"]}}],"collection":[{"href":"https:\/\/staging.norfran.co.uk\/fr\/wp-json\/wp\/v2\/pages"}],"about":[{"href":"https:\/\/staging.norfran.co.uk\/fr\/wp-json\/wp\/v2\/types\/page"}],"author":[{"embeddable":true,"href":"https:\/\/staging.norfran.co.uk\/fr\/wp-json\/wp\/v2\/users\/2"}],"replies":[{"embeddable":true,"href":"https:\/\/staging.norfran.co.uk\/fr\/wp-json\/wp\/v2\/comments?post=2181"}],"version-history":[{"count":0,"href":"https:\/\/staging.norfran.co.uk\/fr\/wp-json\/wp\/v2\/pages\/2181\/revisions"}],"up":[{"embeddable":true,"href":"https:\/\/staging.norfran.co.uk\/fr\/wp-json\/wp\/v2\/pages\/2166"}],"wp:attachment":[{"href":"https:\/\/staging.norfran.co.uk\/fr\/wp-json\/wp\/v2\/media?parent=2181"}],"curies":[{"name":"wp","href":"https:\/\/api.w.org\/{rel}","templated":true}]}}