{"id":2166,"date":"2017-05-25T11:21:46","date_gmt":"2017-05-25T11:21:46","guid":{"rendered":"http:\/\/pressurediecasting.co.uk\/?page_id=2166"},"modified":"2017-07-12T11:22:03","modified_gmt":"2017-07-12T11:22:03","slug":"technical","status":"publish","type":"page","link":"https:\/\/staging.norfran.co.uk\/fr\/technical\/","title":{"rendered":"Technique"},"content":{"rendered":"<p><img decoding=\"async\" class=\"alignnone size-full wp-image-2263 lazyload\" data-src=\"https:\/\/staging.norfran.co.uk\/wp-content\/uploads\/2013\/09\/technical.jpg\" alt=\"Technical\" width=\"100%\" data-srcset=\"https:\/\/staging.norfran.co.uk\/wp-content\/uploads\/2013\/09\/technical.jpg 1400w, https:\/\/staging.norfran.co.uk\/wp-content\/uploads\/2013\/09\/technical-300x47.jpg 300w, https:\/\/staging.norfran.co.uk\/wp-content\/uploads\/2013\/09\/technical-768x121.jpg 768w, https:\/\/staging.norfran.co.uk\/wp-content\/uploads\/2013\/09\/technical-1024x161.jpg 1024w\" data-sizes=\"auto\" src=\"data:image\/svg+xml;base64,PHN2ZyB3aWR0aD0iMSIgaGVpZ2h0PSIxIiB4bWxucz0iaHR0cDovL3d3dy53My5vcmcvMjAwMC9zdmciPjwvc3ZnPg==\" style=\"--smush-placeholder-width: 1400px; --smush-placeholder-aspect-ratio: 1400\/220;\" data-original-sizes=\"(max-width: 1400px) 100vw, 1400px\" \/><\/p>\n<h1>Technique<\/h1>\n<p class=\"firstpara\"><strong>Un bon dessin de pi\u00e8ce moul\u00e9e sous pression est celui qui permet de r\u00e9aliser une production rapide \u00e0 taux de d\u00e9chets faible. La conception doit \u00e9galement permettre aux bavures d&rsquo;\u00eatre facilement \u00e9limin\u00e9es. Les produits moul\u00e9s sous pressions qui sont destin\u00e9s \u00e0 des applications de d\u00e9coration doivent \u00eatre simples \u00e0 polir &#8211; et d\u00e9pourvues de r\u00e9sidus du polissage &#8211; avant de passer au placage. Ces exigences se renforcent mutuellement : les contours car\u00e9n\u00e9s en douceur et l&rsquo;absence de bords coupants, par exemple, permettent au moule d&rsquo;\u00eatre ais\u00e9ment rempli et d&rsquo;obtenir un moulage de bonne qualit\u00e9, sans oublier qu&rsquo;ils faciliteront les op\u00e9rations secondaires d&rsquo;usinage. <\/strong><\/p>\n<p>Bien que les pi\u00e8ces \u00e0 bords coupants et \u00e0 formes \u00ab carr\u00e9es \u00bb ne repr\u00e9sentent pas vraiment un probl\u00e8me pour le technicien, ce ne serait pas r\u00e9aliste de s&rsquo;attendre \u00e0 obtenir la m\u00eame qualit\u00e9 de finition de surface que celle qui peut \u00eatre obtenue lorsque la forme est plus arrondie. De plus, la quantit\u00e9 de d\u00e9chets sera certainement plus \u00e9lev\u00e9e lorsque les formes sont \u00e0 bords coupants tandis que la puissance maximale ne sera pas atteinte parce que les contraintes appliqu\u00e9es lors de la contraction sont localis\u00e9es aux angles au lieu d&rsquo;\u00eatre r\u00e9parties de fa\u00e7on uniforme \u00e0 travers la structure. Aussi, les angles aigus ext\u00e9rieurs sont des \u00e9l\u00e9ments qui augmentent les contraintes et qui ont tendance \u00e0 se fendre, faits qui r\u00e9duisent la dur\u00e9e de vie de la pi\u00e8ce.<\/p>\n<p>Les rayons \u00ab g\u00e9n\u00e9reux \u00bb et la pr\u00e9vision des r\u00e9ductions maximales de d\u00e9pouille compatibles avec la fonction de la pi\u00e8ce figurent parmi les contributions les plus pr\u00e9cieuses du dessinateur \u00e0 la production \u00e9conomiquement rentable de toute pi\u00e8ce moul\u00e9e sous pression. Les angles au rayon \u00e9lev\u00e9 diminuent la concentration de contraintes et la d\u00e9pouille ad\u00e9quate r\u00e9duit le risque de distorsion ou de contraintes suppl\u00e9mentaires, lorsque la pi\u00e8ce moul\u00e9e est \u00e9ject\u00e9e. Prendre en compte ces deux consid\u00e9rations essentielles, les pi\u00e8ces moul\u00e9es les plus compliqu\u00e9es peuvent \u00eatre produites avec succ\u00e8s. Sans elles, la pi\u00e8ce la plus simple devient la plus compliqu\u00e9e \u00e0 r\u00e9aliser.<\/p>\n<p>Des pi\u00e8ces moul\u00e9es sous pression peuvent \u00eatre produites dont la finition de la surface et la pr\u00e9cision g\u00e9om\u00e9trique sont excellentes et dont la d\u00e9pouille est minimale. Il est rare de devoir combiner toutes ces exigences, \u00e0 leur degr\u00e9 maximal, dans une seule pi\u00e8ce moul\u00e9e sous pression. Pour cette raison, ces lignes directrices couvrent des valeurs associ\u00e9es \u00e0 la vitesse, \u00e0 la production ininterrompue, \u00e0 la dur\u00e9e de vie du moulage et de l&rsquo;outil et au co\u00fbt d&rsquo;entretien raisonnable, aux co\u00fbts normaux d&rsquo;inspection, de conditionnement et de transport, Se conformer \u00e0 ces lignes directrices garantissent un service fiable et un co\u00fbt r\u00e9duit. Des exigences sp\u00e9ciales concernant la finition, la pr\u00e9cision g\u00e9om\u00e9trique, etc., qui vont au-del\u00e0 de ces lignes directrices peuvent \u00eatre pr\u00e9cis\u00e9es lorsque cela est requis. En consultant NORFRAN, ces exigences peuvent \u00eatre incorpor\u00e9es \u00e0 un co\u00fbt suppl\u00e9mentaire minimal.<\/p>\n<p>&nbsp;<\/p>","protected":false},"excerpt":{"rendered":"<p>Technique Un bon dessin de pi\u00e8ce moul\u00e9e sous pression est celui qui permet de r\u00e9aliser une production rapide \u00e0 taux de d\u00e9chets faible. La conception doit \u00e9galement permettre aux bavures d&rsquo;\u00eatre facilement \u00e9limin\u00e9es. Les produits moul\u00e9s sous pressions qui sont destin\u00e9s \u00e0 des applications de d\u00e9coration doivent \u00eatre simples \u00e0 polir &#8211; et d\u00e9pourvues de r\u00e9sidus du polissage &#8211; avant de passer au placage. Ces exigences se renforcent mutuellement : les contours car\u00e9n\u00e9s en douceur et l&rsquo;absence de bords coupants,&hellip;<\/p>\n","protected":false},"author":2,"featured_media":0,"parent":0,"menu_order":0,"comment_status":"closed","ping_status":"closed","template":"","meta":{"footnotes":""},"class_list":["post-2166","page","type-page","status-publish","hentry"],"yoast_head":"<!-- This site is optimized with the Yoast SEO plugin v27.4 - https:\/\/yoast.com\/product\/yoast-seo-wordpress\/ -->\n<title>Technique - Norfran Limited<\/title>\n<meta name=\"robots\" content=\"noindex, follow, max-snippet:-1, max-image-preview:large, max-video-preview:-1\" \/>\n<meta property=\"og:locale\" content=\"fr_FR\" \/>\n<meta property=\"og:type\" content=\"article\" \/>\n<meta property=\"og:title\" content=\"Technique - Norfran Limited\" \/>\n<meta property=\"og:description\" content=\"Technique Un bon dessin de pi\u00e8ce moul\u00e9e sous pression est celui qui permet de r\u00e9aliser une production rapide \u00e0 taux de d\u00e9chets faible. La conception doit \u00e9galement permettre aux bavures d&rsquo;\u00eatre facilement \u00e9limin\u00e9es. Les produits moul\u00e9s sous pressions qui sont destin\u00e9s \u00e0 des applications de d\u00e9coration doivent \u00eatre simples \u00e0 polir &#8211; et d\u00e9pourvues de r\u00e9sidus du polissage &#8211; avant de passer au placage. Ces exigences se renforcent mutuellement : les contours car\u00e9n\u00e9s en douceur et l&rsquo;absence de bords coupants,&hellip;\" \/>\n<meta property=\"og:url\" content=\"https:\/\/staging.norfran.co.uk\/technical\/\" \/>\n<meta property=\"og:site_name\" content=\"Norfran Limited\" \/>\n<meta property=\"article:modified_time\" content=\"2017-07-12T11:22:03+00:00\" \/>\n<meta property=\"og:image\" content=\"https:\/\/staging.norfran.co.uk\/wp-content\/uploads\/2013\/09\/technical.jpg\" \/>\n<meta name=\"twitter:card\" content=\"summary_large_image\" \/>\n<meta name=\"twitter:label1\" content=\"Dur\u00e9e de lecture estim\u00e9e\" \/>\n\t<meta name=\"twitter:data1\" content=\"9 minutes\" \/>\n<script type=\"application\/ld+json\" class=\"yoast-schema-graph\">{\"@context\":\"https:\\\/\\\/schema.org\",\"@graph\":[{\"@type\":\"WebPage\",\"@id\":\"https:\\\/\\\/staging.norfran.co.uk\\\/technical\\\/\",\"url\":\"https:\\\/\\\/staging.norfran.co.uk\\\/technical\\\/\",\"name\":\"[:en]Technical[:de]Technik[:fr]Technique[:es]T\u00e9cnica[:] - Norfran Limited\",\"isPartOf\":{\"@id\":\"https:\\\/\\\/staging.norfran.co.uk\\\/#website\"},\"primaryImageOfPage\":{\"@id\":\"https:\\\/\\\/staging.norfran.co.uk\\\/technical\\\/#primaryimage\"},\"image\":{\"@id\":\"https:\\\/\\\/staging.norfran.co.uk\\\/technical\\\/#primaryimage\"},\"thumbnailUrl\":\"https:\\\/\\\/staging.norfran.co.uk\\\/wp-content\\\/uploads\\\/2013\\\/09\\\/technical.jpg\",\"datePublished\":\"2017-05-25T11:21:46+00:00\",\"dateModified\":\"2017-07-12T11:22:03+00:00\",\"breadcrumb\":{\"@id\":\"https:\\\/\\\/staging.norfran.co.uk\\\/technical\\\/#breadcrumb\"},\"inLanguage\":\"fr-FR\",\"potentialAction\":[{\"@type\":\"ReadAction\",\"target\":[\"https:\\\/\\\/staging.norfran.co.uk\\\/technical\\\/\"]}]},{\"@type\":\"ImageObject\",\"inLanguage\":\"fr-FR\",\"@id\":\"https:\\\/\\\/staging.norfran.co.uk\\\/technical\\\/#primaryimage\",\"url\":\"https:\\\/\\\/staging.norfran.co.uk\\\/wp-content\\\/uploads\\\/2013\\\/09\\\/technical.jpg\",\"contentUrl\":\"https:\\\/\\\/staging.norfran.co.uk\\\/wp-content\\\/uploads\\\/2013\\\/09\\\/technical.jpg\"},{\"@type\":\"BreadcrumbList\",\"@id\":\"https:\\\/\\\/staging.norfran.co.uk\\\/technical\\\/#breadcrumb\",\"itemListElement\":[{\"@type\":\"ListItem\",\"position\":1,\"name\":\"Home\",\"item\":\"https:\\\/\\\/staging.norfran.co.uk\\\/\"},{\"@type\":\"ListItem\",\"position\":2,\"name\":\"Technical\"}]},{\"@type\":\"WebSite\",\"@id\":\"https:\\\/\\\/staging.norfran.co.uk\\\/#website\",\"url\":\"https:\\\/\\\/staging.norfran.co.uk\\\/\",\"name\":\"Norfran Limited\",\"description\":\"Precision Aluminium and Zinc Diecasters\",\"potentialAction\":[{\"@type\":\"SearchAction\",\"target\":{\"@type\":\"EntryPoint\",\"urlTemplate\":\"https:\\\/\\\/staging.norfran.co.uk\\\/?s={search_term_string}\"},\"query-input\":{\"@type\":\"PropertyValueSpecification\",\"valueRequired\":true,\"valueName\":\"search_term_string\"}}],\"inLanguage\":\"fr-FR\"}]}<\/script>\n<!-- \/ Yoast SEO plugin. -->","yoast_head_json":{"title":"Technique - Norfran Limited","robots":{"index":"noindex","follow":"follow","max-snippet":"max-snippet:-1","max-image-preview":"max-image-preview:large","max-video-preview":"max-video-preview:-1"},"og_locale":"fr_FR","og_type":"article","og_title":"Technique - Norfran Limited","og_description":"Technique Un bon dessin de pi\u00e8ce moul\u00e9e sous pression est celui qui permet de r\u00e9aliser une production rapide \u00e0 taux de d\u00e9chets faible. La conception doit \u00e9galement permettre aux bavures d&rsquo;\u00eatre facilement \u00e9limin\u00e9es. Les produits moul\u00e9s sous pressions qui sont destin\u00e9s \u00e0 des applications de d\u00e9coration doivent \u00eatre simples \u00e0 polir &#8211; et d\u00e9pourvues de r\u00e9sidus du polissage &#8211; avant de passer au placage. Ces exigences se renforcent mutuellement : les contours car\u00e9n\u00e9s en douceur et l&rsquo;absence de bords coupants,&hellip;","og_url":"https:\/\/staging.norfran.co.uk\/technical\/","og_site_name":"Norfran Limited","article_modified_time":"2017-07-12T11:22:03+00:00","og_image":[{"url":"https:\/\/staging.norfran.co.uk\/wp-content\/uploads\/2013\/09\/technical.jpg","type":"","width":"","height":""}],"twitter_card":"summary_large_image","twitter_misc":{"Dur\u00e9e de lecture estim\u00e9e":"9 minutes"},"schema":{"@context":"https:\/\/schema.org","@graph":[{"@type":"WebPage","@id":"https:\/\/staging.norfran.co.uk\/technical\/","url":"https:\/\/staging.norfran.co.uk\/technical\/","name":"[:en]Technical[:de]Technik[:fr]Technique[:es]T\u00e9cnica[:] - Norfran Limited","isPartOf":{"@id":"https:\/\/staging.norfran.co.uk\/#website"},"primaryImageOfPage":{"@id":"https:\/\/staging.norfran.co.uk\/technical\/#primaryimage"},"image":{"@id":"https:\/\/staging.norfran.co.uk\/technical\/#primaryimage"},"thumbnailUrl":"https:\/\/staging.norfran.co.uk\/wp-content\/uploads\/2013\/09\/technical.jpg","datePublished":"2017-05-25T11:21:46+00:00","dateModified":"2017-07-12T11:22:03+00:00","breadcrumb":{"@id":"https:\/\/staging.norfran.co.uk\/technical\/#breadcrumb"},"inLanguage":"fr-FR","potentialAction":[{"@type":"ReadAction","target":["https:\/\/staging.norfran.co.uk\/technical\/"]}]},{"@type":"ImageObject","inLanguage":"fr-FR","@id":"https:\/\/staging.norfran.co.uk\/technical\/#primaryimage","url":"https:\/\/staging.norfran.co.uk\/wp-content\/uploads\/2013\/09\/technical.jpg","contentUrl":"https:\/\/staging.norfran.co.uk\/wp-content\/uploads\/2013\/09\/technical.jpg"},{"@type":"BreadcrumbList","@id":"https:\/\/staging.norfran.co.uk\/technical\/#breadcrumb","itemListElement":[{"@type":"ListItem","position":1,"name":"Home","item":"https:\/\/staging.norfran.co.uk\/"},{"@type":"ListItem","position":2,"name":"Technical"}]},{"@type":"WebSite","@id":"https:\/\/staging.norfran.co.uk\/#website","url":"https:\/\/staging.norfran.co.uk\/","name":"Norfran Limited","description":"Precision Aluminium and Zinc Diecasters","potentialAction":[{"@type":"SearchAction","target":{"@type":"EntryPoint","urlTemplate":"https:\/\/staging.norfran.co.uk\/?s={search_term_string}"},"query-input":{"@type":"PropertyValueSpecification","valueRequired":true,"valueName":"search_term_string"}}],"inLanguage":"fr-FR"}]}},"_links":{"self":[{"href":"https:\/\/staging.norfran.co.uk\/fr\/wp-json\/wp\/v2\/pages\/2166","targetHints":{"allow":["GET"]}}],"collection":[{"href":"https:\/\/staging.norfran.co.uk\/fr\/wp-json\/wp\/v2\/pages"}],"about":[{"href":"https:\/\/staging.norfran.co.uk\/fr\/wp-json\/wp\/v2\/types\/page"}],"author":[{"embeddable":true,"href":"https:\/\/staging.norfran.co.uk\/fr\/wp-json\/wp\/v2\/users\/2"}],"replies":[{"embeddable":true,"href":"https:\/\/staging.norfran.co.uk\/fr\/wp-json\/wp\/v2\/comments?post=2166"}],"version-history":[{"count":0,"href":"https:\/\/staging.norfran.co.uk\/fr\/wp-json\/wp\/v2\/pages\/2166\/revisions"}],"wp:attachment":[{"href":"https:\/\/staging.norfran.co.uk\/fr\/wp-json\/wp\/v2\/media?parent=2166"}],"curies":[{"name":"wp","href":"https:\/\/api.w.org\/{rel}","templated":true}]}}