{"id":2,"date":"2017-05-25T10:47:22","date_gmt":"2017-05-25T10:47:22","guid":{"rendered":"http:\/\/pressurediecasting.co.uk\/?page_id=2"},"modified":"2022-03-17T11:58:09","modified_gmt":"2022-03-17T11:58:09","slug":"corporate","status":"publish","type":"page","link":"https:\/\/staging.norfran.co.uk\/fr\/corporate\/","title":{"rendered":"Corporate"},"content":{"rendered":"<p><img decoding=\"async\" class=\"alignnone size-full wp-image-2253 lazyload\" data-src=\"https:\/\/staging.norfran.co.uk\/wp-content\/uploads\/2017\/05\/corporate.jpg\" alt=\"Corporate\" width=\"100%\" data-srcset=\"https:\/\/staging.norfran.co.uk\/wp-content\/uploads\/2017\/05\/corporate.jpg 1400w, https:\/\/staging.norfran.co.uk\/wp-content\/uploads\/2017\/05\/corporate-300x47.jpg 300w, https:\/\/staging.norfran.co.uk\/wp-content\/uploads\/2017\/05\/corporate-768x121.jpg 768w, https:\/\/staging.norfran.co.uk\/wp-content\/uploads\/2017\/05\/corporate-1024x161.jpg 1024w\" data-sizes=\"auto\" src=\"data:image\/svg+xml;base64,PHN2ZyB3aWR0aD0iMSIgaGVpZ2h0PSIxIiB4bWxucz0iaHR0cDovL3d3dy53My5vcmcvMjAwMC9zdmciPjwvc3ZnPg==\" style=\"--smush-placeholder-width: 1400px; --smush-placeholder-aspect-ratio: 1400\/220;\" data-original-sizes=\"(max-width: 1400px) 100vw, 1400px\" \/><\/p>\n<h2>Qui sommes-nous<\/h2>\n<p>Norfran Ltd a \u00e9t\u00e9 fond\u00e9e pour produire des produits en aluminium et en zinc moul\u00e9s sous haute pression pour une large gamme d&rsquo;industries et de produits finis.<\/p>\n<p>Norfran Ltd est devenue l&rsquo;un des principaux fabricants ind\u00e9pendants de produits moul\u00e9s sous pression du Royaume-Uni.<\/p>\n<p>Dot\u00e9e d&rsquo;installations de 6000 m\u00e8tres carr\u00e9s \u00e0 North Shields, Norfran est id\u00e9alement situ\u00e9e sur l&rsquo;axe A1, ce qui lui permet d&rsquo;acc\u00e9der facilement \u00e0 toutes les r\u00e9gions du Royaume-Uni.<\/p>\n<p>Notre philosophie en mati\u00e8re de gestion consiste \u00e0 anticiper les exigences de nos clients et \u00e0 fournir un service int\u00e9gral afin de r\u00e9pondre \u00e0 leurs besoins. Norfran est une entreprise engag\u00e9e en mati\u00e8re d&rsquo;am\u00e9lioration continue et de r\u00e9duction des d\u00e9chets.<\/p>\n<h2>Notre Vision<\/h2>\n<p>L&rsquo;objectif de Norfran est d&rsquo;\u00eatre le fournisseur de premier choix de produits en aluminium moul\u00e9s sous pression et de services techniques de qualit\u00e9 sup\u00e9rieure.<\/p>\n<h2>Notre Mission<\/h2>\n<p>Norfran s&rsquo;engage \u00e0 r\u00e9pondre aux besoins de ses clients en faisant preuve d&rsquo;une fiabilit\u00e9 et d&rsquo;une efficacit\u00e9 sans \u00e9gal.<\/p>\n<h2>Quelle est notre personnalit\u00e9 ?<\/h2>\n<p>D\u00e9termin\u00e9s<br \/>\nGagnants<br \/>\nEfficaces<br \/>\nServiables<\/p>\n<h2>Quelles sont nos valeurs ?<\/h2>\n<p>Engagement<br \/>\nDiversit\u00e9<br \/>\nR\u00e9activit\u00e9<br \/>\nInnovation<\/p>\n<p><img decoding=\"async\" class=\"alignnone wp-image-16617 size-full lazyload\" data-src=\"https:\/\/staging.norfran.co.uk\/wp-content\/uploads\/2022\/03\/Best-of-British-Casting-Logo-e1647518210483.jpg\" alt=\"\" width=\"292\" height=\"80\" src=\"data:image\/svg+xml;base64,PHN2ZyB3aWR0aD0iMSIgaGVpZ2h0PSIxIiB4bWxucz0iaHR0cDovL3d3dy53My5vcmcvMjAwMC9zdmciPjwvc3ZnPg==\" style=\"--smush-placeholder-width: 292px; --smush-placeholder-aspect-ratio: 292\/80;\" \/>\u00a0 \u00a0<img decoding=\"async\" class=\"alignnone wp-image-16618 lazyload\" data-src=\"https:\/\/staging.norfran.co.uk\/wp-content\/uploads\/2022\/03\/cast-metals-federation-Logo.jpg\" alt=\"\" width=\"233\" height=\"80\" src=\"data:image\/svg+xml;base64,PHN2ZyB3aWR0aD0iMSIgaGVpZ2h0PSIxIiB4bWxucz0iaHR0cDovL3d3dy53My5vcmcvMjAwMC9zdmciPjwvc3ZnPg==\" style=\"--smush-placeholder-width: 233px; --smush-placeholder-aspect-ratio: 233\/80;\" \/><\/p>","protected":false},"excerpt":{"rendered":"<p>Qui sommes-nous Norfran Ltd a \u00e9t\u00e9 fond\u00e9e pour produire des produits en aluminium et en zinc moul\u00e9s sous haute pression pour une large gamme d&rsquo;industries et de produits finis. Norfran Ltd est devenue l&rsquo;un des principaux fabricants ind\u00e9pendants de produits moul\u00e9s sous pression du Royaume-Uni. Dot\u00e9e d&rsquo;installations de 6000 m\u00e8tres carr\u00e9s \u00e0 North Shields, Norfran est id\u00e9alement situ\u00e9e sur l&rsquo;axe A1, ce qui lui permet d&rsquo;acc\u00e9der facilement \u00e0 toutes les r\u00e9gions du Royaume-Uni. Notre philosophie en mati\u00e8re de gestion consiste&hellip;<\/p>\n","protected":false},"author":2,"featured_media":0,"parent":0,"menu_order":0,"comment_status":"closed","ping_status":"closed","template":"","meta":{"footnotes":""},"class_list":["post-2","page","type-page","status-publish","hentry"],"yoast_head":"<!-- This site is optimized with the Yoast SEO plugin v27.4 - https:\/\/yoast.com\/product\/yoast-seo-wordpress\/ -->\n<title>Corporate - Norfran Limited<\/title>\n<meta name=\"robots\" content=\"noindex, follow, max-snippet:-1, max-image-preview:large, max-video-preview:-1\" \/>\n<meta property=\"og:locale\" content=\"fr_FR\" \/>\n<meta property=\"og:type\" content=\"article\" \/>\n<meta property=\"og:title\" content=\"Corporate - Norfran Limited\" \/>\n<meta property=\"og:description\" content=\"Qui sommes-nous Norfran Ltd a \u00e9t\u00e9 fond\u00e9e pour produire des produits en aluminium et en zinc moul\u00e9s sous haute pression pour une large gamme d&rsquo;industries et de produits finis. Norfran Ltd est devenue l&rsquo;un des principaux fabricants ind\u00e9pendants de produits moul\u00e9s sous pression du Royaume-Uni. Dot\u00e9e d&rsquo;installations de 6000 m\u00e8tres carr\u00e9s \u00e0 North Shields, Norfran est id\u00e9alement situ\u00e9e sur l&rsquo;axe A1, ce qui lui permet d&rsquo;acc\u00e9der facilement \u00e0 toutes les r\u00e9gions du Royaume-Uni. Notre philosophie en mati\u00e8re de gestion consiste&hellip;\" \/>\n<meta property=\"og:url\" content=\"https:\/\/staging.norfran.co.uk\/corporate\/\" \/>\n<meta property=\"og:site_name\" content=\"Norfran Limited\" \/>\n<meta property=\"article:modified_time\" content=\"2022-03-17T11:58:09+00:00\" \/>\n<meta property=\"og:image\" content=\"https:\/\/staging.norfran.co.uk\/wp-content\/uploads\/2017\/05\/corporate.jpg\" \/>\n<meta name=\"twitter:card\" content=\"summary_large_image\" \/>\n<meta name=\"twitter:label1\" content=\"Dur\u00e9e de lecture estim\u00e9e\" \/>\n\t<meta name=\"twitter:data1\" content=\"2 minutes\" \/>\n<script type=\"application\/ld+json\" class=\"yoast-schema-graph\">{\"@context\":\"https:\\\/\\\/schema.org\",\"@graph\":[{\"@type\":\"WebPage\",\"@id\":\"https:\\\/\\\/staging.norfran.co.uk\\\/corporate\\\/\",\"url\":\"https:\\\/\\\/staging.norfran.co.uk\\\/corporate\\\/\",\"name\":\"Corporate - Norfran Limited\",\"isPartOf\":{\"@id\":\"https:\\\/\\\/staging.norfran.co.uk\\\/#website\"},\"primaryImageOfPage\":{\"@id\":\"https:\\\/\\\/staging.norfran.co.uk\\\/corporate\\\/#primaryimage\"},\"image\":{\"@id\":\"https:\\\/\\\/staging.norfran.co.uk\\\/corporate\\\/#primaryimage\"},\"thumbnailUrl\":\"https:\\\/\\\/staging.norfran.co.uk\\\/wp-content\\\/uploads\\\/2017\\\/05\\\/corporate.jpg\",\"datePublished\":\"2017-05-25T10:47:22+00:00\",\"dateModified\":\"2022-03-17T11:58:09+00:00\",\"breadcrumb\":{\"@id\":\"https:\\\/\\\/staging.norfran.co.uk\\\/corporate\\\/#breadcrumb\"},\"inLanguage\":\"fr-FR\",\"potentialAction\":[{\"@type\":\"ReadAction\",\"target\":[\"https:\\\/\\\/staging.norfran.co.uk\\\/corporate\\\/\"]}]},{\"@type\":\"ImageObject\",\"inLanguage\":\"fr-FR\",\"@id\":\"https:\\\/\\\/staging.norfran.co.uk\\\/corporate\\\/#primaryimage\",\"url\":\"https:\\\/\\\/staging.norfran.co.uk\\\/wp-content\\\/uploads\\\/2017\\\/05\\\/corporate.jpg\",\"contentUrl\":\"https:\\\/\\\/staging.norfran.co.uk\\\/wp-content\\\/uploads\\\/2017\\\/05\\\/corporate.jpg\"},{\"@type\":\"BreadcrumbList\",\"@id\":\"https:\\\/\\\/staging.norfran.co.uk\\\/corporate\\\/#breadcrumb\",\"itemListElement\":[{\"@type\":\"ListItem\",\"position\":1,\"name\":\"Home\",\"item\":\"https:\\\/\\\/staging.norfran.co.uk\\\/\"},{\"@type\":\"ListItem\",\"position\":2,\"name\":\"Corporate\"}]},{\"@type\":\"WebSite\",\"@id\":\"https:\\\/\\\/staging.norfran.co.uk\\\/#website\",\"url\":\"https:\\\/\\\/staging.norfran.co.uk\\\/\",\"name\":\"Norfran Limited\",\"description\":\"Precision Aluminium and Zinc Diecasters\",\"potentialAction\":[{\"@type\":\"SearchAction\",\"target\":{\"@type\":\"EntryPoint\",\"urlTemplate\":\"https:\\\/\\\/staging.norfran.co.uk\\\/?s={search_term_string}\"},\"query-input\":{\"@type\":\"PropertyValueSpecification\",\"valueRequired\":true,\"valueName\":\"search_term_string\"}}],\"inLanguage\":\"fr-FR\"}]}<\/script>\n<!-- \/ Yoast SEO plugin. -->","yoast_head_json":{"title":"Corporate - Norfran Limited","robots":{"index":"noindex","follow":"follow","max-snippet":"max-snippet:-1","max-image-preview":"max-image-preview:large","max-video-preview":"max-video-preview:-1"},"og_locale":"fr_FR","og_type":"article","og_title":"Corporate - Norfran Limited","og_description":"Qui sommes-nous Norfran Ltd a \u00e9t\u00e9 fond\u00e9e pour produire des produits en aluminium et en zinc moul\u00e9s sous haute pression pour une large gamme d&rsquo;industries et de produits finis. Norfran Ltd est devenue l&rsquo;un des principaux fabricants ind\u00e9pendants de produits moul\u00e9s sous pression du Royaume-Uni. Dot\u00e9e d&rsquo;installations de 6000 m\u00e8tres carr\u00e9s \u00e0 North Shields, Norfran est id\u00e9alement situ\u00e9e sur l&rsquo;axe A1, ce qui lui permet d&rsquo;acc\u00e9der facilement \u00e0 toutes les r\u00e9gions du Royaume-Uni. Notre philosophie en mati\u00e8re de gestion consiste&hellip;","og_url":"https:\/\/staging.norfran.co.uk\/corporate\/","og_site_name":"Norfran Limited","article_modified_time":"2022-03-17T11:58:09+00:00","og_image":[{"url":"https:\/\/staging.norfran.co.uk\/wp-content\/uploads\/2017\/05\/corporate.jpg","type":"","width":"","height":""}],"twitter_card":"summary_large_image","twitter_misc":{"Dur\u00e9e de lecture estim\u00e9e":"2 minutes"},"schema":{"@context":"https:\/\/schema.org","@graph":[{"@type":"WebPage","@id":"https:\/\/staging.norfran.co.uk\/corporate\/","url":"https:\/\/staging.norfran.co.uk\/corporate\/","name":"Corporate - Norfran Limited","isPartOf":{"@id":"https:\/\/staging.norfran.co.uk\/#website"},"primaryImageOfPage":{"@id":"https:\/\/staging.norfran.co.uk\/corporate\/#primaryimage"},"image":{"@id":"https:\/\/staging.norfran.co.uk\/corporate\/#primaryimage"},"thumbnailUrl":"https:\/\/staging.norfran.co.uk\/wp-content\/uploads\/2017\/05\/corporate.jpg","datePublished":"2017-05-25T10:47:22+00:00","dateModified":"2022-03-17T11:58:09+00:00","breadcrumb":{"@id":"https:\/\/staging.norfran.co.uk\/corporate\/#breadcrumb"},"inLanguage":"fr-FR","potentialAction":[{"@type":"ReadAction","target":["https:\/\/staging.norfran.co.uk\/corporate\/"]}]},{"@type":"ImageObject","inLanguage":"fr-FR","@id":"https:\/\/staging.norfran.co.uk\/corporate\/#primaryimage","url":"https:\/\/staging.norfran.co.uk\/wp-content\/uploads\/2017\/05\/corporate.jpg","contentUrl":"https:\/\/staging.norfran.co.uk\/wp-content\/uploads\/2017\/05\/corporate.jpg"},{"@type":"BreadcrumbList","@id":"https:\/\/staging.norfran.co.uk\/corporate\/#breadcrumb","itemListElement":[{"@type":"ListItem","position":1,"name":"Home","item":"https:\/\/staging.norfran.co.uk\/"},{"@type":"ListItem","position":2,"name":"Corporate"}]},{"@type":"WebSite","@id":"https:\/\/staging.norfran.co.uk\/#website","url":"https:\/\/staging.norfran.co.uk\/","name":"Norfran Limited","description":"Precision Aluminium and Zinc Diecasters","potentialAction":[{"@type":"SearchAction","target":{"@type":"EntryPoint","urlTemplate":"https:\/\/staging.norfran.co.uk\/?s={search_term_string}"},"query-input":{"@type":"PropertyValueSpecification","valueRequired":true,"valueName":"search_term_string"}}],"inLanguage":"fr-FR"}]}},"_links":{"self":[{"href":"https:\/\/staging.norfran.co.uk\/fr\/wp-json\/wp\/v2\/pages\/2","targetHints":{"allow":["GET"]}}],"collection":[{"href":"https:\/\/staging.norfran.co.uk\/fr\/wp-json\/wp\/v2\/pages"}],"about":[{"href":"https:\/\/staging.norfran.co.uk\/fr\/wp-json\/wp\/v2\/types\/page"}],"author":[{"embeddable":true,"href":"https:\/\/staging.norfran.co.uk\/fr\/wp-json\/wp\/v2\/users\/2"}],"replies":[{"embeddable":true,"href":"https:\/\/staging.norfran.co.uk\/fr\/wp-json\/wp\/v2\/comments?post=2"}],"version-history":[{"count":0,"href":"https:\/\/staging.norfran.co.uk\/fr\/wp-json\/wp\/v2\/pages\/2\/revisions"}],"wp:attachment":[{"href":"https:\/\/staging.norfran.co.uk\/fr\/wp-json\/wp\/v2\/media?parent=2"}],"curies":[{"name":"wp","href":"https:\/\/api.w.org\/{rel}","templated":true}]}}