{"id":1811,"date":"2013-09-30T10:48:19","date_gmt":"2013-09-30T10:48:19","guid":{"rendered":"http:\/\/demo.cpothemes.com\/scenica\/?page_id=1806"},"modified":"2017-07-07T11:47:57","modified_gmt":"2017-07-07T11:47:57","slug":"services","status":"publish","type":"page","link":"https:\/\/staging.norfran.co.uk\/fr\/services\/","title":{"rendered":"Services"},"content":{"rendered":"<p><img decoding=\"async\" class=\"alignnone size-full wp-image-2258 lazyload\" data-src=\"https:\/\/staging.norfran.co.uk\/wp-content\/uploads\/2013\/09\/services.jpg\" alt=\"Services\" width=\"100%\" height=\"220\" data-srcset=\"https:\/\/staging.norfran.co.uk\/wp-content\/uploads\/2013\/09\/services.jpg 1400w, https:\/\/staging.norfran.co.uk\/wp-content\/uploads\/2013\/09\/services-300x47.jpg 300w, https:\/\/staging.norfran.co.uk\/wp-content\/uploads\/2013\/09\/services-768x121.jpg 768w, https:\/\/staging.norfran.co.uk\/wp-content\/uploads\/2013\/09\/services-1024x161.jpg 1024w\" data-sizes=\"auto\" src=\"data:image\/svg+xml;base64,PHN2ZyB3aWR0aD0iMSIgaGVpZ2h0PSIxIiB4bWxucz0iaHR0cDovL3d3dy53My5vcmcvMjAwMC9zdmciPjwvc3ZnPg==\" style=\"--smush-placeholder-width: 1400px; --smush-placeholder-aspect-ratio: 1400\/220;\" data-original-sizes=\"(max-width: 1400px) 100vw, 1400px\" \/><\/p>\n<p class=\"firstpara\"><strong>Chez Norfran Ltd nous sommes sp\u00e9cialis\u00e9s \u00e0 100 % dans la fabrication de produits moul\u00e9s sous pression en alliage d&rsquo;aluminium et de zinc.<\/strong><\/p>\n<p class=\"firstpara\"><strong>Le d\u00e9partement des Produits moul\u00e9s sous pression est approvisionn\u00e9 en alliage liquide par la zone de fusion en gros qui compte trois nouveaux fours Striko MH \u00e0 haut rendement enti\u00e8rement automatis\u00e9s pouvant produire 4 tonnes d&rsquo;alliage par heure.<\/strong><\/p>\n<h2>Conception et gestion de projet<\/h2>\n<p>En plus de la conception du moule, nous collaborons \u00e9troitement avec nos clients pour les assister dans la conception de leur composant. Nous proposons \u00e0 nos clients des services totalement int\u00e9gr\u00e9s. La conception en vue de la fabrication est un des points forts de Norfran. Notre infrastructure nous permet de prendre en charge les formats CAO 3D et 2D. Nous pouvons m\u00eame vous procurer rapidement des prototypes et produisons des moules de type soft tooling pour le prototypage des pi\u00e8ces.<\/p>\n<h2>Produits moul\u00e9s sous pression<\/h2>\n<p>Nous mettons \u00e0 profit notre gamme \u00e9tendue de machines pour offrir une flexibilit\u00e9 de production remarquable. Nos machines s&rsquo;adaptent \u00e0 la fabrication de diff\u00e9rentes formes et tailles de moulages.<\/p>\n<p>Norfran poss\u00e8de une exp\u00e9rience \u00e9tendue dans la fabrication de pi\u00e8ces \u00e9tanches \u00e0 la pression et de celles comprenant des parties moul\u00e9es int\u00e9gr\u00e9es, telles que les pi\u00e8ces de fixation, les paliers, voire les composants \u00e9lectriques.<\/p>\n<p>Norfran a suivi un vaste programme d&rsquo;investissement qui a abouti \u00e0 l&rsquo;automatisation compl\u00e8te de 10 unit\u00e9s de coul\u00e9e sous pression, \u00e9quip\u00e9es de robots de transfert \u00e0 6 axes, de robots de transfert \u00e0 3 axes et de pulv\u00e9risateurs CNC \u00e0 2 axes ultramodernes. Nos unit\u00e9s de coul\u00e9e sous pression robotis\u00e9es sont g\u00e9n\u00e9ralement utilis\u00e9es pour les lots de fabrication de gros volumes. Le reste de nos installations, les unit\u00e9s semi-automatiques, r\u00e9pondent aux besoins de volumes de production moins \u00e9lev\u00e9s.<\/p>\n<h2>Finition des produits moul\u00e9s sous pression<\/h2>\n<p>Le d\u00e9partement des finitions de Norfran a \u00e9galement fait l&rsquo;objet d&rsquo;un programme d&rsquo;investissement important. La qualit\u00e9 est maintenue constante gr\u00e2ce \u00e0 la formation et \u00e0 la s\u00e9lection du personnel sp\u00e9cialis\u00e9. 48 % des employ\u00e9s de Norfran font partie de l&rsquo;entreprise depuis 15 ans ou plus.<\/p>\n<p>Pour l&rsquo;impl\u00e9mentation de nos techniques de finition plus traditionnelles, nous avons investi dans un syst\u00e8me de finition enti\u00e8rement automatis\u00e9 qui r\u00e9alise l&rsquo;\u00e9bavurage par vibrations, le nettoyage et le s\u00e9chage.<\/p>\n<p>Parmi les autres proc\u00e9d\u00e9s disponibles sur place figurent l&rsquo;atelier d&rsquo;usinage CNC (poste de travail vertical et tour CNC), le grenaillage sph\u00e9rique, le per\u00e7age multibroches et le taraudage, l&rsquo;assemblage de gros volumes et la d\u00e9tection automatique de fuites cl\u00e9 en main, l&rsquo;essai de d\u00e9gradation \u00e0 la pression.<\/p>\n<h2>Externalisation et logistique<\/h2>\n<p>Nous fournissons de pr\u00e9f\u00e9rence des produits totalement finis et poss\u00e9dons donc une grande exp\u00e9rience. Nous sommes en mesure de fournir et de de g\u00e9rer des proc\u00e9d\u00e9s plus sp\u00e9cialis\u00e9s tels que le rev\u00eatement par pulv\u00e9risation, le pistolage humide, le placage et le polissage. Encore une preuve que Norfran Ltd est pr\u00eat \u00e0 se surpasser pour r\u00e9pondre aux besoins de ses clients.<\/p>\n<p>Les pi\u00e8ces moul\u00e9es et les produits finis peuvent \u00eatre fabriqu\u00e9s et livr\u00e9s selon les m\u00e9thodes kanban, JAT, commande unique ou par lots planifi\u00e9s. Le transport peut \u00eatre effectu\u00e9 par la flotte de Norfran, via le transporteur choisi par le client ou par les v\u00e9hicules du client<\/p>","protected":false},"excerpt":{"rendered":"<p>Chez Norfran Ltd nous sommes sp\u00e9cialis\u00e9s \u00e0 100 % dans la fabrication de produits moul\u00e9s sous pression en alliage d&rsquo;aluminium et de zinc. Le d\u00e9partement des Produits moul\u00e9s sous pression est approvisionn\u00e9 en alliage liquide par la zone de fusion en gros qui compte trois nouveaux fours Striko MH \u00e0 haut rendement enti\u00e8rement automatis\u00e9s pouvant produire 4 tonnes d&rsquo;alliage par heure. Conception et gestion de projet En plus de la conception du moule, nous collaborons \u00e9troitement avec nos clients pour&hellip;<\/p>\n","protected":false},"author":2,"featured_media":0,"parent":0,"menu_order":0,"comment_status":"closed","ping_status":"closed","template":"","meta":{"footnotes":""},"class_list":["post-1811","page","type-page","status-publish","hentry"],"yoast_head":"<!-- This site is optimized with the Yoast SEO plugin v27.4 - https:\/\/yoast.com\/product\/yoast-seo-wordpress\/ -->\n<title>Services - Norfran Limited<\/title>\n<meta name=\"robots\" content=\"noindex, follow, max-snippet:-1, max-image-preview:large, max-video-preview:-1\" \/>\n<meta property=\"og:locale\" content=\"fr_FR\" \/>\n<meta property=\"og:type\" content=\"article\" \/>\n<meta property=\"og:title\" content=\"Services - Norfran Limited\" \/>\n<meta property=\"og:description\" content=\"Chez Norfran Ltd nous sommes sp\u00e9cialis\u00e9s \u00e0 100 % dans la fabrication de produits moul\u00e9s sous pression en alliage d&rsquo;aluminium et de zinc. Le d\u00e9partement des Produits moul\u00e9s sous pression est approvisionn\u00e9 en alliage liquide par la zone de fusion en gros qui compte trois nouveaux fours Striko MH \u00e0 haut rendement enti\u00e8rement automatis\u00e9s pouvant produire 4 tonnes d&rsquo;alliage par heure. Conception et gestion de projet En plus de la conception du moule, nous collaborons \u00e9troitement avec nos clients pour&hellip;\" \/>\n<meta property=\"og:url\" content=\"https:\/\/staging.norfran.co.uk\/services\/\" \/>\n<meta property=\"og:site_name\" content=\"Norfran Limited\" \/>\n<meta property=\"article:modified_time\" content=\"2017-07-07T11:47:57+00:00\" \/>\n<meta property=\"og:image\" content=\"https:\/\/staging.norfran.co.uk\/wp-content\/uploads\/2013\/09\/services.jpg\" \/>\n<meta name=\"twitter:card\" content=\"summary_large_image\" \/>\n<meta name=\"twitter:label1\" content=\"Dur\u00e9e de lecture estim\u00e9e\" \/>\n\t<meta name=\"twitter:data1\" content=\"10 minutes\" \/>\n<script type=\"application\/ld+json\" class=\"yoast-schema-graph\">{\"@context\":\"https:\\\/\\\/schema.org\",\"@graph\":[{\"@type\":\"WebPage\",\"@id\":\"https:\\\/\\\/staging.norfran.co.uk\\\/services\\\/\",\"url\":\"https:\\\/\\\/staging.norfran.co.uk\\\/services\\\/\",\"name\":\"[:en]Services[:de]Dienstleistungen[:fr]Services[:es]Servicios[:] - Norfran Limited\",\"isPartOf\":{\"@id\":\"https:\\\/\\\/staging.norfran.co.uk\\\/#website\"},\"primaryImageOfPage\":{\"@id\":\"https:\\\/\\\/staging.norfran.co.uk\\\/services\\\/#primaryimage\"},\"image\":{\"@id\":\"https:\\\/\\\/staging.norfran.co.uk\\\/services\\\/#primaryimage\"},\"thumbnailUrl\":\"https:\\\/\\\/staging.norfran.co.uk\\\/wp-content\\\/uploads\\\/2013\\\/09\\\/services.jpg\",\"datePublished\":\"2013-09-30T10:48:19+00:00\",\"dateModified\":\"2017-07-07T11:47:57+00:00\",\"breadcrumb\":{\"@id\":\"https:\\\/\\\/staging.norfran.co.uk\\\/services\\\/#breadcrumb\"},\"inLanguage\":\"fr-FR\",\"potentialAction\":[{\"@type\":\"ReadAction\",\"target\":[\"https:\\\/\\\/staging.norfran.co.uk\\\/services\\\/\"]}]},{\"@type\":\"ImageObject\",\"inLanguage\":\"fr-FR\",\"@id\":\"https:\\\/\\\/staging.norfran.co.uk\\\/services\\\/#primaryimage\",\"url\":\"https:\\\/\\\/staging.norfran.co.uk\\\/wp-content\\\/uploads\\\/2013\\\/09\\\/services.jpg\",\"contentUrl\":\"https:\\\/\\\/staging.norfran.co.uk\\\/wp-content\\\/uploads\\\/2013\\\/09\\\/services.jpg\"},{\"@type\":\"BreadcrumbList\",\"@id\":\"https:\\\/\\\/staging.norfran.co.uk\\\/services\\\/#breadcrumb\",\"itemListElement\":[{\"@type\":\"ListItem\",\"position\":1,\"name\":\"Home\",\"item\":\"https:\\\/\\\/staging.norfran.co.uk\\\/\"},{\"@type\":\"ListItem\",\"position\":2,\"name\":\"Services\"}]},{\"@type\":\"WebSite\",\"@id\":\"https:\\\/\\\/staging.norfran.co.uk\\\/#website\",\"url\":\"https:\\\/\\\/staging.norfran.co.uk\\\/\",\"name\":\"Norfran Limited\",\"description\":\"Precision Aluminium and Zinc Diecasters\",\"potentialAction\":[{\"@type\":\"SearchAction\",\"target\":{\"@type\":\"EntryPoint\",\"urlTemplate\":\"https:\\\/\\\/staging.norfran.co.uk\\\/?s={search_term_string}\"},\"query-input\":{\"@type\":\"PropertyValueSpecification\",\"valueRequired\":true,\"valueName\":\"search_term_string\"}}],\"inLanguage\":\"fr-FR\"}]}<\/script>\n<!-- \/ Yoast SEO plugin. -->","yoast_head_json":{"title":"Services - Norfran Limited","robots":{"index":"noindex","follow":"follow","max-snippet":"max-snippet:-1","max-image-preview":"max-image-preview:large","max-video-preview":"max-video-preview:-1"},"og_locale":"fr_FR","og_type":"article","og_title":"Services - Norfran Limited","og_description":"Chez Norfran Ltd nous sommes sp\u00e9cialis\u00e9s \u00e0 100 % dans la fabrication de produits moul\u00e9s sous pression en alliage d&rsquo;aluminium et de zinc. Le d\u00e9partement des Produits moul\u00e9s sous pression est approvisionn\u00e9 en alliage liquide par la zone de fusion en gros qui compte trois nouveaux fours Striko MH \u00e0 haut rendement enti\u00e8rement automatis\u00e9s pouvant produire 4 tonnes d&rsquo;alliage par heure. Conception et gestion de projet En plus de la conception du moule, nous collaborons \u00e9troitement avec nos clients pour&hellip;","og_url":"https:\/\/staging.norfran.co.uk\/services\/","og_site_name":"Norfran Limited","article_modified_time":"2017-07-07T11:47:57+00:00","og_image":[{"url":"https:\/\/staging.norfran.co.uk\/wp-content\/uploads\/2013\/09\/services.jpg","type":"","width":"","height":""}],"twitter_card":"summary_large_image","twitter_misc":{"Dur\u00e9e de lecture estim\u00e9e":"10 minutes"},"schema":{"@context":"https:\/\/schema.org","@graph":[{"@type":"WebPage","@id":"https:\/\/staging.norfran.co.uk\/services\/","url":"https:\/\/staging.norfran.co.uk\/services\/","name":"[:en]Services[:de]Dienstleistungen[:fr]Services[:es]Servicios[:] - Norfran Limited","isPartOf":{"@id":"https:\/\/staging.norfran.co.uk\/#website"},"primaryImageOfPage":{"@id":"https:\/\/staging.norfran.co.uk\/services\/#primaryimage"},"image":{"@id":"https:\/\/staging.norfran.co.uk\/services\/#primaryimage"},"thumbnailUrl":"https:\/\/staging.norfran.co.uk\/wp-content\/uploads\/2013\/09\/services.jpg","datePublished":"2013-09-30T10:48:19+00:00","dateModified":"2017-07-07T11:47:57+00:00","breadcrumb":{"@id":"https:\/\/staging.norfran.co.uk\/services\/#breadcrumb"},"inLanguage":"fr-FR","potentialAction":[{"@type":"ReadAction","target":["https:\/\/staging.norfran.co.uk\/services\/"]}]},{"@type":"ImageObject","inLanguage":"fr-FR","@id":"https:\/\/staging.norfran.co.uk\/services\/#primaryimage","url":"https:\/\/staging.norfran.co.uk\/wp-content\/uploads\/2013\/09\/services.jpg","contentUrl":"https:\/\/staging.norfran.co.uk\/wp-content\/uploads\/2013\/09\/services.jpg"},{"@type":"BreadcrumbList","@id":"https:\/\/staging.norfran.co.uk\/services\/#breadcrumb","itemListElement":[{"@type":"ListItem","position":1,"name":"Home","item":"https:\/\/staging.norfran.co.uk\/"},{"@type":"ListItem","position":2,"name":"Services"}]},{"@type":"WebSite","@id":"https:\/\/staging.norfran.co.uk\/#website","url":"https:\/\/staging.norfran.co.uk\/","name":"Norfran Limited","description":"Precision Aluminium and Zinc Diecasters","potentialAction":[{"@type":"SearchAction","target":{"@type":"EntryPoint","urlTemplate":"https:\/\/staging.norfran.co.uk\/?s={search_term_string}"},"query-input":{"@type":"PropertyValueSpecification","valueRequired":true,"valueName":"search_term_string"}}],"inLanguage":"fr-FR"}]}},"_links":{"self":[{"href":"https:\/\/staging.norfran.co.uk\/fr\/wp-json\/wp\/v2\/pages\/1811","targetHints":{"allow":["GET"]}}],"collection":[{"href":"https:\/\/staging.norfran.co.uk\/fr\/wp-json\/wp\/v2\/pages"}],"about":[{"href":"https:\/\/staging.norfran.co.uk\/fr\/wp-json\/wp\/v2\/types\/page"}],"author":[{"embeddable":true,"href":"https:\/\/staging.norfran.co.uk\/fr\/wp-json\/wp\/v2\/users\/2"}],"replies":[{"embeddable":true,"href":"https:\/\/staging.norfran.co.uk\/fr\/wp-json\/wp\/v2\/comments?post=1811"}],"version-history":[{"count":0,"href":"https:\/\/staging.norfran.co.uk\/fr\/wp-json\/wp\/v2\/pages\/1811\/revisions"}],"wp:attachment":[{"href":"https:\/\/staging.norfran.co.uk\/fr\/wp-json\/wp\/v2\/media?parent=1811"}],"curies":[{"name":"wp","href":"https:\/\/api.w.org\/{rel}","templated":true}]}}