{"id":11219,"date":"2021-05-12T11:27:05","date_gmt":"2021-05-12T11:27:05","guid":{"rendered":"https:\/\/norfran.co.uk\/?page_id=11219"},"modified":"2024-02-01T15:48:50","modified_gmt":"2024-02-01T15:48:50","slug":"outsourcing-and-logistics","status":"publish","type":"page","link":"https:\/\/staging.norfran.co.uk\/fr\/services\/outsourcing-and-logistics\/","title":{"rendered":"Externalisation et logistique"},"content":{"rendered":"<p><img decoding=\"async\" class=\"alignnone size-full wp-image-11220 lazyload\" data-src=\"https:\/\/staging.norfran.co.uk\/wp-content\/uploads\/2021\/05\/Diecasting-Outsourcing-Logistics-3.jpg\" alt=\"\" width=\"1180\" height=\"300\" data-srcset=\"https:\/\/staging.norfran.co.uk\/wp-content\/uploads\/2021\/05\/Diecasting-Outsourcing-Logistics-3.jpg 1180w, https:\/\/staging.norfran.co.uk\/wp-content\/uploads\/2021\/05\/Diecasting-Outsourcing-Logistics-3-300x76.jpg 300w, https:\/\/staging.norfran.co.uk\/wp-content\/uploads\/2021\/05\/Diecasting-Outsourcing-Logistics-3-1024x260.jpg 1024w, https:\/\/staging.norfran.co.uk\/wp-content\/uploads\/2021\/05\/Diecasting-Outsourcing-Logistics-3-768x195.jpg 768w\" data-sizes=\"auto\" src=\"data:image\/svg+xml;base64,PHN2ZyB3aWR0aD0iMSIgaGVpZ2h0PSIxIiB4bWxucz0iaHR0cDovL3d3dy53My5vcmcvMjAwMC9zdmciPjwvc3ZnPg==\" style=\"--smush-placeholder-width: 1180px; --smush-placeholder-aspect-ratio: 1180\/300;\" data-original-sizes=\"(max-width: 1180px) 100vw, 1180px\" \/><\/p>\n<div class=\"outsource-layout\"><img decoding=\"async\" class=\"alignnone size-medium wp-image-11135 image lazyload\" data-src=\"https:\/\/staging.norfran.co.uk\/wp-content\/uploads\/2021\/05\/Outsourcing-Logistics-2-e1620227730279-295x300.jpg\" alt=\"\" width=\"295\" height=\"300\" data-srcset=\"https:\/\/staging.norfran.co.uk\/wp-content\/uploads\/2021\/05\/Outsourcing-Logistics-2-e1620227730279-295x300.jpg 295w, https:\/\/staging.norfran.co.uk\/wp-content\/uploads\/2021\/05\/Outsourcing-Logistics-2-e1620227730279.jpg 450w\" data-sizes=\"auto\" src=\"data:image\/svg+xml;base64,PHN2ZyB3aWR0aD0iMSIgaGVpZ2h0PSIxIiB4bWxucz0iaHR0cDovL3d3dy53My5vcmcvMjAwMC9zdmciPjwvc3ZnPg==\" style=\"--smush-placeholder-width: 295px; --smush-placeholder-aspect-ratio: 295\/300;\" data-original-sizes=\"(max-width: 295px) 100vw, 295px\" \/><br \/>\n<img decoding=\"async\" class=\"alignnone size-medium wp-image-11134 image lazyload\" data-src=\"https:\/\/staging.norfran.co.uk\/wp-content\/uploads\/2021\/05\/Outsourcing-Logistics-288x300.jpg\" alt=\"\" width=\"288\" height=\"300\" data-srcset=\"https:\/\/staging.norfran.co.uk\/wp-content\/uploads\/2021\/05\/Outsourcing-Logistics-288x300.jpg 288w, https:\/\/staging.norfran.co.uk\/wp-content\/uploads\/2021\/05\/Outsourcing-Logistics.jpg 600w\" data-sizes=\"auto\" src=\"data:image\/svg+xml;base64,PHN2ZyB3aWR0aD0iMSIgaGVpZ2h0PSIxIiB4bWxucz0iaHR0cDovL3d3dy53My5vcmcvMjAwMC9zdmciPjwvc3ZnPg==\" style=\"--smush-placeholder-width: 288px; --smush-placeholder-aspect-ratio: 288\/300;\" data-original-sizes=\"(max-width: 288px) 100vw, 288px\" \/><\/p>\n<div class=\"text\">\n<p>Nous livrons, dans la mesure du possible, des produits enti\u00e8rement finis et nous avons donc une vaste exp\u00e9rience et capacit\u00e9 de trouver et de g\u00e9rer des processus plus sp\u00e9cialis\u00e9s tels que le rev\u00eatement en poudre, la pulv\u00e9risation humide, le placage et le polissage. Cette volont\u00e9 d\u00e9montre clairement que Norfran est pr\u00eat \u00e0 faire tout le n\u00e9cessaire pour r\u00e9pondre pleinement aux besoins de nos clients.<\/p>\n<p>Les produits moul\u00e9s et finis peuvent \u00eatre produits et livr\u00e9s en utilisant les m\u00e9thodes KAN-BAN, JIT, par commande unique ou par quantit\u00e9s de lots planifi\u00e9es. Le transport peut \u00eatre assur\u00e9 par la propre flotte de v\u00e9hicules de Norfran, par un transporteur privil\u00e9gi\u00e9 ou les v\u00e9hicules du client.<\/p>\n<\/div>\n<\/div>\n<p><\/p>","protected":false},"excerpt":{"rendered":"<p>Nous livrons, dans la mesure du possible, des produits enti\u00e8rement finis et nous avons donc une vaste exp\u00e9rience et capacit\u00e9 de trouver et de g\u00e9rer des processus plus sp\u00e9cialis\u00e9s tels que le rev\u00eatement en poudre, la pulv\u00e9risation humide, le placage et le polissage. Cette volont\u00e9 d\u00e9montre clairement que Norfran est pr\u00eat \u00e0 faire tout le n\u00e9cessaire pour r\u00e9pondre pleinement aux besoins de nos clients. Les produits moul\u00e9s et finis peuvent \u00eatre produits et livr\u00e9s en utilisant les m\u00e9thodes KAN-BAN, JIT,&hellip;<\/p>\n","protected":false},"author":4,"featured_media":0,"parent":1811,"menu_order":0,"comment_status":"closed","ping_status":"closed","template":"","meta":{"footnotes":""},"class_list":["post-11219","page","type-page","status-publish","hentry"],"yoast_head":"<!-- This site is optimized with the Yoast SEO plugin v27.4 - https:\/\/yoast.com\/product\/yoast-seo-wordpress\/ -->\n<title>Externalisation et logistique - Norfran Limited<\/title>\n<meta name=\"description\" content=\"Outsourcing and Logistics: Finished products are supplied wherever possible. Norfran can outsource and manage more specialised processes\" \/>\n<meta name=\"robots\" content=\"noindex, follow, max-snippet:-1, max-image-preview:large, max-video-preview:-1\" \/>\n<meta property=\"og:locale\" content=\"fr_FR\" \/>\n<meta property=\"og:type\" content=\"article\" \/>\n<meta property=\"og:title\" content=\"Externalisation et logistique - Norfran Limited\" \/>\n<meta property=\"og:description\" content=\"Outsourcing and Logistics: Finished products are supplied wherever possible. Norfran can outsource and manage more specialised processes\" \/>\n<meta property=\"og:url\" content=\"https:\/\/staging.norfran.co.uk\/services\/outsourcing-and-logistics\/\" \/>\n<meta property=\"og:site_name\" content=\"Norfran Limited\" \/>\n<meta property=\"article:modified_time\" content=\"2024-02-01T15:48:50+00:00\" \/>\n<meta property=\"og:image\" content=\"https:\/\/staging.norfran.co.uk\/wp-content\/uploads\/2021\/05\/Diecasting-Outsourcing-Logistics-3.jpg\" \/>\n<meta name=\"twitter:card\" content=\"summary_large_image\" \/>\n<meta name=\"twitter:label1\" content=\"Dur\u00e9e de lecture estim\u00e9e\" \/>\n\t<meta name=\"twitter:data1\" content=\"2 minutes\" \/>\n<script type=\"application\/ld+json\" class=\"yoast-schema-graph\">{\"@context\":\"https:\\\/\\\/schema.org\",\"@graph\":[{\"@type\":\"WebPage\",\"@id\":\"https:\\\/\\\/staging.norfran.co.uk\\\/services\\\/outsourcing-and-logistics\\\/\",\"url\":\"https:\\\/\\\/staging.norfran.co.uk\\\/services\\\/outsourcing-and-logistics\\\/\",\"name\":\"[:en]Outsourcing and Logistics[:de]Outsourcing und Logistik[:fr]Externalisation et logistique[:es]Externalizaci\u00f3n y log\u00edstica[:] - Norfran Limited\",\"isPartOf\":{\"@id\":\"https:\\\/\\\/staging.norfran.co.uk\\\/#website\"},\"primaryImageOfPage\":{\"@id\":\"https:\\\/\\\/staging.norfran.co.uk\\\/services\\\/outsourcing-and-logistics\\\/#primaryimage\"},\"image\":{\"@id\":\"https:\\\/\\\/staging.norfran.co.uk\\\/services\\\/outsourcing-and-logistics\\\/#primaryimage\"},\"thumbnailUrl\":\"https:\\\/\\\/staging.norfran.co.uk\\\/wp-content\\\/uploads\\\/2021\\\/05\\\/Diecasting-Outsourcing-Logistics-3.jpg\",\"datePublished\":\"2021-05-12T11:27:05+00:00\",\"dateModified\":\"2024-02-01T15:48:50+00:00\",\"description\":\"Outsourcing and Logistics: Finished products are supplied wherever possible. Norfran can outsource and manage more specialised processes\",\"breadcrumb\":{\"@id\":\"https:\\\/\\\/staging.norfran.co.uk\\\/services\\\/outsourcing-and-logistics\\\/#breadcrumb\"},\"inLanguage\":\"fr-FR\",\"potentialAction\":[{\"@type\":\"ReadAction\",\"target\":[\"https:\\\/\\\/staging.norfran.co.uk\\\/services\\\/outsourcing-and-logistics\\\/\"]}]},{\"@type\":\"ImageObject\",\"inLanguage\":\"fr-FR\",\"@id\":\"https:\\\/\\\/staging.norfran.co.uk\\\/services\\\/outsourcing-and-logistics\\\/#primaryimage\",\"url\":\"https:\\\/\\\/staging.norfran.co.uk\\\/wp-content\\\/uploads\\\/2021\\\/05\\\/Diecasting-Outsourcing-Logistics-3.jpg\",\"contentUrl\":\"https:\\\/\\\/staging.norfran.co.uk\\\/wp-content\\\/uploads\\\/2021\\\/05\\\/Diecasting-Outsourcing-Logistics-3.jpg\"},{\"@type\":\"BreadcrumbList\",\"@id\":\"https:\\\/\\\/staging.norfran.co.uk\\\/services\\\/outsourcing-and-logistics\\\/#breadcrumb\",\"itemListElement\":[{\"@type\":\"ListItem\",\"position\":1,\"name\":\"Home\",\"item\":\"https:\\\/\\\/staging.norfran.co.uk\\\/\"},{\"@type\":\"ListItem\",\"position\":2,\"name\":\"Services\",\"item\":\"https:\\\/\\\/staging.norfran.co.uk\\\/services\\\/\"},{\"@type\":\"ListItem\",\"position\":3,\"name\":\"Outsourcing and Logistics\"}]},{\"@type\":\"WebSite\",\"@id\":\"https:\\\/\\\/staging.norfran.co.uk\\\/#website\",\"url\":\"https:\\\/\\\/staging.norfran.co.uk\\\/\",\"name\":\"Norfran Limited\",\"description\":\"Precision Aluminium and Zinc Diecasters\",\"potentialAction\":[{\"@type\":\"SearchAction\",\"target\":{\"@type\":\"EntryPoint\",\"urlTemplate\":\"https:\\\/\\\/staging.norfran.co.uk\\\/?s={search_term_string}\"},\"query-input\":{\"@type\":\"PropertyValueSpecification\",\"valueRequired\":true,\"valueName\":\"search_term_string\"}}],\"inLanguage\":\"fr-FR\"}]}<\/script>\n<!-- \/ Yoast SEO plugin. -->","yoast_head_json":{"title":"Externalisation et logistique - Norfran Limited","description":"Outsourcing and Logistics: Finished products are supplied wherever possible. Norfran can outsource and manage more specialised processes","robots":{"index":"noindex","follow":"follow","max-snippet":"max-snippet:-1","max-image-preview":"max-image-preview:large","max-video-preview":"max-video-preview:-1"},"og_locale":"fr_FR","og_type":"article","og_title":"Externalisation et logistique - Norfran Limited","og_description":"Outsourcing and Logistics: Finished products are supplied wherever possible. Norfran can outsource and manage more specialised processes","og_url":"https:\/\/staging.norfran.co.uk\/services\/outsourcing-and-logistics\/","og_site_name":"Norfran Limited","article_modified_time":"2024-02-01T15:48:50+00:00","og_image":[{"url":"https:\/\/staging.norfran.co.uk\/wp-content\/uploads\/2021\/05\/Diecasting-Outsourcing-Logistics-3.jpg","type":"","width":"","height":""}],"twitter_card":"summary_large_image","twitter_misc":{"Dur\u00e9e de lecture estim\u00e9e":"2 minutes"},"schema":{"@context":"https:\/\/schema.org","@graph":[{"@type":"WebPage","@id":"https:\/\/staging.norfran.co.uk\/services\/outsourcing-and-logistics\/","url":"https:\/\/staging.norfran.co.uk\/services\/outsourcing-and-logistics\/","name":"[:en]Outsourcing and Logistics[:de]Outsourcing und Logistik[:fr]Externalisation et logistique[:es]Externalizaci\u00f3n y log\u00edstica[:] - Norfran Limited","isPartOf":{"@id":"https:\/\/staging.norfran.co.uk\/#website"},"primaryImageOfPage":{"@id":"https:\/\/staging.norfran.co.uk\/services\/outsourcing-and-logistics\/#primaryimage"},"image":{"@id":"https:\/\/staging.norfran.co.uk\/services\/outsourcing-and-logistics\/#primaryimage"},"thumbnailUrl":"https:\/\/staging.norfran.co.uk\/wp-content\/uploads\/2021\/05\/Diecasting-Outsourcing-Logistics-3.jpg","datePublished":"2021-05-12T11:27:05+00:00","dateModified":"2024-02-01T15:48:50+00:00","description":"Outsourcing and Logistics: Finished products are supplied wherever possible. Norfran can outsource and manage more specialised processes","breadcrumb":{"@id":"https:\/\/staging.norfran.co.uk\/services\/outsourcing-and-logistics\/#breadcrumb"},"inLanguage":"fr-FR","potentialAction":[{"@type":"ReadAction","target":["https:\/\/staging.norfran.co.uk\/services\/outsourcing-and-logistics\/"]}]},{"@type":"ImageObject","inLanguage":"fr-FR","@id":"https:\/\/staging.norfran.co.uk\/services\/outsourcing-and-logistics\/#primaryimage","url":"https:\/\/staging.norfran.co.uk\/wp-content\/uploads\/2021\/05\/Diecasting-Outsourcing-Logistics-3.jpg","contentUrl":"https:\/\/staging.norfran.co.uk\/wp-content\/uploads\/2021\/05\/Diecasting-Outsourcing-Logistics-3.jpg"},{"@type":"BreadcrumbList","@id":"https:\/\/staging.norfran.co.uk\/services\/outsourcing-and-logistics\/#breadcrumb","itemListElement":[{"@type":"ListItem","position":1,"name":"Home","item":"https:\/\/staging.norfran.co.uk\/"},{"@type":"ListItem","position":2,"name":"Services","item":"https:\/\/staging.norfran.co.uk\/services\/"},{"@type":"ListItem","position":3,"name":"Outsourcing and Logistics"}]},{"@type":"WebSite","@id":"https:\/\/staging.norfran.co.uk\/#website","url":"https:\/\/staging.norfran.co.uk\/","name":"Norfran Limited","description":"Precision Aluminium and Zinc Diecasters","potentialAction":[{"@type":"SearchAction","target":{"@type":"EntryPoint","urlTemplate":"https:\/\/staging.norfran.co.uk\/?s={search_term_string}"},"query-input":{"@type":"PropertyValueSpecification","valueRequired":true,"valueName":"search_term_string"}}],"inLanguage":"fr-FR"}]}},"_links":{"self":[{"href":"https:\/\/staging.norfran.co.uk\/fr\/wp-json\/wp\/v2\/pages\/11219","targetHints":{"allow":["GET"]}}],"collection":[{"href":"https:\/\/staging.norfran.co.uk\/fr\/wp-json\/wp\/v2\/pages"}],"about":[{"href":"https:\/\/staging.norfran.co.uk\/fr\/wp-json\/wp\/v2\/types\/page"}],"author":[{"embeddable":true,"href":"https:\/\/staging.norfran.co.uk\/fr\/wp-json\/wp\/v2\/users\/4"}],"replies":[{"embeddable":true,"href":"https:\/\/staging.norfran.co.uk\/fr\/wp-json\/wp\/v2\/comments?post=11219"}],"version-history":[{"count":0,"href":"https:\/\/staging.norfran.co.uk\/fr\/wp-json\/wp\/v2\/pages\/11219\/revisions"}],"up":[{"embeddable":true,"href":"https:\/\/staging.norfran.co.uk\/fr\/wp-json\/wp\/v2\/pages\/1811"}],"wp:attachment":[{"href":"https:\/\/staging.norfran.co.uk\/fr\/wp-json\/wp\/v2\/media?parent=11219"}],"curies":[{"name":"wp","href":"https:\/\/api.w.org\/{rel}","templated":true}]}}