{"id":11213,"date":"2021-05-12T11:14:25","date_gmt":"2021-05-12T11:14:25","guid":{"rendered":"https:\/\/norfran.co.uk\/?page_id=11213"},"modified":"2024-02-01T10:58:11","modified_gmt":"2024-02-01T10:58:11","slug":"finishing","status":"publish","type":"page","link":"https:\/\/staging.norfran.co.uk\/fr\/services\/finishing\/","title":{"rendered":"Finition"},"content":{"rendered":"<p><img decoding=\"async\" class=\"alignnone wp-image-11214 size-full lazyload\" data-src=\"https:\/\/staging.norfran.co.uk\/wp-content\/uploads\/2021\/05\/diecasting-finishing.jpg\" alt=\"\" width=\"1400\" height=\"220\" data-srcset=\"https:\/\/staging.norfran.co.uk\/wp-content\/uploads\/2021\/05\/diecasting-finishing.jpg 1400w, https:\/\/staging.norfran.co.uk\/wp-content\/uploads\/2021\/05\/diecasting-finishing-300x47.jpg 300w, https:\/\/staging.norfran.co.uk\/wp-content\/uploads\/2021\/05\/diecasting-finishing-1024x161.jpg 1024w, https:\/\/staging.norfran.co.uk\/wp-content\/uploads\/2021\/05\/diecasting-finishing-768x121.jpg 768w\" data-sizes=\"auto\" src=\"data:image\/svg+xml;base64,PHN2ZyB3aWR0aD0iMSIgaGVpZ2h0PSIxIiB4bWxucz0iaHR0cDovL3d3dy53My5vcmcvMjAwMC9zdmciPjwvc3ZnPg==\" style=\"--smush-placeholder-width: 1400px; --smush-placeholder-aspect-ratio: 1400\/220;\" data-original-sizes=\"(max-width: 1400px) 100vw, 1400px\" \/><\/p>\n<p>La phase de finition chez Norfran a \u00e9galement b\u00e9n\u00e9fici\u00e9 d\u2019un important programme d\u2019investissement. Une qualit\u00e9 constante est maintenue gr\u00e2ce \u00e0 la formation et \u00e0 l&rsquo;implication du personnel. 48\u00a0% des employ\u00e9s de Norfran sont employ\u00e9s chez nous depuis 15 ans ou plus.<\/p>\n<p>Pour compl\u00e9ter notre installation d&rsquo;usinage de classe mondiale, nous avons des m\u00e9thodes de finition plus traditionnelles telles que des cellules de grenaillage automatis\u00e9es et un syst\u00e8me de finition vibratoire enti\u00e8rement automatis\u00e9 comprenant le nettoyage et le s\u00e9chage, une solution d&rsquo;assemblage \u00e0 grand volume, une solution de d\u00e9tection automatique des fuites et un syst\u00e8me de test de chute de pression.<\/p>","protected":false},"excerpt":{"rendered":"<p>La phase de finition chez Norfran a \u00e9galement b\u00e9n\u00e9fici\u00e9 d\u2019un important programme d\u2019investissement. Une qualit\u00e9 constante est maintenue gr\u00e2ce \u00e0 la formation et \u00e0 l&rsquo;implication du personnel. 48\u00a0% des employ\u00e9s de Norfran sont employ\u00e9s chez nous depuis 15 ans ou plus. Pour compl\u00e9ter notre installation d&rsquo;usinage de classe mondiale, nous avons des m\u00e9thodes de finition plus traditionnelles telles que des cellules de grenaillage automatis\u00e9es et un syst\u00e8me de finition vibratoire enti\u00e8rement automatis\u00e9 comprenant le nettoyage et le s\u00e9chage, une solution&hellip;<\/p>\n","protected":false},"author":4,"featured_media":0,"parent":1811,"menu_order":0,"comment_status":"closed","ping_status":"closed","template":"","meta":{"footnotes":""},"class_list":["post-11213","page","type-page","status-publish","hentry"],"yoast_head":"<!-- This site is optimized with the Yoast SEO plugin v27.4 - https:\/\/yoast.com\/product\/yoast-seo-wordpress\/ -->\n<title>Finishing: linishing, automated shotblasting cells, vibratory finishing<\/title>\n<meta name=\"description\" content=\"Norfran finishing has benefited from a major investment program: Linishing, automated shotblasting cells, fully automated vibratory finishing\" \/>\n<meta name=\"robots\" content=\"noindex, follow, max-snippet:-1, max-image-preview:large, max-video-preview:-1\" \/>\n<meta property=\"og:locale\" content=\"fr_FR\" \/>\n<meta property=\"og:type\" content=\"article\" \/>\n<meta property=\"og:title\" content=\"Finishing: linishing, automated shotblasting cells, vibratory finishing\" \/>\n<meta property=\"og:description\" content=\"Norfran finishing has benefited from a major investment program: Linishing, automated shotblasting cells, fully automated vibratory finishing\" \/>\n<meta property=\"og:url\" content=\"https:\/\/staging.norfran.co.uk\/services\/finishing\/\" \/>\n<meta property=\"og:site_name\" content=\"Norfran Limited\" \/>\n<meta property=\"article:modified_time\" content=\"2024-02-01T10:58:11+00:00\" \/>\n<meta property=\"og:image\" content=\"https:\/\/staging.norfran.co.uk\/wp-content\/uploads\/2021\/05\/diecasting-finishing.jpg\" \/>\n<meta name=\"twitter:card\" content=\"summary_large_image\" \/>\n<meta name=\"twitter:label1\" content=\"Dur\u00e9e de lecture estim\u00e9e\" \/>\n\t<meta name=\"twitter:data1\" content=\"1 minute\" \/>\n<script type=\"application\/ld+json\" class=\"yoast-schema-graph\">{\"@context\":\"https:\\\/\\\/schema.org\",\"@graph\":[{\"@type\":\"WebPage\",\"@id\":\"https:\\\/\\\/staging.norfran.co.uk\\\/services\\\/finishing\\\/\",\"url\":\"https:\\\/\\\/staging.norfran.co.uk\\\/services\\\/finishing\\\/\",\"name\":\"Finishing: linishing, automated shotblasting cells, vibratory finishing\",\"isPartOf\":{\"@id\":\"https:\\\/\\\/staging.norfran.co.uk\\\/#website\"},\"primaryImageOfPage\":{\"@id\":\"https:\\\/\\\/staging.norfran.co.uk\\\/services\\\/finishing\\\/#primaryimage\"},\"image\":{\"@id\":\"https:\\\/\\\/staging.norfran.co.uk\\\/services\\\/finishing\\\/#primaryimage\"},\"thumbnailUrl\":\"https:\\\/\\\/staging.norfran.co.uk\\\/wp-content\\\/uploads\\\/2021\\\/05\\\/diecasting-finishing.jpg\",\"datePublished\":\"2021-05-12T11:14:25+00:00\",\"dateModified\":\"2024-02-01T10:58:11+00:00\",\"description\":\"Norfran finishing has benefited from a major investment program: Linishing, automated shotblasting cells, fully automated vibratory finishing\",\"breadcrumb\":{\"@id\":\"https:\\\/\\\/staging.norfran.co.uk\\\/services\\\/finishing\\\/#breadcrumb\"},\"inLanguage\":\"fr-FR\",\"potentialAction\":[{\"@type\":\"ReadAction\",\"target\":[\"https:\\\/\\\/staging.norfran.co.uk\\\/services\\\/finishing\\\/\"]}]},{\"@type\":\"ImageObject\",\"inLanguage\":\"fr-FR\",\"@id\":\"https:\\\/\\\/staging.norfran.co.uk\\\/services\\\/finishing\\\/#primaryimage\",\"url\":\"https:\\\/\\\/staging.norfran.co.uk\\\/wp-content\\\/uploads\\\/2021\\\/05\\\/diecasting-finishing.jpg\",\"contentUrl\":\"https:\\\/\\\/staging.norfran.co.uk\\\/wp-content\\\/uploads\\\/2021\\\/05\\\/diecasting-finishing.jpg\"},{\"@type\":\"BreadcrumbList\",\"@id\":\"https:\\\/\\\/staging.norfran.co.uk\\\/services\\\/finishing\\\/#breadcrumb\",\"itemListElement\":[{\"@type\":\"ListItem\",\"position\":1,\"name\":\"Home\",\"item\":\"https:\\\/\\\/staging.norfran.co.uk\\\/\"},{\"@type\":\"ListItem\",\"position\":2,\"name\":\"Services\",\"item\":\"https:\\\/\\\/staging.norfran.co.uk\\\/services\\\/\"},{\"@type\":\"ListItem\",\"position\":3,\"name\":\"Finishing\"}]},{\"@type\":\"WebSite\",\"@id\":\"https:\\\/\\\/staging.norfran.co.uk\\\/#website\",\"url\":\"https:\\\/\\\/staging.norfran.co.uk\\\/\",\"name\":\"Norfran Limited\",\"description\":\"Precision Aluminium and Zinc Diecasters\",\"potentialAction\":[{\"@type\":\"SearchAction\",\"target\":{\"@type\":\"EntryPoint\",\"urlTemplate\":\"https:\\\/\\\/staging.norfran.co.uk\\\/?s={search_term_string}\"},\"query-input\":{\"@type\":\"PropertyValueSpecification\",\"valueRequired\":true,\"valueName\":\"search_term_string\"}}],\"inLanguage\":\"fr-FR\"}]}<\/script>\n<!-- \/ Yoast SEO plugin. -->","yoast_head_json":{"title":"Finishing: linishing, automated shotblasting cells, vibratory finishing","description":"Norfran finishing has benefited from a major investment program: Linishing, automated shotblasting cells, fully automated vibratory finishing","robots":{"index":"noindex","follow":"follow","max-snippet":"max-snippet:-1","max-image-preview":"max-image-preview:large","max-video-preview":"max-video-preview:-1"},"og_locale":"fr_FR","og_type":"article","og_title":"Finishing: linishing, automated shotblasting cells, vibratory finishing","og_description":"Norfran finishing has benefited from a major investment program: Linishing, automated shotblasting cells, fully automated vibratory finishing","og_url":"https:\/\/staging.norfran.co.uk\/services\/finishing\/","og_site_name":"Norfran Limited","article_modified_time":"2024-02-01T10:58:11+00:00","og_image":[{"url":"https:\/\/staging.norfran.co.uk\/wp-content\/uploads\/2021\/05\/diecasting-finishing.jpg","type":"","width":"","height":""}],"twitter_card":"summary_large_image","twitter_misc":{"Dur\u00e9e de lecture estim\u00e9e":"1 minute"},"schema":{"@context":"https:\/\/schema.org","@graph":[{"@type":"WebPage","@id":"https:\/\/staging.norfran.co.uk\/services\/finishing\/","url":"https:\/\/staging.norfran.co.uk\/services\/finishing\/","name":"Finishing: linishing, automated shotblasting cells, vibratory finishing","isPartOf":{"@id":"https:\/\/staging.norfran.co.uk\/#website"},"primaryImageOfPage":{"@id":"https:\/\/staging.norfran.co.uk\/services\/finishing\/#primaryimage"},"image":{"@id":"https:\/\/staging.norfran.co.uk\/services\/finishing\/#primaryimage"},"thumbnailUrl":"https:\/\/staging.norfran.co.uk\/wp-content\/uploads\/2021\/05\/diecasting-finishing.jpg","datePublished":"2021-05-12T11:14:25+00:00","dateModified":"2024-02-01T10:58:11+00:00","description":"Norfran finishing has benefited from a major investment program: Linishing, automated shotblasting cells, fully automated vibratory finishing","breadcrumb":{"@id":"https:\/\/staging.norfran.co.uk\/services\/finishing\/#breadcrumb"},"inLanguage":"fr-FR","potentialAction":[{"@type":"ReadAction","target":["https:\/\/staging.norfran.co.uk\/services\/finishing\/"]}]},{"@type":"ImageObject","inLanguage":"fr-FR","@id":"https:\/\/staging.norfran.co.uk\/services\/finishing\/#primaryimage","url":"https:\/\/staging.norfran.co.uk\/wp-content\/uploads\/2021\/05\/diecasting-finishing.jpg","contentUrl":"https:\/\/staging.norfran.co.uk\/wp-content\/uploads\/2021\/05\/diecasting-finishing.jpg"},{"@type":"BreadcrumbList","@id":"https:\/\/staging.norfran.co.uk\/services\/finishing\/#breadcrumb","itemListElement":[{"@type":"ListItem","position":1,"name":"Home","item":"https:\/\/staging.norfran.co.uk\/"},{"@type":"ListItem","position":2,"name":"Services","item":"https:\/\/staging.norfran.co.uk\/services\/"},{"@type":"ListItem","position":3,"name":"Finishing"}]},{"@type":"WebSite","@id":"https:\/\/staging.norfran.co.uk\/#website","url":"https:\/\/staging.norfran.co.uk\/","name":"Norfran Limited","description":"Precision Aluminium and Zinc Diecasters","potentialAction":[{"@type":"SearchAction","target":{"@type":"EntryPoint","urlTemplate":"https:\/\/staging.norfran.co.uk\/?s={search_term_string}"},"query-input":{"@type":"PropertyValueSpecification","valueRequired":true,"valueName":"search_term_string"}}],"inLanguage":"fr-FR"}]}},"_links":{"self":[{"href":"https:\/\/staging.norfran.co.uk\/fr\/wp-json\/wp\/v2\/pages\/11213","targetHints":{"allow":["GET"]}}],"collection":[{"href":"https:\/\/staging.norfran.co.uk\/fr\/wp-json\/wp\/v2\/pages"}],"about":[{"href":"https:\/\/staging.norfran.co.uk\/fr\/wp-json\/wp\/v2\/types\/page"}],"author":[{"embeddable":true,"href":"https:\/\/staging.norfran.co.uk\/fr\/wp-json\/wp\/v2\/users\/4"}],"replies":[{"embeddable":true,"href":"https:\/\/staging.norfran.co.uk\/fr\/wp-json\/wp\/v2\/comments?post=11213"}],"version-history":[{"count":0,"href":"https:\/\/staging.norfran.co.uk\/fr\/wp-json\/wp\/v2\/pages\/11213\/revisions"}],"up":[{"embeddable":true,"href":"https:\/\/staging.norfran.co.uk\/fr\/wp-json\/wp\/v2\/pages\/1811"}],"wp:attachment":[{"href":"https:\/\/staging.norfran.co.uk\/fr\/wp-json\/wp\/v2\/media?parent=11213"}],"curies":[{"name":"wp","href":"https:\/\/api.w.org\/{rel}","templated":true}]}}