{"id":11193,"date":"2021-05-12T10:40:22","date_gmt":"2021-05-12T10:40:22","guid":{"rendered":"https:\/\/norfran.co.uk\/?page_id=11193"},"modified":"2024-02-01T10:41:16","modified_gmt":"2024-02-01T10:41:16","slug":"design-and-project-management","status":"publish","type":"page","link":"https:\/\/staging.norfran.co.uk\/fr\/services\/design-and-project-management\/","title":{"rendered":"Conception et gestion de projet"},"content":{"rendered":"<p><img decoding=\"async\" class=\"size-full wp-image-11194 aligncenter lazyload\" data-src=\"https:\/\/staging.norfran.co.uk\/wp-content\/uploads\/2021\/05\/design-project-management.jpg\" alt=\"Diecasting design and project management\" width=\"1400\" height=\"245\" data-srcset=\"https:\/\/staging.norfran.co.uk\/wp-content\/uploads\/2021\/05\/design-project-management.jpg 1400w, https:\/\/staging.norfran.co.uk\/wp-content\/uploads\/2021\/05\/design-project-management-300x53.jpg 300w, https:\/\/staging.norfran.co.uk\/wp-content\/uploads\/2021\/05\/design-project-management-1024x179.jpg 1024w, https:\/\/staging.norfran.co.uk\/wp-content\/uploads\/2021\/05\/design-project-management-768x134.jpg 768w\" data-sizes=\"auto\" src=\"data:image\/svg+xml;base64,PHN2ZyB3aWR0aD0iMSIgaGVpZ2h0PSIxIiB4bWxucz0iaHR0cDovL3d3dy53My5vcmcvMjAwMC9zdmciPjwvc3ZnPg==\" style=\"--smush-placeholder-width: 1400px; --smush-placeholder-aspect-ratio: 1400\/245;\" data-original-sizes=\"(max-width: 1400px) 100vw, 1400px\" \/><\/p>\n<p>Outre la conception de matrices, nous travaillons main dans la main avec nos clients pour aider \u00e0 la conception de leurs composants. Nous offrons \u00e0 nos clients un service enti\u00e8rement int\u00e9gr\u00e9. Le service de Conception adapt\u00e9e \u00e0 la fabrication (DFM ou Design for Manufacture en anglais) est l\u2019une des forces de Norfran. Nous utilisons la derni\u00e8re it\u00e9ration du logiciel Magma afin d\u2019optimiser l&rsquo;outil pour am\u00e9liorer la qualit\u00e9 de la coul\u00e9e de m\u00e9tal, optimiser les conditions de processus et r\u00e9duire les co\u00fbts de production. Adoptant par cons\u00e9quent la m\u00e9thodologie de conception virtuelle d&rsquo;exp\u00e9riences et d&rsquo;optimisation autonome.<\/p>\n<p>Nous utilisons la derni\u00e8re it\u00e9ration de Solidworks et disposons d&rsquo;une solution d&rsquo;impression en 3D.<\/p>\n<p>Nous pouvons m\u00eame vous procurer rapidement des prototypes et produire des moules de type soft tooling pour le prototypage de pi\u00e8ces.<\/p>\n<div style=\"display: flex; flex-direction: row; flex-wrap: wrap; justify-content: space-between;\"><img decoding=\"async\" class=\"alignnone wp-image-11114 lazyload\" data-src=\"https:\/\/staging.norfran.co.uk\/wp-content\/uploads\/2021\/05\/Pump-Body-300x300.jpg\" alt=\"\" width=\"250\" height=\"250\" data-srcset=\"https:\/\/staging.norfran.co.uk\/wp-content\/uploads\/2021\/05\/Pump-Body-300x300.jpg 300w, https:\/\/staging.norfran.co.uk\/wp-content\/uploads\/2021\/05\/Pump-Body-150x150.jpg 150w, https:\/\/staging.norfran.co.uk\/wp-content\/uploads\/2021\/05\/Pump-Body.jpg 600w\" data-sizes=\"auto\" src=\"data:image\/svg+xml;base64,PHN2ZyB3aWR0aD0iMSIgaGVpZ2h0PSIxIiB4bWxucz0iaHR0cDovL3d3dy53My5vcmcvMjAwMC9zdmciPjwvc3ZnPg==\" style=\"--smush-placeholder-width: 250px; --smush-placeholder-aspect-ratio: 250\/250;\" data-original-sizes=\"(max-width: 250px) 100vw, 250px\" \/> <img decoding=\"async\" class=\"alignnone wp-image-11113 lazyload\" data-src=\"https:\/\/staging.norfran.co.uk\/wp-content\/uploads\/2021\/05\/Pump-Body-Trace-300x300.jpg\" alt=\"\" width=\"250\" height=\"250\" data-srcset=\"https:\/\/staging.norfran.co.uk\/wp-content\/uploads\/2021\/05\/Pump-Body-Trace-300x300.jpg 300w, https:\/\/staging.norfran.co.uk\/wp-content\/uploads\/2021\/05\/Pump-Body-Trace-150x150.jpg 150w, https:\/\/staging.norfran.co.uk\/wp-content\/uploads\/2021\/05\/Pump-Body-Trace.jpg 600w\" data-sizes=\"auto\" src=\"data:image\/svg+xml;base64,PHN2ZyB3aWR0aD0iMSIgaGVpZ2h0PSIxIiB4bWxucz0iaHR0cDovL3d3dy53My5vcmcvMjAwMC9zdmciPjwvc3ZnPg==\" style=\"--smush-placeholder-width: 250px; --smush-placeholder-aspect-ratio: 250\/250;\" data-original-sizes=\"(max-width: 250px) 100vw, 250px\" \/> <img decoding=\"async\" class=\"alignnone wp-image-11116 lazyload\" data-src=\"https:\/\/staging.norfran.co.uk\/wp-content\/uploads\/2021\/05\/Pump-HSG-Vel-300x300.jpg\" alt=\"\" width=\"250\" height=\"250\" data-srcset=\"https:\/\/staging.norfran.co.uk\/wp-content\/uploads\/2021\/05\/Pump-HSG-Vel-300x300.jpg 300w, https:\/\/staging.norfran.co.uk\/wp-content\/uploads\/2021\/05\/Pump-HSG-Vel-150x150.jpg 150w, https:\/\/staging.norfran.co.uk\/wp-content\/uploads\/2021\/05\/Pump-HSG-Vel.jpg 600w\" data-sizes=\"auto\" src=\"data:image\/svg+xml;base64,PHN2ZyB3aWR0aD0iMSIgaGVpZ2h0PSIxIiB4bWxucz0iaHR0cDovL3d3dy53My5vcmcvMjAwMC9zdmciPjwvc3ZnPg==\" style=\"--smush-placeholder-width: 250px; --smush-placeholder-aspect-ratio: 250\/250;\" data-original-sizes=\"(max-width: 250px) 100vw, 250px\" \/> <img decoding=\"async\" class=\"alignnone wp-image-11131 size-medium lazyload\" data-src=\"https:\/\/staging.norfran.co.uk\/wp-content\/uploads\/2021\/05\/3d-printing-225x300.jpg\" alt=\"\" width=\"225\" height=\"300\" data-srcset=\"https:\/\/staging.norfran.co.uk\/wp-content\/uploads\/2021\/05\/3d-printing-225x300.jpg 225w, https:\/\/staging.norfran.co.uk\/wp-content\/uploads\/2021\/05\/3d-printing.jpg 600w\" data-sizes=\"auto\" src=\"data:image\/svg+xml;base64,PHN2ZyB3aWR0aD0iMSIgaGVpZ2h0PSIxIiB4bWxucz0iaHR0cDovL3d3dy53My5vcmcvMjAwMC9zdmciPjwvc3ZnPg==\" style=\"--smush-placeholder-width: 225px; --smush-placeholder-aspect-ratio: 225\/300;\" data-original-sizes=\"(max-width: 225px) 100vw, 225px\" \/><\/div>\n<p><\/p>","protected":false},"excerpt":{"rendered":"<p>Outre la conception de matrices, nous travaillons main dans la main avec nos clients pour aider \u00e0 la conception de leurs composants. Nous offrons \u00e0 nos clients un service enti\u00e8rement int\u00e9gr\u00e9. Le service de Conception adapt\u00e9e \u00e0 la fabrication (DFM ou Design for Manufacture en anglais) est l\u2019une des forces de Norfran. Nous utilisons la derni\u00e8re it\u00e9ration du logiciel Magma afin d\u2019optimiser l&rsquo;outil pour am\u00e9liorer la qualit\u00e9 de la coul\u00e9e de m\u00e9tal, optimiser les conditions de processus et r\u00e9duire les&hellip;<\/p>\n","protected":false},"author":4,"featured_media":0,"parent":1811,"menu_order":0,"comment_status":"closed","ping_status":"closed","template":"","meta":{"footnotes":""},"class_list":["post-11193","page","type-page","status-publish","hentry"],"yoast_head":"<!-- This site is optimized with the Yoast SEO plugin v27.4 - https:\/\/yoast.com\/product\/yoast-seo-wordpress\/ -->\n<title>Conception et gestion de projet - Norfran Limited<\/title>\n<meta name=\"description\" content=\"Design and Project Management for Manufacture is one of Norfran\u2019s strengths\" \/>\n<meta name=\"robots\" content=\"noindex, follow, max-snippet:-1, max-image-preview:large, max-video-preview:-1\" \/>\n<meta property=\"og:locale\" content=\"fr_FR\" \/>\n<meta property=\"og:type\" content=\"article\" \/>\n<meta property=\"og:title\" content=\"Conception et gestion de projet - Norfran Limited\" \/>\n<meta property=\"og:description\" content=\"Design and Project Management for Manufacture is one of Norfran\u2019s strengths\" \/>\n<meta property=\"og:url\" content=\"https:\/\/staging.norfran.co.uk\/services\/design-and-project-management\/\" \/>\n<meta property=\"og:site_name\" content=\"Norfran Limited\" \/>\n<meta property=\"article:modified_time\" content=\"2024-02-01T10:41:16+00:00\" \/>\n<meta property=\"og:image\" content=\"https:\/\/staging.norfran.co.uk\/wp-content\/uploads\/2021\/05\/design-project-management.jpg\" \/>\n<meta name=\"twitter:card\" content=\"summary_large_image\" \/>\n<meta name=\"twitter:label1\" content=\"Dur\u00e9e de lecture estim\u00e9e\" \/>\n\t<meta name=\"twitter:data1\" content=\"2 minutes\" \/>\n<script type=\"application\/ld+json\" class=\"yoast-schema-graph\">{\"@context\":\"https:\\\/\\\/schema.org\",\"@graph\":[{\"@type\":\"WebPage\",\"@id\":\"https:\\\/\\\/staging.norfran.co.uk\\\/services\\\/design-and-project-management\\\/\",\"url\":\"https:\\\/\\\/staging.norfran.co.uk\\\/services\\\/design-and-project-management\\\/\",\"name\":\"[:en]Design and Project Management[:de]Design und Projektleitung[:fr]Conception et gestion de projet[:es]Dise\u00f1o y gesti\u00f3n de proyectos[:] - Norfran Limited\",\"isPartOf\":{\"@id\":\"https:\\\/\\\/staging.norfran.co.uk\\\/#website\"},\"primaryImageOfPage\":{\"@id\":\"https:\\\/\\\/staging.norfran.co.uk\\\/services\\\/design-and-project-management\\\/#primaryimage\"},\"image\":{\"@id\":\"https:\\\/\\\/staging.norfran.co.uk\\\/services\\\/design-and-project-management\\\/#primaryimage\"},\"thumbnailUrl\":\"https:\\\/\\\/staging.norfran.co.uk\\\/wp-content\\\/uploads\\\/2021\\\/05\\\/design-project-management.jpg\",\"datePublished\":\"2021-05-12T10:40:22+00:00\",\"dateModified\":\"2024-02-01T10:41:16+00:00\",\"description\":\"Design and Project Management for Manufacture is one of Norfran\u2019s strengths\",\"breadcrumb\":{\"@id\":\"https:\\\/\\\/staging.norfran.co.uk\\\/services\\\/design-and-project-management\\\/#breadcrumb\"},\"inLanguage\":\"fr-FR\",\"potentialAction\":[{\"@type\":\"ReadAction\",\"target\":[\"https:\\\/\\\/staging.norfran.co.uk\\\/services\\\/design-and-project-management\\\/\"]}]},{\"@type\":\"ImageObject\",\"inLanguage\":\"fr-FR\",\"@id\":\"https:\\\/\\\/staging.norfran.co.uk\\\/services\\\/design-and-project-management\\\/#primaryimage\",\"url\":\"https:\\\/\\\/staging.norfran.co.uk\\\/wp-content\\\/uploads\\\/2021\\\/05\\\/design-project-management.jpg\",\"contentUrl\":\"https:\\\/\\\/staging.norfran.co.uk\\\/wp-content\\\/uploads\\\/2021\\\/05\\\/design-project-management.jpg\"},{\"@type\":\"BreadcrumbList\",\"@id\":\"https:\\\/\\\/staging.norfran.co.uk\\\/services\\\/design-and-project-management\\\/#breadcrumb\",\"itemListElement\":[{\"@type\":\"ListItem\",\"position\":1,\"name\":\"Home\",\"item\":\"https:\\\/\\\/staging.norfran.co.uk\\\/\"},{\"@type\":\"ListItem\",\"position\":2,\"name\":\"Services\",\"item\":\"https:\\\/\\\/staging.norfran.co.uk\\\/services\\\/\"},{\"@type\":\"ListItem\",\"position\":3,\"name\":\"Design and Project Management\"}]},{\"@type\":\"WebSite\",\"@id\":\"https:\\\/\\\/staging.norfran.co.uk\\\/#website\",\"url\":\"https:\\\/\\\/staging.norfran.co.uk\\\/\",\"name\":\"Norfran Limited\",\"description\":\"Precision Aluminium and Zinc Diecasters\",\"potentialAction\":[{\"@type\":\"SearchAction\",\"target\":{\"@type\":\"EntryPoint\",\"urlTemplate\":\"https:\\\/\\\/staging.norfran.co.uk\\\/?s={search_term_string}\"},\"query-input\":{\"@type\":\"PropertyValueSpecification\",\"valueRequired\":true,\"valueName\":\"search_term_string\"}}],\"inLanguage\":\"fr-FR\"}]}<\/script>\n<!-- \/ Yoast SEO plugin. -->","yoast_head_json":{"title":"Conception et gestion de projet - Norfran Limited","description":"Design and Project Management for Manufacture is one of Norfran\u2019s strengths","robots":{"index":"noindex","follow":"follow","max-snippet":"max-snippet:-1","max-image-preview":"max-image-preview:large","max-video-preview":"max-video-preview:-1"},"og_locale":"fr_FR","og_type":"article","og_title":"Conception et gestion de projet - Norfran Limited","og_description":"Design and Project Management for Manufacture is one of Norfran\u2019s strengths","og_url":"https:\/\/staging.norfran.co.uk\/services\/design-and-project-management\/","og_site_name":"Norfran Limited","article_modified_time":"2024-02-01T10:41:16+00:00","og_image":[{"url":"https:\/\/staging.norfran.co.uk\/wp-content\/uploads\/2021\/05\/design-project-management.jpg","type":"","width":"","height":""}],"twitter_card":"summary_large_image","twitter_misc":{"Dur\u00e9e de lecture estim\u00e9e":"2 minutes"},"schema":{"@context":"https:\/\/schema.org","@graph":[{"@type":"WebPage","@id":"https:\/\/staging.norfran.co.uk\/services\/design-and-project-management\/","url":"https:\/\/staging.norfran.co.uk\/services\/design-and-project-management\/","name":"[:en]Design and Project Management[:de]Design und Projektleitung[:fr]Conception et gestion de projet[:es]Dise\u00f1o y gesti\u00f3n de proyectos[:] - Norfran Limited","isPartOf":{"@id":"https:\/\/staging.norfran.co.uk\/#website"},"primaryImageOfPage":{"@id":"https:\/\/staging.norfran.co.uk\/services\/design-and-project-management\/#primaryimage"},"image":{"@id":"https:\/\/staging.norfran.co.uk\/services\/design-and-project-management\/#primaryimage"},"thumbnailUrl":"https:\/\/staging.norfran.co.uk\/wp-content\/uploads\/2021\/05\/design-project-management.jpg","datePublished":"2021-05-12T10:40:22+00:00","dateModified":"2024-02-01T10:41:16+00:00","description":"Design and Project Management for Manufacture is one of Norfran\u2019s strengths","breadcrumb":{"@id":"https:\/\/staging.norfran.co.uk\/services\/design-and-project-management\/#breadcrumb"},"inLanguage":"fr-FR","potentialAction":[{"@type":"ReadAction","target":["https:\/\/staging.norfran.co.uk\/services\/design-and-project-management\/"]}]},{"@type":"ImageObject","inLanguage":"fr-FR","@id":"https:\/\/staging.norfran.co.uk\/services\/design-and-project-management\/#primaryimage","url":"https:\/\/staging.norfran.co.uk\/wp-content\/uploads\/2021\/05\/design-project-management.jpg","contentUrl":"https:\/\/staging.norfran.co.uk\/wp-content\/uploads\/2021\/05\/design-project-management.jpg"},{"@type":"BreadcrumbList","@id":"https:\/\/staging.norfran.co.uk\/services\/design-and-project-management\/#breadcrumb","itemListElement":[{"@type":"ListItem","position":1,"name":"Home","item":"https:\/\/staging.norfran.co.uk\/"},{"@type":"ListItem","position":2,"name":"Services","item":"https:\/\/staging.norfran.co.uk\/services\/"},{"@type":"ListItem","position":3,"name":"Design and Project Management"}]},{"@type":"WebSite","@id":"https:\/\/staging.norfran.co.uk\/#website","url":"https:\/\/staging.norfran.co.uk\/","name":"Norfran Limited","description":"Precision Aluminium and Zinc Diecasters","potentialAction":[{"@type":"SearchAction","target":{"@type":"EntryPoint","urlTemplate":"https:\/\/staging.norfran.co.uk\/?s={search_term_string}"},"query-input":{"@type":"PropertyValueSpecification","valueRequired":true,"valueName":"search_term_string"}}],"inLanguage":"fr-FR"}]}},"_links":{"self":[{"href":"https:\/\/staging.norfran.co.uk\/fr\/wp-json\/wp\/v2\/pages\/11193","targetHints":{"allow":["GET"]}}],"collection":[{"href":"https:\/\/staging.norfran.co.uk\/fr\/wp-json\/wp\/v2\/pages"}],"about":[{"href":"https:\/\/staging.norfran.co.uk\/fr\/wp-json\/wp\/v2\/types\/page"}],"author":[{"embeddable":true,"href":"https:\/\/staging.norfran.co.uk\/fr\/wp-json\/wp\/v2\/users\/4"}],"replies":[{"embeddable":true,"href":"https:\/\/staging.norfran.co.uk\/fr\/wp-json\/wp\/v2\/comments?post=11193"}],"version-history":[{"count":0,"href":"https:\/\/staging.norfran.co.uk\/fr\/wp-json\/wp\/v2\/pages\/11193\/revisions"}],"up":[{"embeddable":true,"href":"https:\/\/staging.norfran.co.uk\/fr\/wp-json\/wp\/v2\/pages\/1811"}],"wp:attachment":[{"href":"https:\/\/staging.norfran.co.uk\/fr\/wp-json\/wp\/v2\/media?parent=11193"}],"curies":[{"name":"wp","href":"https:\/\/api.w.org\/{rel}","templated":true}]}}