{"id":11186,"date":"2021-05-12T10:17:00","date_gmt":"2021-05-12T10:17:00","guid":{"rendered":"https:\/\/norfran.co.uk\/?page_id=11186"},"modified":"2024-02-01T09:47:54","modified_gmt":"2024-02-01T09:47:54","slug":"cnc-machining","status":"publish","type":"page","link":"https:\/\/staging.norfran.co.uk\/fr\/services\/cnc-machining\/","title":{"rendered":"Usinage CNC"},"content":{"rendered":"<p><img decoding=\"async\" class=\"size-full wp-image-11187 aligncenter lazyload\" data-src=\"https:\/\/staging.norfran.co.uk\/wp-content\/uploads\/2021\/05\/CNC-Machining-1.jpg\" alt=\"CNC Machining\" width=\"1400\" height=\"517\" data-srcset=\"https:\/\/staging.norfran.co.uk\/wp-content\/uploads\/2021\/05\/CNC-Machining-1.jpg 1400w, https:\/\/staging.norfran.co.uk\/wp-content\/uploads\/2021\/05\/CNC-Machining-1-300x111.jpg 300w, https:\/\/staging.norfran.co.uk\/wp-content\/uploads\/2021\/05\/CNC-Machining-1-1024x378.jpg 1024w, https:\/\/staging.norfran.co.uk\/wp-content\/uploads\/2021\/05\/CNC-Machining-1-768x284.jpg 768w\" data-sizes=\"auto\" src=\"data:image\/svg+xml;base64,PHN2ZyB3aWR0aD0iMSIgaGVpZ2h0PSIxIiB4bWxucz0iaHR0cDovL3d3dy53My5vcmcvMjAwMC9zdmciPjwvc3ZnPg==\" style=\"--smush-placeholder-width: 1400px; --smush-placeholder-aspect-ratio: 1400\/517;\" data-original-sizes=\"(max-width: 1400px) 100vw, 1400px\" \/><\/p>\n<h2><strong>Usinage CNC\u00a0: des solutions efficaces pour des g\u00e9om\u00e9tries complexes<\/strong><\/h2>\n<p>Pour produire des g\u00e9om\u00e9tries complexes, nous usinons vos pi\u00e8ces moul\u00e9es en utilisant la derni\u00e8re technologie CNC. Les avantages de l&rsquo;usinage CNC sont \u00e9vidents. Ce type de traitement est extr\u00eamement rentable et tr\u00e8s efficace.<\/p>\n<h3><strong>Usinage CNC pour des pi\u00e8ces moul\u00e9es sous pression de haute qualit\u00e9<\/strong><\/h3>\n<p>Les \u00e9tapes applicables peuvent \u00eatre ex\u00e9cut\u00e9es non seulement \u00e0 grande vitesse, mais aussi avec une pr\u00e9cision exceptionnelle et reproduites fid\u00e8lement. Ainsi, la technologie CNC nous permet de g\u00e9rer de grandes s\u00e9ries de production rapidement, pleinement et \u00e0 moindre co\u00fbt.<\/p>\n<h3><strong>Le centre d&rsquo;usinage r\u00e9pondant \u00e0 tous les besoins<\/strong><\/h3>\n<p>Nous sommes d\u00e9sormais en mesure de traiter les pi\u00e8ces de nos clients sur pas moins de onze centres d&rsquo;usinage CNC avanc\u00e9s. La forme de traitement appliqu\u00e9e \u00e0 vos pi\u00e8ces dans chaque centre d&rsquo;usinage &#8211; per\u00e7age, tournage, fraisage ou autres op\u00e9rations &#8211; d\u00e9pend de vos besoins et du volume de production. Nous garantissons une profondeur d&rsquo;usinage maximale avec un usinage de pr\u00e9cision absolue et des tol\u00e9rances tr\u00e8s ajust\u00e9es.<\/p>","protected":false},"excerpt":{"rendered":"<p>Usinage CNC\u00a0: des solutions efficaces pour des g\u00e9om\u00e9tries complexes Pour produire des g\u00e9om\u00e9tries complexes, nous usinons vos pi\u00e8ces moul\u00e9es en utilisant la derni\u00e8re technologie CNC. Les avantages de l&rsquo;usinage CNC sont \u00e9vidents. Ce type de traitement est extr\u00eamement rentable et tr\u00e8s efficace. Usinage CNC pour des pi\u00e8ces moul\u00e9es sous pression de haute qualit\u00e9 Les \u00e9tapes applicables peuvent \u00eatre ex\u00e9cut\u00e9es non seulement \u00e0 grande vitesse, mais aussi avec une pr\u00e9cision exceptionnelle et reproduites fid\u00e8lement. Ainsi, la technologie CNC nous permet de&hellip;<\/p>\n","protected":false},"author":4,"featured_media":0,"parent":1811,"menu_order":0,"comment_status":"closed","ping_status":"closed","template":"","meta":{"footnotes":""},"class_list":["post-11186","page","type-page","status-publish","hentry"],"yoast_head":"<!-- This site is optimized with the Yoast SEO plugin v27.4 - https:\/\/yoast.com\/product\/yoast-seo-wordpress\/ -->\n<title>CNC Machining for High-Quality Die Cast Components - Norfran<\/title>\n<meta name=\"description\" content=\"CNC Machining: Efficient solutions for complex geometries. Norfran offer CNC Machining for High-Quality Die Cast Components\" \/>\n<meta name=\"robots\" content=\"noindex, follow, max-snippet:-1, max-image-preview:large, max-video-preview:-1\" \/>\n<meta property=\"og:locale\" content=\"fr_FR\" \/>\n<meta property=\"og:type\" content=\"article\" \/>\n<meta property=\"og:title\" content=\"CNC Machining for High-Quality Die Cast Components - Norfran\" \/>\n<meta property=\"og:description\" content=\"CNC Machining: Efficient solutions for complex geometries. Norfran offer CNC Machining for High-Quality Die Cast Components\" \/>\n<meta property=\"og:url\" content=\"https:\/\/staging.norfran.co.uk\/services\/cnc-machining\/\" \/>\n<meta property=\"og:site_name\" content=\"Norfran Limited\" \/>\n<meta property=\"article:modified_time\" content=\"2024-02-01T09:47:54+00:00\" \/>\n<meta property=\"og:image\" content=\"https:\/\/staging.norfran.co.uk\/wp-content\/uploads\/2021\/05\/CNC-Machining-1.jpg\" \/>\n<meta name=\"twitter:card\" content=\"summary_large_image\" \/>\n<meta name=\"twitter:label1\" content=\"Dur\u00e9e de lecture estim\u00e9e\" \/>\n\t<meta name=\"twitter:data1\" content=\"2 minutes\" \/>\n<script type=\"application\/ld+json\" class=\"yoast-schema-graph\">{\"@context\":\"https:\\\/\\\/schema.org\",\"@graph\":[{\"@type\":\"WebPage\",\"@id\":\"https:\\\/\\\/staging.norfran.co.uk\\\/services\\\/cnc-machining\\\/\",\"url\":\"https:\\\/\\\/staging.norfran.co.uk\\\/services\\\/cnc-machining\\\/\",\"name\":\"CNC Machining for High-Quality Die Cast Components - Norfran\",\"isPartOf\":{\"@id\":\"https:\\\/\\\/staging.norfran.co.uk\\\/#website\"},\"primaryImageOfPage\":{\"@id\":\"https:\\\/\\\/staging.norfran.co.uk\\\/services\\\/cnc-machining\\\/#primaryimage\"},\"image\":{\"@id\":\"https:\\\/\\\/staging.norfran.co.uk\\\/services\\\/cnc-machining\\\/#primaryimage\"},\"thumbnailUrl\":\"https:\\\/\\\/staging.norfran.co.uk\\\/wp-content\\\/uploads\\\/2021\\\/05\\\/CNC-Machining-1.jpg\",\"datePublished\":\"2021-05-12T10:17:00+00:00\",\"dateModified\":\"2024-02-01T09:47:54+00:00\",\"description\":\"CNC Machining: Efficient solutions for complex geometries. Norfran offer CNC Machining for High-Quality Die Cast Components\",\"breadcrumb\":{\"@id\":\"https:\\\/\\\/staging.norfran.co.uk\\\/services\\\/cnc-machining\\\/#breadcrumb\"},\"inLanguage\":\"fr-FR\",\"potentialAction\":[{\"@type\":\"ReadAction\",\"target\":[\"https:\\\/\\\/staging.norfran.co.uk\\\/services\\\/cnc-machining\\\/\"]}]},{\"@type\":\"ImageObject\",\"inLanguage\":\"fr-FR\",\"@id\":\"https:\\\/\\\/staging.norfran.co.uk\\\/services\\\/cnc-machining\\\/#primaryimage\",\"url\":\"https:\\\/\\\/staging.norfran.co.uk\\\/wp-content\\\/uploads\\\/2021\\\/05\\\/CNC-Machining-1.jpg\",\"contentUrl\":\"https:\\\/\\\/staging.norfran.co.uk\\\/wp-content\\\/uploads\\\/2021\\\/05\\\/CNC-Machining-1.jpg\"},{\"@type\":\"BreadcrumbList\",\"@id\":\"https:\\\/\\\/staging.norfran.co.uk\\\/services\\\/cnc-machining\\\/#breadcrumb\",\"itemListElement\":[{\"@type\":\"ListItem\",\"position\":1,\"name\":\"Home\",\"item\":\"https:\\\/\\\/staging.norfran.co.uk\\\/\"},{\"@type\":\"ListItem\",\"position\":2,\"name\":\"Services\",\"item\":\"https:\\\/\\\/staging.norfran.co.uk\\\/services\\\/\"},{\"@type\":\"ListItem\",\"position\":3,\"name\":\"CNC Machining\"}]},{\"@type\":\"WebSite\",\"@id\":\"https:\\\/\\\/staging.norfran.co.uk\\\/#website\",\"url\":\"https:\\\/\\\/staging.norfran.co.uk\\\/\",\"name\":\"Norfran Limited\",\"description\":\"Precision Aluminium and Zinc Diecasters\",\"potentialAction\":[{\"@type\":\"SearchAction\",\"target\":{\"@type\":\"EntryPoint\",\"urlTemplate\":\"https:\\\/\\\/staging.norfran.co.uk\\\/?s={search_term_string}\"},\"query-input\":{\"@type\":\"PropertyValueSpecification\",\"valueRequired\":true,\"valueName\":\"search_term_string\"}}],\"inLanguage\":\"fr-FR\"}]}<\/script>\n<!-- \/ Yoast SEO plugin. -->","yoast_head_json":{"title":"CNC Machining for High-Quality Die Cast Components - Norfran","description":"CNC Machining: Efficient solutions for complex geometries. Norfran offer CNC Machining for High-Quality Die Cast Components","robots":{"index":"noindex","follow":"follow","max-snippet":"max-snippet:-1","max-image-preview":"max-image-preview:large","max-video-preview":"max-video-preview:-1"},"og_locale":"fr_FR","og_type":"article","og_title":"CNC Machining for High-Quality Die Cast Components - Norfran","og_description":"CNC Machining: Efficient solutions for complex geometries. Norfran offer CNC Machining for High-Quality Die Cast Components","og_url":"https:\/\/staging.norfran.co.uk\/services\/cnc-machining\/","og_site_name":"Norfran Limited","article_modified_time":"2024-02-01T09:47:54+00:00","og_image":[{"url":"https:\/\/staging.norfran.co.uk\/wp-content\/uploads\/2021\/05\/CNC-Machining-1.jpg","type":"","width":"","height":""}],"twitter_card":"summary_large_image","twitter_misc":{"Dur\u00e9e de lecture estim\u00e9e":"2 minutes"},"schema":{"@context":"https:\/\/schema.org","@graph":[{"@type":"WebPage","@id":"https:\/\/staging.norfran.co.uk\/services\/cnc-machining\/","url":"https:\/\/staging.norfran.co.uk\/services\/cnc-machining\/","name":"CNC Machining for High-Quality Die Cast Components - Norfran","isPartOf":{"@id":"https:\/\/staging.norfran.co.uk\/#website"},"primaryImageOfPage":{"@id":"https:\/\/staging.norfran.co.uk\/services\/cnc-machining\/#primaryimage"},"image":{"@id":"https:\/\/staging.norfran.co.uk\/services\/cnc-machining\/#primaryimage"},"thumbnailUrl":"https:\/\/staging.norfran.co.uk\/wp-content\/uploads\/2021\/05\/CNC-Machining-1.jpg","datePublished":"2021-05-12T10:17:00+00:00","dateModified":"2024-02-01T09:47:54+00:00","description":"CNC Machining: Efficient solutions for complex geometries. Norfran offer CNC Machining for High-Quality Die Cast Components","breadcrumb":{"@id":"https:\/\/staging.norfran.co.uk\/services\/cnc-machining\/#breadcrumb"},"inLanguage":"fr-FR","potentialAction":[{"@type":"ReadAction","target":["https:\/\/staging.norfran.co.uk\/services\/cnc-machining\/"]}]},{"@type":"ImageObject","inLanguage":"fr-FR","@id":"https:\/\/staging.norfran.co.uk\/services\/cnc-machining\/#primaryimage","url":"https:\/\/staging.norfran.co.uk\/wp-content\/uploads\/2021\/05\/CNC-Machining-1.jpg","contentUrl":"https:\/\/staging.norfran.co.uk\/wp-content\/uploads\/2021\/05\/CNC-Machining-1.jpg"},{"@type":"BreadcrumbList","@id":"https:\/\/staging.norfran.co.uk\/services\/cnc-machining\/#breadcrumb","itemListElement":[{"@type":"ListItem","position":1,"name":"Home","item":"https:\/\/staging.norfran.co.uk\/"},{"@type":"ListItem","position":2,"name":"Services","item":"https:\/\/staging.norfran.co.uk\/services\/"},{"@type":"ListItem","position":3,"name":"CNC Machining"}]},{"@type":"WebSite","@id":"https:\/\/staging.norfran.co.uk\/#website","url":"https:\/\/staging.norfran.co.uk\/","name":"Norfran Limited","description":"Precision Aluminium and Zinc Diecasters","potentialAction":[{"@type":"SearchAction","target":{"@type":"EntryPoint","urlTemplate":"https:\/\/staging.norfran.co.uk\/?s={search_term_string}"},"query-input":{"@type":"PropertyValueSpecification","valueRequired":true,"valueName":"search_term_string"}}],"inLanguage":"fr-FR"}]}},"_links":{"self":[{"href":"https:\/\/staging.norfran.co.uk\/fr\/wp-json\/wp\/v2\/pages\/11186","targetHints":{"allow":["GET"]}}],"collection":[{"href":"https:\/\/staging.norfran.co.uk\/fr\/wp-json\/wp\/v2\/pages"}],"about":[{"href":"https:\/\/staging.norfran.co.uk\/fr\/wp-json\/wp\/v2\/types\/page"}],"author":[{"embeddable":true,"href":"https:\/\/staging.norfran.co.uk\/fr\/wp-json\/wp\/v2\/users\/4"}],"replies":[{"embeddable":true,"href":"https:\/\/staging.norfran.co.uk\/fr\/wp-json\/wp\/v2\/comments?post=11186"}],"version-history":[{"count":0,"href":"https:\/\/staging.norfran.co.uk\/fr\/wp-json\/wp\/v2\/pages\/11186\/revisions"}],"up":[{"embeddable":true,"href":"https:\/\/staging.norfran.co.uk\/fr\/wp-json\/wp\/v2\/pages\/1811"}],"wp:attachment":[{"href":"https:\/\/staging.norfran.co.uk\/fr\/wp-json\/wp\/v2\/media?parent=11186"}],"curies":[{"name":"wp","href":"https:\/\/api.w.org\/{rel}","templated":true}]}}