{"id":2179,"date":"2017-05-25T11:35:09","date_gmt":"2017-05-25T11:35:09","guid":{"rendered":"http:\/\/pressurediecasting.co.uk\/?page_id=2179"},"modified":"2024-02-01T13:24:51","modified_gmt":"2024-02-01T13:24:51","slug":"cored-holes","status":"publish","type":"page","link":"https:\/\/staging.norfran.co.uk\/es\/technical\/cored-holes\/","title":{"rendered":"Agujeros ahuecados"},"content":{"rendered":"<p><img decoding=\"async\" class=\"alignnone size-full wp-image-2260 lazyload\" data-src=\"https:\/\/staging.norfran.co.uk\/wp-content\/uploads\/2013\/09\/Tech-cored-holes.jpg\" alt=\"Cored Holes\" width=\"100%\" data-srcset=\"https:\/\/staging.norfran.co.uk\/wp-content\/uploads\/2013\/09\/Tech-cored-holes.jpg 1400w, https:\/\/staging.norfran.co.uk\/wp-content\/uploads\/2013\/09\/Tech-cored-holes-300x47.jpg 300w, https:\/\/staging.norfran.co.uk\/wp-content\/uploads\/2013\/09\/Tech-cored-holes-768x121.jpg 768w, https:\/\/staging.norfran.co.uk\/wp-content\/uploads\/2013\/09\/Tech-cored-holes-1024x161.jpg 1024w\" data-sizes=\"auto\" src=\"data:image\/svg+xml;base64,PHN2ZyB3aWR0aD0iMSIgaGVpZ2h0PSIxIiB4bWxucz0iaHR0cDovL3d3dy53My5vcmcvMjAwMC9zdmciPjwvc3ZnPg==\" style=\"--smush-placeholder-width: 1400px; --smush-placeholder-aspect-ratio: 1400\/220;\" data-original-sizes=\"(max-width: 1400px) 100vw, 1400px\" \/><\/p>\n<h1>Agujeros ahuecados<\/h1>\n<p class=\"firstpara\"><strong>En la tabla siguiente se muestra la profundidad m\u00e1xima \u00f3ptima de los agujeros ahuecados en relaci\u00f3n con su di\u00e1metro. Los valores de la profundidad de los huecos est\u00e1n sujetos a los requisitos de dise\u00f1o.<\/strong><\/p>\n<p><img decoding=\"async\" data-src=\"https:\/\/staging.norfran.co.uk\/wp-content\/uploads\/2017\/07\/sp-techimg_cored_holes.gif\" alt=\"Cored Holes\" src=\"data:image\/svg+xml;base64,PHN2ZyB3aWR0aD0iMSIgaGVpZ2h0PSIxIiB4bWxucz0iaHR0cDovL3d3dy53My5vcmcvMjAwMC9zdmciPjwvc3ZnPg==\" class=\"lazyload\" style=\"--smush-placeholder-width: 577px; --smush-placeholder-aspect-ratio: 577\/148;\" \/><\/p>\n<p>*Para huecos mayores de 25,4 mm de di\u00e1metro, la profundidad del di\u00e1metro deber\u00e1 ser de 1:6.<\/p>\n<p><span class=\"blueBold\"><strong>Nota<\/strong> &#8211; <\/span>La profundidad mostrada no se puede aplicar en condiciones en las que los agujeros de los di\u00e1metros peque\u00f1os tengan una distancia adecuada y, seg\u00fan el dise\u00f1o, est\u00e9n sujetos a la reducci\u00f3n de la presi\u00f3n.<\/p>","protected":false},"excerpt":{"rendered":"<p>Agujeros ahuecados En la tabla siguiente se muestra la profundidad m\u00e1xima \u00f3ptima de los agujeros ahuecados en relaci\u00f3n con su di\u00e1metro. Los valores de la profundidad de los huecos est\u00e1n sujetos a los requisitos de dise\u00f1o. *Para huecos mayores de 25,4 mm de di\u00e1metro, la profundidad del di\u00e1metro deber\u00e1 ser de 1:6. Nota &#8211; La profundidad mostrada no se puede aplicar en condiciones en las que los agujeros de los di\u00e1metros peque\u00f1os tengan una distancia adecuada y, seg\u00fan el dise\u00f1o,&hellip;<\/p>\n","protected":false},"author":2,"featured_media":0,"parent":2166,"menu_order":5,"comment_status":"closed","ping_status":"closed","template":"","meta":{"footnotes":""},"class_list":["post-2179","page","type-page","status-publish","hentry"],"yoast_head":"<!-- This site is optimized with the Yoast SEO plugin v27.4 - https:\/\/yoast.com\/product\/yoast-seo-wordpress\/ -->\n<title>Cored Holes | Optimum greatest depth of cored holes<\/title>\n<meta name=\"description\" content=\"Cored holes: Optimum greatest depth of cored holes related to diameter. Values shown for hole depths are subject to the draft requirements.\" \/>\n<meta name=\"robots\" content=\"noindex, follow, max-snippet:-1, max-image-preview:large, max-video-preview:-1\" \/>\n<meta property=\"og:locale\" content=\"es_ES\" \/>\n<meta property=\"og:type\" content=\"article\" \/>\n<meta property=\"og:title\" content=\"Cored Holes | Optimum greatest depth of cored holes\" \/>\n<meta property=\"og:description\" content=\"Cored holes: Optimum greatest depth of cored holes related to diameter. Values shown for hole depths are subject to the draft requirements.\" \/>\n<meta property=\"og:url\" content=\"https:\/\/staging.norfran.co.uk\/technical\/cored-holes\/\" \/>\n<meta property=\"og:site_name\" content=\"Norfran Limited\" \/>\n<meta property=\"article:modified_time\" content=\"2024-02-01T13:24:51+00:00\" \/>\n<meta property=\"og:image\" content=\"https:\/\/staging.norfran.co.uk\/wp-content\/uploads\/2013\/09\/Tech-cored-holes.jpg\" \/>\n<meta name=\"twitter:card\" content=\"summary_large_image\" \/>\n<meta name=\"twitter:label1\" content=\"Tiempo de lectura\" \/>\n\t<meta name=\"twitter:data1\" content=\"1 minuto\" \/>\n<script type=\"application\/ld+json\" class=\"yoast-schema-graph\">{\"@context\":\"https:\\\/\\\/schema.org\",\"@graph\":[{\"@type\":\"WebPage\",\"@id\":\"https:\\\/\\\/staging.norfran.co.uk\\\/technical\\\/cored-holes\\\/\",\"url\":\"https:\\\/\\\/staging.norfran.co.uk\\\/technical\\\/cored-holes\\\/\",\"name\":\"Cored Holes | Optimum greatest depth of cored holes\",\"isPartOf\":{\"@id\":\"https:\\\/\\\/staging.norfran.co.uk\\\/#website\"},\"primaryImageOfPage\":{\"@id\":\"https:\\\/\\\/staging.norfran.co.uk\\\/technical\\\/cored-holes\\\/#primaryimage\"},\"image\":{\"@id\":\"https:\\\/\\\/staging.norfran.co.uk\\\/technical\\\/cored-holes\\\/#primaryimage\"},\"thumbnailUrl\":\"https:\\\/\\\/staging.norfran.co.uk\\\/wp-content\\\/uploads\\\/2013\\\/09\\\/Tech-cored-holes.jpg\",\"datePublished\":\"2017-05-25T11:35:09+00:00\",\"dateModified\":\"2024-02-01T13:24:51+00:00\",\"description\":\"Cored holes: Optimum greatest depth of cored holes related to diameter. Values shown for hole depths are subject to the draft requirements.\",\"breadcrumb\":{\"@id\":\"https:\\\/\\\/staging.norfran.co.uk\\\/technical\\\/cored-holes\\\/#breadcrumb\"},\"inLanguage\":\"es\",\"potentialAction\":[{\"@type\":\"ReadAction\",\"target\":[\"https:\\\/\\\/staging.norfran.co.uk\\\/technical\\\/cored-holes\\\/\"]}]},{\"@type\":\"ImageObject\",\"inLanguage\":\"es\",\"@id\":\"https:\\\/\\\/staging.norfran.co.uk\\\/technical\\\/cored-holes\\\/#primaryimage\",\"url\":\"https:\\\/\\\/staging.norfran.co.uk\\\/wp-content\\\/uploads\\\/2013\\\/09\\\/Tech-cored-holes.jpg\",\"contentUrl\":\"https:\\\/\\\/staging.norfran.co.uk\\\/wp-content\\\/uploads\\\/2013\\\/09\\\/Tech-cored-holes.jpg\"},{\"@type\":\"BreadcrumbList\",\"@id\":\"https:\\\/\\\/staging.norfran.co.uk\\\/technical\\\/cored-holes\\\/#breadcrumb\",\"itemListElement\":[{\"@type\":\"ListItem\",\"position\":1,\"name\":\"Home\",\"item\":\"https:\\\/\\\/staging.norfran.co.uk\\\/\"},{\"@type\":\"ListItem\",\"position\":2,\"name\":\"Technical\",\"item\":\"https:\\\/\\\/staging.norfran.co.uk\\\/technical\\\/\"},{\"@type\":\"ListItem\",\"position\":3,\"name\":\"Cored Holes\"}]},{\"@type\":\"WebSite\",\"@id\":\"https:\\\/\\\/staging.norfran.co.uk\\\/#website\",\"url\":\"https:\\\/\\\/staging.norfran.co.uk\\\/\",\"name\":\"Norfran Limited\",\"description\":\"Precision Aluminium and Zinc Diecasters\",\"potentialAction\":[{\"@type\":\"SearchAction\",\"target\":{\"@type\":\"EntryPoint\",\"urlTemplate\":\"https:\\\/\\\/staging.norfran.co.uk\\\/?s={search_term_string}\"},\"query-input\":{\"@type\":\"PropertyValueSpecification\",\"valueRequired\":true,\"valueName\":\"search_term_string\"}}],\"inLanguage\":\"es\"}]}<\/script>\n<!-- \/ Yoast SEO plugin. -->","yoast_head_json":{"title":"Cored Holes | Optimum greatest depth of cored holes","description":"Cored holes: Optimum greatest depth of cored holes related to diameter. Values shown for hole depths are subject to the draft requirements.","robots":{"index":"noindex","follow":"follow","max-snippet":"max-snippet:-1","max-image-preview":"max-image-preview:large","max-video-preview":"max-video-preview:-1"},"og_locale":"es_ES","og_type":"article","og_title":"Cored Holes | Optimum greatest depth of cored holes","og_description":"Cored holes: Optimum greatest depth of cored holes related to diameter. Values shown for hole depths are subject to the draft requirements.","og_url":"https:\/\/staging.norfran.co.uk\/technical\/cored-holes\/","og_site_name":"Norfran Limited","article_modified_time":"2024-02-01T13:24:51+00:00","og_image":[{"url":"https:\/\/staging.norfran.co.uk\/wp-content\/uploads\/2013\/09\/Tech-cored-holes.jpg","type":"","width":"","height":""}],"twitter_card":"summary_large_image","twitter_misc":{"Tiempo de lectura":"1 minuto"},"schema":{"@context":"https:\/\/schema.org","@graph":[{"@type":"WebPage","@id":"https:\/\/staging.norfran.co.uk\/technical\/cored-holes\/","url":"https:\/\/staging.norfran.co.uk\/technical\/cored-holes\/","name":"Cored Holes | Optimum greatest depth of cored holes","isPartOf":{"@id":"https:\/\/staging.norfran.co.uk\/#website"},"primaryImageOfPage":{"@id":"https:\/\/staging.norfran.co.uk\/technical\/cored-holes\/#primaryimage"},"image":{"@id":"https:\/\/staging.norfran.co.uk\/technical\/cored-holes\/#primaryimage"},"thumbnailUrl":"https:\/\/staging.norfran.co.uk\/wp-content\/uploads\/2013\/09\/Tech-cored-holes.jpg","datePublished":"2017-05-25T11:35:09+00:00","dateModified":"2024-02-01T13:24:51+00:00","description":"Cored holes: Optimum greatest depth of cored holes related to diameter. Values shown for hole depths are subject to the draft requirements.","breadcrumb":{"@id":"https:\/\/staging.norfran.co.uk\/technical\/cored-holes\/#breadcrumb"},"inLanguage":"es","potentialAction":[{"@type":"ReadAction","target":["https:\/\/staging.norfran.co.uk\/technical\/cored-holes\/"]}]},{"@type":"ImageObject","inLanguage":"es","@id":"https:\/\/staging.norfran.co.uk\/technical\/cored-holes\/#primaryimage","url":"https:\/\/staging.norfran.co.uk\/wp-content\/uploads\/2013\/09\/Tech-cored-holes.jpg","contentUrl":"https:\/\/staging.norfran.co.uk\/wp-content\/uploads\/2013\/09\/Tech-cored-holes.jpg"},{"@type":"BreadcrumbList","@id":"https:\/\/staging.norfran.co.uk\/technical\/cored-holes\/#breadcrumb","itemListElement":[{"@type":"ListItem","position":1,"name":"Home","item":"https:\/\/staging.norfran.co.uk\/"},{"@type":"ListItem","position":2,"name":"Technical","item":"https:\/\/staging.norfran.co.uk\/technical\/"},{"@type":"ListItem","position":3,"name":"Cored Holes"}]},{"@type":"WebSite","@id":"https:\/\/staging.norfran.co.uk\/#website","url":"https:\/\/staging.norfran.co.uk\/","name":"Norfran Limited","description":"Precision Aluminium and Zinc Diecasters","potentialAction":[{"@type":"SearchAction","target":{"@type":"EntryPoint","urlTemplate":"https:\/\/staging.norfran.co.uk\/?s={search_term_string}"},"query-input":{"@type":"PropertyValueSpecification","valueRequired":true,"valueName":"search_term_string"}}],"inLanguage":"es"}]}},"_links":{"self":[{"href":"https:\/\/staging.norfran.co.uk\/es\/wp-json\/wp\/v2\/pages\/2179","targetHints":{"allow":["GET"]}}],"collection":[{"href":"https:\/\/staging.norfran.co.uk\/es\/wp-json\/wp\/v2\/pages"}],"about":[{"href":"https:\/\/staging.norfran.co.uk\/es\/wp-json\/wp\/v2\/types\/page"}],"author":[{"embeddable":true,"href":"https:\/\/staging.norfran.co.uk\/es\/wp-json\/wp\/v2\/users\/2"}],"replies":[{"embeddable":true,"href":"https:\/\/staging.norfran.co.uk\/es\/wp-json\/wp\/v2\/comments?post=2179"}],"version-history":[{"count":0,"href":"https:\/\/staging.norfran.co.uk\/es\/wp-json\/wp\/v2\/pages\/2179\/revisions"}],"up":[{"embeddable":true,"href":"https:\/\/staging.norfran.co.uk\/es\/wp-json\/wp\/v2\/pages\/2166"}],"wp:attachment":[{"href":"https:\/\/staging.norfran.co.uk\/es\/wp-json\/wp\/v2\/media?parent=2179"}],"curies":[{"name":"wp","href":"https:\/\/api.w.org\/{rel}","templated":true}]}}