{"id":11219,"date":"2021-05-12T11:27:05","date_gmt":"2021-05-12T11:27:05","guid":{"rendered":"https:\/\/norfran.co.uk\/?page_id=11219"},"modified":"2024-02-01T15:48:50","modified_gmt":"2024-02-01T15:48:50","slug":"outsourcing-and-logistics","status":"publish","type":"page","link":"https:\/\/staging.norfran.co.uk\/es\/services\/outsourcing-and-logistics\/","title":{"rendered":"Externalizaci\u00f3n y log\u00edstica"},"content":{"rendered":"<p><img decoding=\"async\" class=\"alignnone size-full wp-image-11220 lazyload\" data-src=\"https:\/\/staging.norfran.co.uk\/wp-content\/uploads\/2021\/05\/Diecasting-Outsourcing-Logistics-3.jpg\" alt=\"\" width=\"1180\" height=\"300\" data-srcset=\"https:\/\/staging.norfran.co.uk\/wp-content\/uploads\/2021\/05\/Diecasting-Outsourcing-Logistics-3.jpg 1180w, https:\/\/staging.norfran.co.uk\/wp-content\/uploads\/2021\/05\/Diecasting-Outsourcing-Logistics-3-300x76.jpg 300w, https:\/\/staging.norfran.co.uk\/wp-content\/uploads\/2021\/05\/Diecasting-Outsourcing-Logistics-3-1024x260.jpg 1024w, https:\/\/staging.norfran.co.uk\/wp-content\/uploads\/2021\/05\/Diecasting-Outsourcing-Logistics-3-768x195.jpg 768w\" data-sizes=\"auto\" src=\"data:image\/svg+xml;base64,PHN2ZyB3aWR0aD0iMSIgaGVpZ2h0PSIxIiB4bWxucz0iaHR0cDovL3d3dy53My5vcmcvMjAwMC9zdmciPjwvc3ZnPg==\" style=\"--smush-placeholder-width: 1180px; --smush-placeholder-aspect-ratio: 1180\/300;\" data-original-sizes=\"(max-width: 1180px) 100vw, 1180px\" \/><\/p>\n<div class=\"outsource-layout\"><img decoding=\"async\" class=\"alignnone size-medium wp-image-11135 image lazyload\" data-src=\"https:\/\/staging.norfran.co.uk\/wp-content\/uploads\/2021\/05\/Outsourcing-Logistics-2-e1620227730279-295x300.jpg\" alt=\"\" width=\"295\" height=\"300\" data-srcset=\"https:\/\/staging.norfran.co.uk\/wp-content\/uploads\/2021\/05\/Outsourcing-Logistics-2-e1620227730279-295x300.jpg 295w, https:\/\/staging.norfran.co.uk\/wp-content\/uploads\/2021\/05\/Outsourcing-Logistics-2-e1620227730279.jpg 450w\" data-sizes=\"auto\" src=\"data:image\/svg+xml;base64,PHN2ZyB3aWR0aD0iMSIgaGVpZ2h0PSIxIiB4bWxucz0iaHR0cDovL3d3dy53My5vcmcvMjAwMC9zdmciPjwvc3ZnPg==\" style=\"--smush-placeholder-width: 295px; --smush-placeholder-aspect-ratio: 295\/300;\" data-original-sizes=\"(max-width: 295px) 100vw, 295px\" \/><br \/>\n<img decoding=\"async\" class=\"alignnone size-medium wp-image-11134 image lazyload\" data-src=\"https:\/\/staging.norfran.co.uk\/wp-content\/uploads\/2021\/05\/Outsourcing-Logistics-288x300.jpg\" alt=\"\" width=\"288\" height=\"300\" data-srcset=\"https:\/\/staging.norfran.co.uk\/wp-content\/uploads\/2021\/05\/Outsourcing-Logistics-288x300.jpg 288w, https:\/\/staging.norfran.co.uk\/wp-content\/uploads\/2021\/05\/Outsourcing-Logistics.jpg 600w\" data-sizes=\"auto\" src=\"data:image\/svg+xml;base64,PHN2ZyB3aWR0aD0iMSIgaGVpZ2h0PSIxIiB4bWxucz0iaHR0cDovL3d3dy53My5vcmcvMjAwMC9zdmciPjwvc3ZnPg==\" style=\"--smush-placeholder-width: 288px; --smush-placeholder-aspect-ratio: 288\/300;\" data-original-sizes=\"(max-width: 288px) 100vw, 288px\" \/><\/p>\n<div class=\"text\">\n<p>Siempre que sea posible, se suministran productos totalmente acabados, por lo que tenemos amplia experiencia y la capacidad de buscar y gestionar procesos m\u00e1s especializados, como la pintura en polvo, el pulverizado h\u00famedo, el chapado y el pulido. Esto es una prueba m\u00e1s de que Norfran est\u00e1 dispuesto a hacer un esfuerzo adicional para satisfacer las necesidades de nuestros clientes.<\/p>\n<p>Las piezas de fundici\u00f3n y los productos acabados pueden fabricarse y entregarse mediante m\u00e9todos KAN-BAN, JIT, pedidos \u00fanicos o en cantidades de lotes programados. El transporte lo puede realizar la propia flota de Norfran, un transportista de preferencia o los propios veh\u00edculos del cliente.<\/p>\n<\/div>\n<\/div>\n<p><\/p>","protected":false},"excerpt":{"rendered":"<p>Siempre que sea posible, se suministran productos totalmente acabados, por lo que tenemos amplia experiencia y la capacidad de buscar y gestionar procesos m\u00e1s especializados, como la pintura en polvo, el pulverizado h\u00famedo, el chapado y el pulido. Esto es una prueba m\u00e1s de que Norfran est\u00e1 dispuesto a hacer un esfuerzo adicional para satisfacer las necesidades de nuestros clientes. Las piezas de fundici\u00f3n y los productos acabados pueden fabricarse y entregarse mediante m\u00e9todos KAN-BAN, JIT, pedidos \u00fanicos o en&hellip;<\/p>\n","protected":false},"author":4,"featured_media":0,"parent":1811,"menu_order":0,"comment_status":"closed","ping_status":"closed","template":"","meta":{"footnotes":""},"class_list":["post-11219","page","type-page","status-publish","hentry"],"yoast_head":"<!-- This site is optimized with the Yoast SEO plugin v27.4 - https:\/\/yoast.com\/product\/yoast-seo-wordpress\/ -->\n<title>Externalizaci\u00f3n y log\u00edstica - Norfran Limited<\/title>\n<meta name=\"description\" content=\"Outsourcing and Logistics: Finished products are supplied wherever possible. Norfran can outsource and manage more specialised processes\" \/>\n<meta name=\"robots\" content=\"noindex, follow, max-snippet:-1, max-image-preview:large, max-video-preview:-1\" \/>\n<meta property=\"og:locale\" content=\"es_ES\" \/>\n<meta property=\"og:type\" content=\"article\" \/>\n<meta property=\"og:title\" content=\"Externalizaci\u00f3n y log\u00edstica - Norfran Limited\" \/>\n<meta property=\"og:description\" content=\"Outsourcing and Logistics: Finished products are supplied wherever possible. Norfran can outsource and manage more specialised processes\" \/>\n<meta property=\"og:url\" content=\"https:\/\/staging.norfran.co.uk\/services\/outsourcing-and-logistics\/\" \/>\n<meta property=\"og:site_name\" content=\"Norfran Limited\" \/>\n<meta property=\"article:modified_time\" content=\"2024-02-01T15:48:50+00:00\" \/>\n<meta property=\"og:image\" content=\"https:\/\/staging.norfran.co.uk\/wp-content\/uploads\/2021\/05\/Diecasting-Outsourcing-Logistics-3.jpg\" \/>\n<meta name=\"twitter:card\" content=\"summary_large_image\" \/>\n<meta name=\"twitter:label1\" content=\"Tiempo de lectura\" \/>\n\t<meta name=\"twitter:data1\" content=\"2 minutos\" \/>\n<script type=\"application\/ld+json\" class=\"yoast-schema-graph\">{\"@context\":\"https:\\\/\\\/schema.org\",\"@graph\":[{\"@type\":\"WebPage\",\"@id\":\"https:\\\/\\\/staging.norfran.co.uk\\\/services\\\/outsourcing-and-logistics\\\/\",\"url\":\"https:\\\/\\\/staging.norfran.co.uk\\\/services\\\/outsourcing-and-logistics\\\/\",\"name\":\"[:en]Outsourcing and Logistics[:de]Outsourcing und Logistik[:fr]Externalisation et logistique[:es]Externalizaci\u00f3n y log\u00edstica[:] - Norfran Limited\",\"isPartOf\":{\"@id\":\"https:\\\/\\\/staging.norfran.co.uk\\\/#website\"},\"primaryImageOfPage\":{\"@id\":\"https:\\\/\\\/staging.norfran.co.uk\\\/services\\\/outsourcing-and-logistics\\\/#primaryimage\"},\"image\":{\"@id\":\"https:\\\/\\\/staging.norfran.co.uk\\\/services\\\/outsourcing-and-logistics\\\/#primaryimage\"},\"thumbnailUrl\":\"https:\\\/\\\/staging.norfran.co.uk\\\/wp-content\\\/uploads\\\/2021\\\/05\\\/Diecasting-Outsourcing-Logistics-3.jpg\",\"datePublished\":\"2021-05-12T11:27:05+00:00\",\"dateModified\":\"2024-02-01T15:48:50+00:00\",\"description\":\"Outsourcing and Logistics: Finished products are supplied wherever possible. Norfran can outsource and manage more specialised processes\",\"breadcrumb\":{\"@id\":\"https:\\\/\\\/staging.norfran.co.uk\\\/services\\\/outsourcing-and-logistics\\\/#breadcrumb\"},\"inLanguage\":\"es\",\"potentialAction\":[{\"@type\":\"ReadAction\",\"target\":[\"https:\\\/\\\/staging.norfran.co.uk\\\/services\\\/outsourcing-and-logistics\\\/\"]}]},{\"@type\":\"ImageObject\",\"inLanguage\":\"es\",\"@id\":\"https:\\\/\\\/staging.norfran.co.uk\\\/services\\\/outsourcing-and-logistics\\\/#primaryimage\",\"url\":\"https:\\\/\\\/staging.norfran.co.uk\\\/wp-content\\\/uploads\\\/2021\\\/05\\\/Diecasting-Outsourcing-Logistics-3.jpg\",\"contentUrl\":\"https:\\\/\\\/staging.norfran.co.uk\\\/wp-content\\\/uploads\\\/2021\\\/05\\\/Diecasting-Outsourcing-Logistics-3.jpg\"},{\"@type\":\"BreadcrumbList\",\"@id\":\"https:\\\/\\\/staging.norfran.co.uk\\\/services\\\/outsourcing-and-logistics\\\/#breadcrumb\",\"itemListElement\":[{\"@type\":\"ListItem\",\"position\":1,\"name\":\"Home\",\"item\":\"https:\\\/\\\/staging.norfran.co.uk\\\/\"},{\"@type\":\"ListItem\",\"position\":2,\"name\":\"Services\",\"item\":\"https:\\\/\\\/staging.norfran.co.uk\\\/services\\\/\"},{\"@type\":\"ListItem\",\"position\":3,\"name\":\"Outsourcing and Logistics\"}]},{\"@type\":\"WebSite\",\"@id\":\"https:\\\/\\\/staging.norfran.co.uk\\\/#website\",\"url\":\"https:\\\/\\\/staging.norfran.co.uk\\\/\",\"name\":\"Norfran Limited\",\"description\":\"Precision Aluminium and Zinc Diecasters\",\"potentialAction\":[{\"@type\":\"SearchAction\",\"target\":{\"@type\":\"EntryPoint\",\"urlTemplate\":\"https:\\\/\\\/staging.norfran.co.uk\\\/?s={search_term_string}\"},\"query-input\":{\"@type\":\"PropertyValueSpecification\",\"valueRequired\":true,\"valueName\":\"search_term_string\"}}],\"inLanguage\":\"es\"}]}<\/script>\n<!-- \/ Yoast SEO plugin. -->","yoast_head_json":{"title":"Externalizaci\u00f3n y log\u00edstica - Norfran Limited","description":"Outsourcing and Logistics: Finished products are supplied wherever possible. Norfran can outsource and manage more specialised processes","robots":{"index":"noindex","follow":"follow","max-snippet":"max-snippet:-1","max-image-preview":"max-image-preview:large","max-video-preview":"max-video-preview:-1"},"og_locale":"es_ES","og_type":"article","og_title":"Externalizaci\u00f3n y log\u00edstica - Norfran Limited","og_description":"Outsourcing and Logistics: Finished products are supplied wherever possible. Norfran can outsource and manage more specialised processes","og_url":"https:\/\/staging.norfran.co.uk\/services\/outsourcing-and-logistics\/","og_site_name":"Norfran Limited","article_modified_time":"2024-02-01T15:48:50+00:00","og_image":[{"url":"https:\/\/staging.norfran.co.uk\/wp-content\/uploads\/2021\/05\/Diecasting-Outsourcing-Logistics-3.jpg","type":"","width":"","height":""}],"twitter_card":"summary_large_image","twitter_misc":{"Tiempo de lectura":"2 minutos"},"schema":{"@context":"https:\/\/schema.org","@graph":[{"@type":"WebPage","@id":"https:\/\/staging.norfran.co.uk\/services\/outsourcing-and-logistics\/","url":"https:\/\/staging.norfran.co.uk\/services\/outsourcing-and-logistics\/","name":"[:en]Outsourcing and Logistics[:de]Outsourcing und Logistik[:fr]Externalisation et logistique[:es]Externalizaci\u00f3n y log\u00edstica[:] - Norfran Limited","isPartOf":{"@id":"https:\/\/staging.norfran.co.uk\/#website"},"primaryImageOfPage":{"@id":"https:\/\/staging.norfran.co.uk\/services\/outsourcing-and-logistics\/#primaryimage"},"image":{"@id":"https:\/\/staging.norfran.co.uk\/services\/outsourcing-and-logistics\/#primaryimage"},"thumbnailUrl":"https:\/\/staging.norfran.co.uk\/wp-content\/uploads\/2021\/05\/Diecasting-Outsourcing-Logistics-3.jpg","datePublished":"2021-05-12T11:27:05+00:00","dateModified":"2024-02-01T15:48:50+00:00","description":"Outsourcing and Logistics: Finished products are supplied wherever possible. Norfran can outsource and manage more specialised processes","breadcrumb":{"@id":"https:\/\/staging.norfran.co.uk\/services\/outsourcing-and-logistics\/#breadcrumb"},"inLanguage":"es","potentialAction":[{"@type":"ReadAction","target":["https:\/\/staging.norfran.co.uk\/services\/outsourcing-and-logistics\/"]}]},{"@type":"ImageObject","inLanguage":"es","@id":"https:\/\/staging.norfran.co.uk\/services\/outsourcing-and-logistics\/#primaryimage","url":"https:\/\/staging.norfran.co.uk\/wp-content\/uploads\/2021\/05\/Diecasting-Outsourcing-Logistics-3.jpg","contentUrl":"https:\/\/staging.norfran.co.uk\/wp-content\/uploads\/2021\/05\/Diecasting-Outsourcing-Logistics-3.jpg"},{"@type":"BreadcrumbList","@id":"https:\/\/staging.norfran.co.uk\/services\/outsourcing-and-logistics\/#breadcrumb","itemListElement":[{"@type":"ListItem","position":1,"name":"Home","item":"https:\/\/staging.norfran.co.uk\/"},{"@type":"ListItem","position":2,"name":"Services","item":"https:\/\/staging.norfran.co.uk\/services\/"},{"@type":"ListItem","position":3,"name":"Outsourcing and Logistics"}]},{"@type":"WebSite","@id":"https:\/\/staging.norfran.co.uk\/#website","url":"https:\/\/staging.norfran.co.uk\/","name":"Norfran Limited","description":"Precision Aluminium and Zinc Diecasters","potentialAction":[{"@type":"SearchAction","target":{"@type":"EntryPoint","urlTemplate":"https:\/\/staging.norfran.co.uk\/?s={search_term_string}"},"query-input":{"@type":"PropertyValueSpecification","valueRequired":true,"valueName":"search_term_string"}}],"inLanguage":"es"}]}},"_links":{"self":[{"href":"https:\/\/staging.norfran.co.uk\/es\/wp-json\/wp\/v2\/pages\/11219","targetHints":{"allow":["GET"]}}],"collection":[{"href":"https:\/\/staging.norfran.co.uk\/es\/wp-json\/wp\/v2\/pages"}],"about":[{"href":"https:\/\/staging.norfran.co.uk\/es\/wp-json\/wp\/v2\/types\/page"}],"author":[{"embeddable":true,"href":"https:\/\/staging.norfran.co.uk\/es\/wp-json\/wp\/v2\/users\/4"}],"replies":[{"embeddable":true,"href":"https:\/\/staging.norfran.co.uk\/es\/wp-json\/wp\/v2\/comments?post=11219"}],"version-history":[{"count":0,"href":"https:\/\/staging.norfran.co.uk\/es\/wp-json\/wp\/v2\/pages\/11219\/revisions"}],"up":[{"embeddable":true,"href":"https:\/\/staging.norfran.co.uk\/es\/wp-json\/wp\/v2\/pages\/1811"}],"wp:attachment":[{"href":"https:\/\/staging.norfran.co.uk\/es\/wp-json\/wp\/v2\/media?parent=11219"}],"curies":[{"name":"wp","href":"https:\/\/api.w.org\/{rel}","templated":true}]}}