{"id":11204,"date":"2021-05-12T11:01:38","date_gmt":"2021-05-12T11:01:38","guid":{"rendered":"https:\/\/norfran.co.uk\/?page_id=11204"},"modified":"2024-02-01T09:35:29","modified_gmt":"2024-02-01T09:35:29","slug":"aluminium-and-zinc-die-casting","status":"publish","type":"page","link":"https:\/\/staging.norfran.co.uk\/es\/services\/aluminium-and-zinc-die-casting\/","title":{"rendered":"Fundici\u00f3n a presi\u00f3n de aluminio y zinc"},"content":{"rendered":"<p><img decoding=\"async\" class=\"size-full wp-image-11205 aligncenter lazyload\" data-src=\"https:\/\/staging.norfran.co.uk\/wp-content\/uploads\/2021\/05\/aluminium-and-zinc-diecasting.jpg\" alt=\"\" width=\"1400\" height=\"245\" data-srcset=\"https:\/\/staging.norfran.co.uk\/wp-content\/uploads\/2021\/05\/aluminium-and-zinc-diecasting.jpg 1400w, https:\/\/staging.norfran.co.uk\/wp-content\/uploads\/2021\/05\/aluminium-and-zinc-diecasting-300x53.jpg 300w, https:\/\/staging.norfran.co.uk\/wp-content\/uploads\/2021\/05\/aluminium-and-zinc-diecasting-1024x179.jpg 1024w, https:\/\/staging.norfran.co.uk\/wp-content\/uploads\/2021\/05\/aluminium-and-zinc-diecasting-768x134.jpg 768w\" data-sizes=\"auto\" src=\"data:image\/svg+xml;base64,PHN2ZyB3aWR0aD0iMSIgaGVpZ2h0PSIxIiB4bWxucz0iaHR0cDovL3d3dy53My5vcmcvMjAwMC9zdmciPjwvc3ZnPg==\" style=\"--smush-placeholder-width: 1400px; --smush-placeholder-aspect-ratio: 1400\/245;\" data-original-sizes=\"(max-width: 1400px) 100vw, 1400px\" \/><\/p>\n<h2><strong>Fundici\u00f3n a alta presi\u00f3n de aluminio y zinc<\/strong><\/h2>\n<p>La fundici\u00f3n a presi\u00f3n de aluminio y zinc es un m\u00e9todo de fabricaci\u00f3n muy utilizado para producir componentes de aluminio, zinc y otras aleaciones mediante el prensado de la aleaci\u00f3n fundida en moldes de acero reutilizables a altas presiones. Este proceso da lugar a la producci\u00f3n de piezas y componentes con geometr\u00edas complejas, con gran precisi\u00f3n, y permite la posibilidad de producir a gran escala.<\/p>\n<p>Los componentes fabricados con tecnolog\u00edas de fundici\u00f3n a presi\u00f3n pueden lograr geometr\u00edas afiladas y superficies lisas o texturizadas, lo que los hace adecuados para una amplia gama de productos y aplicaciones.<\/p>\n<p>Nuestra fundici\u00f3n de alta presi\u00f3n dispone de una amplia gama de maquinaria para proporcionar flexibilidad en la producci\u00f3n. Nuestra maquinaria puede adaptarse a la fabricaci\u00f3n de piezas fundidas de diferentes formas y tama\u00f1os.<\/p>\n<p>Norfran tiene amplia experiencia en la fabricaci\u00f3n de piezas de fundici\u00f3n a presi\u00f3n herm\u00e9ticas, as\u00ed como en la fundici\u00f3n de componentes, como por ejemplo, cierres, tuber\u00edas e incluso componentes el\u00e9ctricos.<\/p>\n<p>Norfran cuenta con un programa de inversi\u00f3n continua, que ha dado como resultado 13 c\u00e9lulas de fundici\u00f3n a presi\u00f3n totalmente automatizadas con robots ABB de 6 ejes y sistemas de pulverizado CNC de 2 ejes. Nuestras c\u00e9lulas totalmente automatizadas se utilizan normalmente para series de producci\u00f3n de gran volumen y de larga duraci\u00f3n. Las 4 m\u00e1quinas restantes est\u00e1n semiautomatizadas para series de producci\u00f3n m\u00e1s peque\u00f1as. En total, las instalaciones cuentan con 17 m\u00e1quinas de fundici\u00f3n a presi\u00f3n de aluminio en c\u00e1mara fr\u00eda que van desde 180 toneladas hasta 800 toneladas, y tambi\u00e9n disponemos de 4 m\u00e1quinas de fundici\u00f3n a presi\u00f3n de zinc en c\u00e1mara caliente que van desde 20 toneladas hasta 200 toneladas. Podemos fundir desde 0,002 kg hasta 9,00 kg.<\/p>\n<h3><strong>Las ventajas de la fundici\u00f3n a alta presi\u00f3n<\/strong><\/h3>\n<p>Producci\u00f3n de alta velocidad: La fundici\u00f3n a presi\u00f3n proporciona formas complejas con menores tolerancias que muchos otros procesos de producci\u00f3n en serie. Se requiere poco o ning\u00fan mecanizado y se pueden producir cientos de miles de piezas de fundici\u00f3n id\u00e9nticas antes de que hagan falta herramientas adicionales.<\/p>\n<p>Precisi\u00f3n dimensional y estabilidad: La fundici\u00f3n a presi\u00f3n produce piezas dimensionalmente estables y duraderas, al tiempo que mantiene menores tolerancias. Las piezas fundidas tambi\u00e9n son resistentes al calor.<\/p>\n<p>Resistencia y peso: El proceso de fundici\u00f3n a presi\u00f3n es adecuado para piezas de paredes finas, lo cual reduce el peso mientras mantiene la resistencia. Adem\u00e1s, la fundici\u00f3n a presi\u00f3n puede incorporar m\u00faltiples componentes en una sola pieza, lo cual elimina la necesidad de uniones o cierres. Esto significa que la resistencia es la de la aleaci\u00f3n y no la del proceso de uni\u00f3n.<\/p>\n<p>M\u00faltiples t\u00e9cnicas de acabado: Las piezas de fundici\u00f3n a presi\u00f3n se pueden producir con una superficie lisa o texturizada, y se pueden chapar o darle un acabado f\u00e1cilmente con una preparaci\u00f3n m\u00ednima de la superficie.<\/p>\n<p>Montaje simplificado: Las piezas de fundici\u00f3n a presi\u00f3n ofrecen elementos de fijaci\u00f3n integrales, como por ejemplo salientes y pasadores. Los orificios se pueden perforar y hacer para tama\u00f1os de taladro de rosca, o las roscas externas se pueden fundir.<\/p>\n<div style=\"display: flex; flex-direction: row; flex-wrap: wrap; justify-content: space-between;\"><img decoding=\"async\" class=\"alignnone wp-image-11031 size-portfolio lazyload\" style=\"--smush-placeholder-width: 400px; --smush-placeholder-aspect-ratio: 400\/500;max-width: 375px; height: auto;\" data-src=\"https:\/\/staging.norfran.co.uk\/wp-content\/uploads\/2021\/04\/IMG_3719-400x500.jpg\" alt=\"\" width=\"400\" height=\"500\" src=\"data:image\/svg+xml;base64,PHN2ZyB3aWR0aD0iMSIgaGVpZ2h0PSIxIiB4bWxucz0iaHR0cDovL3d3dy53My5vcmcvMjAwMC9zdmciPjwvc3ZnPg==\" \/> <img decoding=\"async\" class=\"alignnone wp-image-11033 size-portfolio lazyload\" style=\"--smush-placeholder-width: 400px; --smush-placeholder-aspect-ratio: 400\/500;max-width: 375px; height: auto;\" data-src=\"https:\/\/staging.norfran.co.uk\/wp-content\/uploads\/2021\/04\/IMG_3728-400x500.jpg\" alt=\"\" width=\"400\" height=\"500\" src=\"data:image\/svg+xml;base64,PHN2ZyB3aWR0aD0iMSIgaGVpZ2h0PSIxIiB4bWxucz0iaHR0cDovL3d3dy53My5vcmcvMjAwMC9zdmciPjwvc3ZnPg==\" \/> <img decoding=\"async\" class=\"alignnone wp-image-11032 size-portfolio lazyload\" style=\"--smush-placeholder-width: 400px; --smush-placeholder-aspect-ratio: 400\/500;max-width: 375px; height: auto;\" data-src=\"https:\/\/staging.norfran.co.uk\/wp-content\/uploads\/2021\/04\/IMG_3725-400x500.jpg\" alt=\"\" width=\"400\" height=\"500\" src=\"data:image\/svg+xml;base64,PHN2ZyB3aWR0aD0iMSIgaGVpZ2h0PSIxIiB4bWxucz0iaHR0cDovL3d3dy53My5vcmcvMjAwMC9zdmciPjwvc3ZnPg==\" \/><\/div>\n<p><\/p>","protected":false},"excerpt":{"rendered":"<p>Fundici\u00f3n a alta presi\u00f3n de aluminio y zinc La fundici\u00f3n a presi\u00f3n de aluminio y zinc es un m\u00e9todo de fabricaci\u00f3n muy utilizado para producir componentes de aluminio, zinc y otras aleaciones mediante el prensado de la aleaci\u00f3n fundida en moldes de acero reutilizables a altas presiones. Este proceso da lugar a la producci\u00f3n de piezas y componentes con geometr\u00edas complejas, con gran precisi\u00f3n, y permite la posibilidad de producir a gran escala. Los componentes fabricados con tecnolog\u00edas de fundici\u00f3n&hellip;<\/p>\n","protected":false},"author":4,"featured_media":0,"parent":1811,"menu_order":0,"comment_status":"closed","ping_status":"closed","template":"","meta":{"footnotes":""},"class_list":["post-11204","page","type-page","status-publish","hentry"],"yoast_head":"<!-- This site is optimized with the Yoast SEO plugin v27.4 - https:\/\/yoast.com\/product\/yoast-seo-wordpress\/ -->\n<title>Fundici\u00f3n a presi\u00f3n de aluminio y zinc - Norfran Limited<\/title>\n<meta name=\"description\" content=\"Aluminium and zinc die casting is a manufacturing method used by Norfran to produce aluminium, zinc and other alloy components.\" \/>\n<meta name=\"robots\" content=\"noindex, follow, max-snippet:-1, max-image-preview:large, max-video-preview:-1\" \/>\n<meta property=\"og:locale\" content=\"es_ES\" \/>\n<meta property=\"og:type\" content=\"article\" \/>\n<meta property=\"og:title\" content=\"Fundici\u00f3n a presi\u00f3n de aluminio y zinc - Norfran Limited\" \/>\n<meta property=\"og:description\" content=\"Aluminium and zinc die casting is a manufacturing method used by Norfran to produce aluminium, zinc and other alloy components.\" \/>\n<meta property=\"og:url\" content=\"https:\/\/staging.norfran.co.uk\/services\/aluminium-and-zinc-die-casting\/\" \/>\n<meta property=\"og:site_name\" content=\"Norfran Limited\" \/>\n<meta property=\"article:modified_time\" content=\"2024-02-01T09:35:29+00:00\" \/>\n<meta property=\"og:image\" content=\"https:\/\/staging.norfran.co.uk\/wp-content\/uploads\/2021\/05\/aluminium-and-zinc-diecasting.jpg\" \/>\n<meta name=\"twitter:card\" content=\"summary_large_image\" \/>\n<meta name=\"twitter:label1\" content=\"Tiempo de lectura\" \/>\n\t<meta name=\"twitter:data1\" content=\"3 minutos\" \/>\n<script type=\"application\/ld+json\" class=\"yoast-schema-graph\">{\"@context\":\"https:\\\/\\\/schema.org\",\"@graph\":[{\"@type\":\"WebPage\",\"@id\":\"https:\\\/\\\/staging.norfran.co.uk\\\/services\\\/aluminium-and-zinc-die-casting\\\/\",\"url\":\"https:\\\/\\\/staging.norfran.co.uk\\\/services\\\/aluminium-and-zinc-die-casting\\\/\",\"name\":\"[:en]Aluminium and Zinc Die Casting[:de]Aluminium- und Zinkdruckguss[:fr]Moulage sous pression d'aluminium et de zinc[:es]Fundici\u00f3n a presi\u00f3n de aluminio y zinc[:] - Norfran Limited\",\"isPartOf\":{\"@id\":\"https:\\\/\\\/staging.norfran.co.uk\\\/#website\"},\"primaryImageOfPage\":{\"@id\":\"https:\\\/\\\/staging.norfran.co.uk\\\/services\\\/aluminium-and-zinc-die-casting\\\/#primaryimage\"},\"image\":{\"@id\":\"https:\\\/\\\/staging.norfran.co.uk\\\/services\\\/aluminium-and-zinc-die-casting\\\/#primaryimage\"},\"thumbnailUrl\":\"https:\\\/\\\/staging.norfran.co.uk\\\/wp-content\\\/uploads\\\/2021\\\/05\\\/aluminium-and-zinc-diecasting.jpg\",\"datePublished\":\"2021-05-12T11:01:38+00:00\",\"dateModified\":\"2024-02-01T09:35:29+00:00\",\"description\":\"Aluminium and zinc die casting is a manufacturing method used by Norfran to produce aluminium, zinc and other alloy components.\",\"breadcrumb\":{\"@id\":\"https:\\\/\\\/staging.norfran.co.uk\\\/services\\\/aluminium-and-zinc-die-casting\\\/#breadcrumb\"},\"inLanguage\":\"es\",\"potentialAction\":[{\"@type\":\"ReadAction\",\"target\":[\"https:\\\/\\\/staging.norfran.co.uk\\\/services\\\/aluminium-and-zinc-die-casting\\\/\"]}]},{\"@type\":\"ImageObject\",\"inLanguage\":\"es\",\"@id\":\"https:\\\/\\\/staging.norfran.co.uk\\\/services\\\/aluminium-and-zinc-die-casting\\\/#primaryimage\",\"url\":\"https:\\\/\\\/staging.norfran.co.uk\\\/wp-content\\\/uploads\\\/2021\\\/05\\\/aluminium-and-zinc-diecasting.jpg\",\"contentUrl\":\"https:\\\/\\\/staging.norfran.co.uk\\\/wp-content\\\/uploads\\\/2021\\\/05\\\/aluminium-and-zinc-diecasting.jpg\"},{\"@type\":\"BreadcrumbList\",\"@id\":\"https:\\\/\\\/staging.norfran.co.uk\\\/services\\\/aluminium-and-zinc-die-casting\\\/#breadcrumb\",\"itemListElement\":[{\"@type\":\"ListItem\",\"position\":1,\"name\":\"Home\",\"item\":\"https:\\\/\\\/staging.norfran.co.uk\\\/\"},{\"@type\":\"ListItem\",\"position\":2,\"name\":\"Services\",\"item\":\"https:\\\/\\\/staging.norfran.co.uk\\\/services\\\/\"},{\"@type\":\"ListItem\",\"position\":3,\"name\":\"Aluminium and Zinc Die Casting\"}]},{\"@type\":\"WebSite\",\"@id\":\"https:\\\/\\\/staging.norfran.co.uk\\\/#website\",\"url\":\"https:\\\/\\\/staging.norfran.co.uk\\\/\",\"name\":\"Norfran Limited\",\"description\":\"Precision Aluminium and Zinc Diecasters\",\"potentialAction\":[{\"@type\":\"SearchAction\",\"target\":{\"@type\":\"EntryPoint\",\"urlTemplate\":\"https:\\\/\\\/staging.norfran.co.uk\\\/?s={search_term_string}\"},\"query-input\":{\"@type\":\"PropertyValueSpecification\",\"valueRequired\":true,\"valueName\":\"search_term_string\"}}],\"inLanguage\":\"es\"}]}<\/script>\n<!-- \/ Yoast SEO plugin. -->","yoast_head_json":{"title":"Fundici\u00f3n a presi\u00f3n de aluminio y zinc - Norfran Limited","description":"Aluminium and zinc die casting is a manufacturing method used by Norfran to produce aluminium, zinc and other alloy components.","robots":{"index":"noindex","follow":"follow","max-snippet":"max-snippet:-1","max-image-preview":"max-image-preview:large","max-video-preview":"max-video-preview:-1"},"og_locale":"es_ES","og_type":"article","og_title":"Fundici\u00f3n a presi\u00f3n de aluminio y zinc - Norfran Limited","og_description":"Aluminium and zinc die casting is a manufacturing method used by Norfran to produce aluminium, zinc and other alloy components.","og_url":"https:\/\/staging.norfran.co.uk\/services\/aluminium-and-zinc-die-casting\/","og_site_name":"Norfran Limited","article_modified_time":"2024-02-01T09:35:29+00:00","og_image":[{"url":"https:\/\/staging.norfran.co.uk\/wp-content\/uploads\/2021\/05\/aluminium-and-zinc-diecasting.jpg","type":"","width":"","height":""}],"twitter_card":"summary_large_image","twitter_misc":{"Tiempo de lectura":"3 minutos"},"schema":{"@context":"https:\/\/schema.org","@graph":[{"@type":"WebPage","@id":"https:\/\/staging.norfran.co.uk\/services\/aluminium-and-zinc-die-casting\/","url":"https:\/\/staging.norfran.co.uk\/services\/aluminium-and-zinc-die-casting\/","name":"[:en]Aluminium and Zinc Die Casting[:de]Aluminium- und Zinkdruckguss[:fr]Moulage sous pression d'aluminium et de zinc[:es]Fundici\u00f3n a presi\u00f3n de aluminio y zinc[:] - Norfran Limited","isPartOf":{"@id":"https:\/\/staging.norfran.co.uk\/#website"},"primaryImageOfPage":{"@id":"https:\/\/staging.norfran.co.uk\/services\/aluminium-and-zinc-die-casting\/#primaryimage"},"image":{"@id":"https:\/\/staging.norfran.co.uk\/services\/aluminium-and-zinc-die-casting\/#primaryimage"},"thumbnailUrl":"https:\/\/staging.norfran.co.uk\/wp-content\/uploads\/2021\/05\/aluminium-and-zinc-diecasting.jpg","datePublished":"2021-05-12T11:01:38+00:00","dateModified":"2024-02-01T09:35:29+00:00","description":"Aluminium and zinc die casting is a manufacturing method used by Norfran to produce aluminium, zinc and other alloy components.","breadcrumb":{"@id":"https:\/\/staging.norfran.co.uk\/services\/aluminium-and-zinc-die-casting\/#breadcrumb"},"inLanguage":"es","potentialAction":[{"@type":"ReadAction","target":["https:\/\/staging.norfran.co.uk\/services\/aluminium-and-zinc-die-casting\/"]}]},{"@type":"ImageObject","inLanguage":"es","@id":"https:\/\/staging.norfran.co.uk\/services\/aluminium-and-zinc-die-casting\/#primaryimage","url":"https:\/\/staging.norfran.co.uk\/wp-content\/uploads\/2021\/05\/aluminium-and-zinc-diecasting.jpg","contentUrl":"https:\/\/staging.norfran.co.uk\/wp-content\/uploads\/2021\/05\/aluminium-and-zinc-diecasting.jpg"},{"@type":"BreadcrumbList","@id":"https:\/\/staging.norfran.co.uk\/services\/aluminium-and-zinc-die-casting\/#breadcrumb","itemListElement":[{"@type":"ListItem","position":1,"name":"Home","item":"https:\/\/staging.norfran.co.uk\/"},{"@type":"ListItem","position":2,"name":"Services","item":"https:\/\/staging.norfran.co.uk\/services\/"},{"@type":"ListItem","position":3,"name":"Aluminium and Zinc Die Casting"}]},{"@type":"WebSite","@id":"https:\/\/staging.norfran.co.uk\/#website","url":"https:\/\/staging.norfran.co.uk\/","name":"Norfran Limited","description":"Precision Aluminium and Zinc Diecasters","potentialAction":[{"@type":"SearchAction","target":{"@type":"EntryPoint","urlTemplate":"https:\/\/staging.norfran.co.uk\/?s={search_term_string}"},"query-input":{"@type":"PropertyValueSpecification","valueRequired":true,"valueName":"search_term_string"}}],"inLanguage":"es"}]}},"_links":{"self":[{"href":"https:\/\/staging.norfran.co.uk\/es\/wp-json\/wp\/v2\/pages\/11204","targetHints":{"allow":["GET"]}}],"collection":[{"href":"https:\/\/staging.norfran.co.uk\/es\/wp-json\/wp\/v2\/pages"}],"about":[{"href":"https:\/\/staging.norfran.co.uk\/es\/wp-json\/wp\/v2\/types\/page"}],"author":[{"embeddable":true,"href":"https:\/\/staging.norfran.co.uk\/es\/wp-json\/wp\/v2\/users\/4"}],"replies":[{"embeddable":true,"href":"https:\/\/staging.norfran.co.uk\/es\/wp-json\/wp\/v2\/comments?post=11204"}],"version-history":[{"count":0,"href":"https:\/\/staging.norfran.co.uk\/es\/wp-json\/wp\/v2\/pages\/11204\/revisions"}],"up":[{"embeddable":true,"href":"https:\/\/staging.norfran.co.uk\/es\/wp-json\/wp\/v2\/pages\/1811"}],"wp:attachment":[{"href":"https:\/\/staging.norfran.co.uk\/es\/wp-json\/wp\/v2\/media?parent=11204"}],"curies":[{"name":"wp","href":"https:\/\/api.w.org\/{rel}","templated":true}]}}