{"id":772,"date":"2012-04-16T15:14:39","date_gmt":"2012-04-16T15:14:39","guid":{"rendered":"http:\/\/demo.cpothemes.com\/panoramica\/?page_id=770"},"modified":"2017-07-12T11:12:22","modified_gmt":"2017-07-12T11:12:22","slug":"products","status":"publish","type":"page","link":"https:\/\/staging.norfran.co.uk\/de\/products\/","title":{"rendered":"Produkte"},"content":{"rendered":"<p><img decoding=\"async\" class=\"alignnone size-full wp-image-2256 lazyload\" data-src=\"https:\/\/staging.norfran.co.uk\/wp-content\/uploads\/2013\/09\/products.jpg\" alt=\"Products\" width=\"100%\" data-srcset=\"https:\/\/staging.norfran.co.uk\/wp-content\/uploads\/2013\/09\/products.jpg 1400w, https:\/\/staging.norfran.co.uk\/wp-content\/uploads\/2013\/09\/products-300x47.jpg 300w, https:\/\/staging.norfran.co.uk\/wp-content\/uploads\/2013\/09\/products-768x121.jpg 768w, https:\/\/staging.norfran.co.uk\/wp-content\/uploads\/2013\/09\/products-1024x161.jpg 1024w\" data-sizes=\"auto\" src=\"data:image\/svg+xml;base64,PHN2ZyB3aWR0aD0iMSIgaGVpZ2h0PSIxIiB4bWxucz0iaHR0cDovL3d3dy53My5vcmcvMjAwMC9zdmciPjwvc3ZnPg==\" style=\"--smush-placeholder-width: 1400px; --smush-placeholder-aspect-ratio: 1400\/220;\" data-original-sizes=\"(max-width: 1400px) 100vw, 1400px\" \/><\/p>\n<p class=\"firstpara\"><strong>Wir k\u00f6nnen Ihnen Ihre Produkte in jeder von Ihnen gew\u00fcnschten Art, von Rohgussteilen bis zu komplett fertigbearbeiteten Baugruppen, liefern. F\u00fcr die Produkte, die wir gegenw\u00e4rtig im Sortiment haben, gibt es vielf\u00e4ltige Einsatzm\u00f6glichkeiten. :-<\/strong><\/p>\n<ul>\n<li>Teile f\u00fcr die Automobilindustrie<\/li>\n<li>Wei\u00dfe Ware<\/li>\n<li>B\u00fcrom\u00f6bel und Zubeh\u00f6r<\/li>\n<li>Teile f\u00fcr die Produktionstechnik<\/li>\n<li>Teile f\u00fcr die Elektro- und Elektronikindustrie<\/li>\n<li>Haushaltger\u00e4te<\/li>\n<li>sind nur einige Beispiele daf\u00fcr&#8230;<\/li>\n<\/ul>\n<h2>Wir exportieren unsere Erzeugnisse nach:-<\/h2>\n<p>Europa<br \/>\nNordamerika<br \/>\nS\u00fcdamerika<br \/>\ndem Fernen Osten<br \/>\nAsien<br \/>\nAustralien und Ozeanien<\/p>","protected":false},"excerpt":{"rendered":"<p>Wir k\u00f6nnen Ihnen Ihre Produkte in jeder von Ihnen gew\u00fcnschten Art, von Rohgussteilen bis zu komplett fertigbearbeiteten Baugruppen, liefern. F\u00fcr die Produkte, die wir gegenw\u00e4rtig im Sortiment haben, gibt es vielf\u00e4ltige Einsatzm\u00f6glichkeiten. :- Teile f\u00fcr die Automobilindustrie Wei\u00dfe Ware B\u00fcrom\u00f6bel und Zubeh\u00f6r Teile f\u00fcr die Produktionstechnik Teile f\u00fcr die Elektro- und Elektronikindustrie Haushaltger\u00e4te sind nur einige Beispiele daf\u00fcr&#8230; Wir exportieren unsere Erzeugnisse nach:- Europa Nordamerika S\u00fcdamerika dem Fernen Osten Asien Australien und Ozeanien<\/p>\n","protected":false},"author":2,"featured_media":0,"parent":0,"menu_order":0,"comment_status":"closed","ping_status":"closed","template":"","meta":{"footnotes":""},"class_list":["post-772","page","type-page","status-publish","hentry"],"yoast_head":"<!-- This site is optimized with the Yoast SEO plugin v27.4 - https:\/\/yoast.com\/product\/yoast-seo-wordpress\/ -->\n<title>Produkte - Norfran Limited<\/title>\n<meta name=\"robots\" content=\"noindex, follow, max-snippet:-1, max-image-preview:large, max-video-preview:-1\" \/>\n<meta property=\"og:locale\" content=\"de_DE\" \/>\n<meta property=\"og:type\" content=\"article\" \/>\n<meta property=\"og:title\" content=\"Produkte - Norfran Limited\" \/>\n<meta property=\"og:description\" content=\"Wir k\u00f6nnen Ihnen Ihre Produkte in jeder von Ihnen gew\u00fcnschten Art, von Rohgussteilen bis zu komplett fertigbearbeiteten Baugruppen, liefern. F\u00fcr die Produkte, die wir gegenw\u00e4rtig im Sortiment haben, gibt es vielf\u00e4ltige Einsatzm\u00f6glichkeiten. :- Teile f\u00fcr die Automobilindustrie Wei\u00dfe Ware B\u00fcrom\u00f6bel und Zubeh\u00f6r Teile f\u00fcr die Produktionstechnik Teile f\u00fcr die Elektro- und Elektronikindustrie Haushaltger\u00e4te sind nur einige Beispiele daf\u00fcr&#8230; Wir exportieren unsere Erzeugnisse nach:- Europa Nordamerika S\u00fcdamerika dem Fernen Osten Asien Australien und Ozeanien\" \/>\n<meta property=\"og:url\" content=\"https:\/\/staging.norfran.co.uk\/products\/\" \/>\n<meta property=\"og:site_name\" content=\"Norfran Limited\" \/>\n<meta property=\"article:modified_time\" content=\"2017-07-12T11:12:22+00:00\" \/>\n<meta property=\"og:image\" content=\"https:\/\/staging.norfran.co.uk\/wp-content\/uploads\/2013\/09\/products.jpg\" \/>\n<meta name=\"twitter:card\" content=\"summary_large_image\" \/>\n<meta name=\"twitter:label1\" content=\"Gesch\u00e4tzte Lesezeit\" \/>\n\t<meta name=\"twitter:data1\" content=\"2\u00a0Minuten\" \/>\n<script type=\"application\/ld+json\" class=\"yoast-schema-graph\">{\"@context\":\"https:\\\/\\\/schema.org\",\"@graph\":[{\"@type\":\"WebPage\",\"@id\":\"https:\\\/\\\/staging.norfran.co.uk\\\/products\\\/\",\"url\":\"https:\\\/\\\/staging.norfran.co.uk\\\/products\\\/\",\"name\":\"[:en]Products[:de]Produkte[:fr]Les Produits[:es]Productos[:] - Norfran Limited\",\"isPartOf\":{\"@id\":\"https:\\\/\\\/staging.norfran.co.uk\\\/#website\"},\"primaryImageOfPage\":{\"@id\":\"https:\\\/\\\/staging.norfran.co.uk\\\/products\\\/#primaryimage\"},\"image\":{\"@id\":\"https:\\\/\\\/staging.norfran.co.uk\\\/products\\\/#primaryimage\"},\"thumbnailUrl\":\"https:\\\/\\\/staging.norfran.co.uk\\\/wp-content\\\/uploads\\\/2013\\\/09\\\/products.jpg\",\"datePublished\":\"2012-04-16T15:14:39+00:00\",\"dateModified\":\"2017-07-12T11:12:22+00:00\",\"breadcrumb\":{\"@id\":\"https:\\\/\\\/staging.norfran.co.uk\\\/products\\\/#breadcrumb\"},\"inLanguage\":\"de\",\"potentialAction\":[{\"@type\":\"ReadAction\",\"target\":[\"https:\\\/\\\/staging.norfran.co.uk\\\/products\\\/\"]}]},{\"@type\":\"ImageObject\",\"inLanguage\":\"de\",\"@id\":\"https:\\\/\\\/staging.norfran.co.uk\\\/products\\\/#primaryimage\",\"url\":\"https:\\\/\\\/staging.norfran.co.uk\\\/wp-content\\\/uploads\\\/2013\\\/09\\\/products.jpg\",\"contentUrl\":\"https:\\\/\\\/staging.norfran.co.uk\\\/wp-content\\\/uploads\\\/2013\\\/09\\\/products.jpg\"},{\"@type\":\"BreadcrumbList\",\"@id\":\"https:\\\/\\\/staging.norfran.co.uk\\\/products\\\/#breadcrumb\",\"itemListElement\":[{\"@type\":\"ListItem\",\"position\":1,\"name\":\"Home\",\"item\":\"https:\\\/\\\/staging.norfran.co.uk\\\/\"},{\"@type\":\"ListItem\",\"position\":2,\"name\":\"Products\"}]},{\"@type\":\"WebSite\",\"@id\":\"https:\\\/\\\/staging.norfran.co.uk\\\/#website\",\"url\":\"https:\\\/\\\/staging.norfran.co.uk\\\/\",\"name\":\"Norfran Limited\",\"description\":\"Precision Aluminium and Zinc Diecasters\",\"potentialAction\":[{\"@type\":\"SearchAction\",\"target\":{\"@type\":\"EntryPoint\",\"urlTemplate\":\"https:\\\/\\\/staging.norfran.co.uk\\\/?s={search_term_string}\"},\"query-input\":{\"@type\":\"PropertyValueSpecification\",\"valueRequired\":true,\"valueName\":\"search_term_string\"}}],\"inLanguage\":\"de\"}]}<\/script>\n<!-- \/ Yoast SEO plugin. -->","yoast_head_json":{"title":"Produkte - Norfran Limited","robots":{"index":"noindex","follow":"follow","max-snippet":"max-snippet:-1","max-image-preview":"max-image-preview:large","max-video-preview":"max-video-preview:-1"},"og_locale":"de_DE","og_type":"article","og_title":"Produkte - Norfran Limited","og_description":"Wir k\u00f6nnen Ihnen Ihre Produkte in jeder von Ihnen gew\u00fcnschten Art, von Rohgussteilen bis zu komplett fertigbearbeiteten Baugruppen, liefern. F\u00fcr die Produkte, die wir gegenw\u00e4rtig im Sortiment haben, gibt es vielf\u00e4ltige Einsatzm\u00f6glichkeiten. :- Teile f\u00fcr die Automobilindustrie Wei\u00dfe Ware B\u00fcrom\u00f6bel und Zubeh\u00f6r Teile f\u00fcr die Produktionstechnik Teile f\u00fcr die Elektro- und Elektronikindustrie Haushaltger\u00e4te sind nur einige Beispiele daf\u00fcr&#8230; Wir exportieren unsere Erzeugnisse nach:- Europa Nordamerika S\u00fcdamerika dem Fernen Osten Asien Australien und Ozeanien","og_url":"https:\/\/staging.norfran.co.uk\/products\/","og_site_name":"Norfran Limited","article_modified_time":"2017-07-12T11:12:22+00:00","og_image":[{"url":"https:\/\/staging.norfran.co.uk\/wp-content\/uploads\/2013\/09\/products.jpg","type":"","width":"","height":""}],"twitter_card":"summary_large_image","twitter_misc":{"Gesch\u00e4tzte Lesezeit":"2\u00a0Minuten"},"schema":{"@context":"https:\/\/schema.org","@graph":[{"@type":"WebPage","@id":"https:\/\/staging.norfran.co.uk\/products\/","url":"https:\/\/staging.norfran.co.uk\/products\/","name":"[:en]Products[:de]Produkte[:fr]Les Produits[:es]Productos[:] - Norfran Limited","isPartOf":{"@id":"https:\/\/staging.norfran.co.uk\/#website"},"primaryImageOfPage":{"@id":"https:\/\/staging.norfran.co.uk\/products\/#primaryimage"},"image":{"@id":"https:\/\/staging.norfran.co.uk\/products\/#primaryimage"},"thumbnailUrl":"https:\/\/staging.norfran.co.uk\/wp-content\/uploads\/2013\/09\/products.jpg","datePublished":"2012-04-16T15:14:39+00:00","dateModified":"2017-07-12T11:12:22+00:00","breadcrumb":{"@id":"https:\/\/staging.norfran.co.uk\/products\/#breadcrumb"},"inLanguage":"de","potentialAction":[{"@type":"ReadAction","target":["https:\/\/staging.norfran.co.uk\/products\/"]}]},{"@type":"ImageObject","inLanguage":"de","@id":"https:\/\/staging.norfran.co.uk\/products\/#primaryimage","url":"https:\/\/staging.norfran.co.uk\/wp-content\/uploads\/2013\/09\/products.jpg","contentUrl":"https:\/\/staging.norfran.co.uk\/wp-content\/uploads\/2013\/09\/products.jpg"},{"@type":"BreadcrumbList","@id":"https:\/\/staging.norfran.co.uk\/products\/#breadcrumb","itemListElement":[{"@type":"ListItem","position":1,"name":"Home","item":"https:\/\/staging.norfran.co.uk\/"},{"@type":"ListItem","position":2,"name":"Products"}]},{"@type":"WebSite","@id":"https:\/\/staging.norfran.co.uk\/#website","url":"https:\/\/staging.norfran.co.uk\/","name":"Norfran Limited","description":"Precision Aluminium and Zinc Diecasters","potentialAction":[{"@type":"SearchAction","target":{"@type":"EntryPoint","urlTemplate":"https:\/\/staging.norfran.co.uk\/?s={search_term_string}"},"query-input":{"@type":"PropertyValueSpecification","valueRequired":true,"valueName":"search_term_string"}}],"inLanguage":"de"}]}},"_links":{"self":[{"href":"https:\/\/staging.norfran.co.uk\/de\/wp-json\/wp\/v2\/pages\/772","targetHints":{"allow":["GET"]}}],"collection":[{"href":"https:\/\/staging.norfran.co.uk\/de\/wp-json\/wp\/v2\/pages"}],"about":[{"href":"https:\/\/staging.norfran.co.uk\/de\/wp-json\/wp\/v2\/types\/page"}],"author":[{"embeddable":true,"href":"https:\/\/staging.norfran.co.uk\/de\/wp-json\/wp\/v2\/users\/2"}],"replies":[{"embeddable":true,"href":"https:\/\/staging.norfran.co.uk\/de\/wp-json\/wp\/v2\/comments?post=772"}],"version-history":[{"count":0,"href":"https:\/\/staging.norfran.co.uk\/de\/wp-json\/wp\/v2\/pages\/772\/revisions"}],"wp:attachment":[{"href":"https:\/\/staging.norfran.co.uk\/de\/wp-json\/wp\/v2\/media?parent=772"}],"curies":[{"name":"wp","href":"https:\/\/api.w.org\/{rel}","templated":true}]}}