{"id":2179,"date":"2017-05-25T11:35:09","date_gmt":"2017-05-25T11:35:09","guid":{"rendered":"http:\/\/pressurediecasting.co.uk\/?page_id=2179"},"modified":"2024-02-01T13:24:51","modified_gmt":"2024-02-01T13:24:51","slug":"cored-holes","status":"publish","type":"page","link":"https:\/\/staging.norfran.co.uk\/de\/technical\/cored-holes\/","title":{"rendered":"L\u00f6cher mit Kern"},"content":{"rendered":"<p><img decoding=\"async\" class=\"alignnone size-full wp-image-2260 lazyload\" data-src=\"https:\/\/staging.norfran.co.uk\/wp-content\/uploads\/2013\/09\/Tech-cored-holes.jpg\" alt=\"Cored Holes\" width=\"100%\" data-srcset=\"https:\/\/staging.norfran.co.uk\/wp-content\/uploads\/2013\/09\/Tech-cored-holes.jpg 1400w, https:\/\/staging.norfran.co.uk\/wp-content\/uploads\/2013\/09\/Tech-cored-holes-300x47.jpg 300w, https:\/\/staging.norfran.co.uk\/wp-content\/uploads\/2013\/09\/Tech-cored-holes-768x121.jpg 768w, https:\/\/staging.norfran.co.uk\/wp-content\/uploads\/2013\/09\/Tech-cored-holes-1024x161.jpg 1024w\" data-sizes=\"auto\" src=\"data:image\/svg+xml;base64,PHN2ZyB3aWR0aD0iMSIgaGVpZ2h0PSIxIiB4bWxucz0iaHR0cDovL3d3dy53My5vcmcvMjAwMC9zdmciPjwvc3ZnPg==\" style=\"--smush-placeholder-width: 1400px; --smush-placeholder-aspect-ratio: 1400\/220;\" data-original-sizes=\"(max-width: 1400px) 100vw, 1400px\" \/><\/p>\n<h1>L\u00f6cher mit Kern<\/h1>\n<p class=\"firstpara\"><strong>Die optimalen Werte f\u00fcr die Maximaltiefe der L\u00f6cher im Verh\u00e4ltnis zum Durchmesser sind in der Tabelle angegeben. Die Werte f\u00fcr die Lochtiefen h\u00e4ngen von der erforderlichen Formschr\u00e4ge ab&#8230;<\/strong><\/p>\n<p><img decoding=\"async\" data-src=\"https:\/\/staging.norfran.co.uk\/wp-content\/uploads\/2017\/07\/ger-techimg_cored_holes.gif\" alt=\"Cored Holes\" src=\"data:image\/svg+xml;base64,PHN2ZyB3aWR0aD0iMSIgaGVpZ2h0PSIxIiB4bWxucz0iaHR0cDovL3d3dy53My5vcmcvMjAwMC9zdmciPjwvc3ZnPg==\" class=\"lazyload\" style=\"--smush-placeholder-width: 577px; --smush-placeholder-aspect-ratio: 577\/148;\" \/><\/p>\n<p>*F\u00fcr Kerne mit mehr als 25,4 mm Durchmesser muss das Verh\u00e4ltnis Durchmesser : Tiefe 1 : 6 betragen.<\/p>\n<p><span class=\"blueBold\"><strong>Hinweis<\/strong> &#8211; <\/span> Die angegebenen Tiefen gelten nicht in F\u00e4llen, wo Kerne mit geringem Durchmesser mit gro\u00dfen Zwischenr\u00e4umen angeordnet sind und durch die Konstruktion der Schwindungsbelastung voll ausgesetzt sind.<\/p>","protected":false},"excerpt":{"rendered":"<p>L\u00f6cher mit Kern Die optimalen Werte f\u00fcr die Maximaltiefe der L\u00f6cher im Verh\u00e4ltnis zum Durchmesser sind in der Tabelle angegeben. Die Werte f\u00fcr die Lochtiefen h\u00e4ngen von der erforderlichen Formschr\u00e4ge ab&#8230; *F\u00fcr Kerne mit mehr als 25,4 mm Durchmesser muss das Verh\u00e4ltnis Durchmesser : Tiefe 1 : 6 betragen. Hinweis &#8211; Die angegebenen Tiefen gelten nicht in F\u00e4llen, wo Kerne mit geringem Durchmesser mit gro\u00dfen Zwischenr\u00e4umen angeordnet sind und durch die Konstruktion der Schwindungsbelastung voll ausgesetzt sind.<\/p>\n","protected":false},"author":2,"featured_media":0,"parent":2166,"menu_order":5,"comment_status":"closed","ping_status":"closed","template":"","meta":{"footnotes":""},"class_list":["post-2179","page","type-page","status-publish","hentry"],"yoast_head":"<!-- This site is optimized with the Yoast SEO plugin v27.4 - https:\/\/yoast.com\/product\/yoast-seo-wordpress\/ -->\n<title>Cored Holes | Optimum greatest depth of cored holes<\/title>\n<meta name=\"description\" content=\"Cored holes: Optimum greatest depth of cored holes related to diameter. Values shown for hole depths are subject to the draft requirements.\" \/>\n<meta name=\"robots\" content=\"noindex, follow, max-snippet:-1, max-image-preview:large, max-video-preview:-1\" \/>\n<meta property=\"og:locale\" content=\"de_DE\" \/>\n<meta property=\"og:type\" content=\"article\" \/>\n<meta property=\"og:title\" content=\"Cored Holes | Optimum greatest depth of cored holes\" \/>\n<meta property=\"og:description\" content=\"Cored holes: Optimum greatest depth of cored holes related to diameter. Values shown for hole depths are subject to the draft requirements.\" \/>\n<meta property=\"og:url\" content=\"https:\/\/staging.norfran.co.uk\/technical\/cored-holes\/\" \/>\n<meta property=\"og:site_name\" content=\"Norfran Limited\" \/>\n<meta property=\"article:modified_time\" content=\"2024-02-01T13:24:51+00:00\" \/>\n<meta property=\"og:image\" content=\"https:\/\/staging.norfran.co.uk\/wp-content\/uploads\/2013\/09\/Tech-cored-holes.jpg\" \/>\n<meta name=\"twitter:card\" content=\"summary_large_image\" \/>\n<meta name=\"twitter:label1\" content=\"Gesch\u00e4tzte Lesezeit\" \/>\n\t<meta name=\"twitter:data1\" content=\"1\u00a0Minute\" \/>\n<script type=\"application\/ld+json\" class=\"yoast-schema-graph\">{\"@context\":\"https:\\\/\\\/schema.org\",\"@graph\":[{\"@type\":\"WebPage\",\"@id\":\"https:\\\/\\\/staging.norfran.co.uk\\\/technical\\\/cored-holes\\\/\",\"url\":\"https:\\\/\\\/staging.norfran.co.uk\\\/technical\\\/cored-holes\\\/\",\"name\":\"Cored Holes | Optimum greatest depth of cored holes\",\"isPartOf\":{\"@id\":\"https:\\\/\\\/staging.norfran.co.uk\\\/#website\"},\"primaryImageOfPage\":{\"@id\":\"https:\\\/\\\/staging.norfran.co.uk\\\/technical\\\/cored-holes\\\/#primaryimage\"},\"image\":{\"@id\":\"https:\\\/\\\/staging.norfran.co.uk\\\/technical\\\/cored-holes\\\/#primaryimage\"},\"thumbnailUrl\":\"https:\\\/\\\/staging.norfran.co.uk\\\/wp-content\\\/uploads\\\/2013\\\/09\\\/Tech-cored-holes.jpg\",\"datePublished\":\"2017-05-25T11:35:09+00:00\",\"dateModified\":\"2024-02-01T13:24:51+00:00\",\"description\":\"Cored holes: Optimum greatest depth of cored holes related to diameter. Values shown for hole depths are subject to the draft requirements.\",\"breadcrumb\":{\"@id\":\"https:\\\/\\\/staging.norfran.co.uk\\\/technical\\\/cored-holes\\\/#breadcrumb\"},\"inLanguage\":\"de\",\"potentialAction\":[{\"@type\":\"ReadAction\",\"target\":[\"https:\\\/\\\/staging.norfran.co.uk\\\/technical\\\/cored-holes\\\/\"]}]},{\"@type\":\"ImageObject\",\"inLanguage\":\"de\",\"@id\":\"https:\\\/\\\/staging.norfran.co.uk\\\/technical\\\/cored-holes\\\/#primaryimage\",\"url\":\"https:\\\/\\\/staging.norfran.co.uk\\\/wp-content\\\/uploads\\\/2013\\\/09\\\/Tech-cored-holes.jpg\",\"contentUrl\":\"https:\\\/\\\/staging.norfran.co.uk\\\/wp-content\\\/uploads\\\/2013\\\/09\\\/Tech-cored-holes.jpg\"},{\"@type\":\"BreadcrumbList\",\"@id\":\"https:\\\/\\\/staging.norfran.co.uk\\\/technical\\\/cored-holes\\\/#breadcrumb\",\"itemListElement\":[{\"@type\":\"ListItem\",\"position\":1,\"name\":\"Home\",\"item\":\"https:\\\/\\\/staging.norfran.co.uk\\\/\"},{\"@type\":\"ListItem\",\"position\":2,\"name\":\"Technical\",\"item\":\"https:\\\/\\\/staging.norfran.co.uk\\\/technical\\\/\"},{\"@type\":\"ListItem\",\"position\":3,\"name\":\"Cored Holes\"}]},{\"@type\":\"WebSite\",\"@id\":\"https:\\\/\\\/staging.norfran.co.uk\\\/#website\",\"url\":\"https:\\\/\\\/staging.norfran.co.uk\\\/\",\"name\":\"Norfran Limited\",\"description\":\"Precision Aluminium and Zinc Diecasters\",\"potentialAction\":[{\"@type\":\"SearchAction\",\"target\":{\"@type\":\"EntryPoint\",\"urlTemplate\":\"https:\\\/\\\/staging.norfran.co.uk\\\/?s={search_term_string}\"},\"query-input\":{\"@type\":\"PropertyValueSpecification\",\"valueRequired\":true,\"valueName\":\"search_term_string\"}}],\"inLanguage\":\"de\"}]}<\/script>\n<!-- \/ Yoast SEO plugin. -->","yoast_head_json":{"title":"Cored Holes | Optimum greatest depth of cored holes","description":"Cored holes: Optimum greatest depth of cored holes related to diameter. Values shown for hole depths are subject to the draft requirements.","robots":{"index":"noindex","follow":"follow","max-snippet":"max-snippet:-1","max-image-preview":"max-image-preview:large","max-video-preview":"max-video-preview:-1"},"og_locale":"de_DE","og_type":"article","og_title":"Cored Holes | Optimum greatest depth of cored holes","og_description":"Cored holes: Optimum greatest depth of cored holes related to diameter. Values shown for hole depths are subject to the draft requirements.","og_url":"https:\/\/staging.norfran.co.uk\/technical\/cored-holes\/","og_site_name":"Norfran Limited","article_modified_time":"2024-02-01T13:24:51+00:00","og_image":[{"url":"https:\/\/staging.norfran.co.uk\/wp-content\/uploads\/2013\/09\/Tech-cored-holes.jpg","type":"","width":"","height":""}],"twitter_card":"summary_large_image","twitter_misc":{"Gesch\u00e4tzte Lesezeit":"1\u00a0Minute"},"schema":{"@context":"https:\/\/schema.org","@graph":[{"@type":"WebPage","@id":"https:\/\/staging.norfran.co.uk\/technical\/cored-holes\/","url":"https:\/\/staging.norfran.co.uk\/technical\/cored-holes\/","name":"Cored Holes | Optimum greatest depth of cored holes","isPartOf":{"@id":"https:\/\/staging.norfran.co.uk\/#website"},"primaryImageOfPage":{"@id":"https:\/\/staging.norfran.co.uk\/technical\/cored-holes\/#primaryimage"},"image":{"@id":"https:\/\/staging.norfran.co.uk\/technical\/cored-holes\/#primaryimage"},"thumbnailUrl":"https:\/\/staging.norfran.co.uk\/wp-content\/uploads\/2013\/09\/Tech-cored-holes.jpg","datePublished":"2017-05-25T11:35:09+00:00","dateModified":"2024-02-01T13:24:51+00:00","description":"Cored holes: Optimum greatest depth of cored holes related to diameter. Values shown for hole depths are subject to the draft requirements.","breadcrumb":{"@id":"https:\/\/staging.norfran.co.uk\/technical\/cored-holes\/#breadcrumb"},"inLanguage":"de","potentialAction":[{"@type":"ReadAction","target":["https:\/\/staging.norfran.co.uk\/technical\/cored-holes\/"]}]},{"@type":"ImageObject","inLanguage":"de","@id":"https:\/\/staging.norfran.co.uk\/technical\/cored-holes\/#primaryimage","url":"https:\/\/staging.norfran.co.uk\/wp-content\/uploads\/2013\/09\/Tech-cored-holes.jpg","contentUrl":"https:\/\/staging.norfran.co.uk\/wp-content\/uploads\/2013\/09\/Tech-cored-holes.jpg"},{"@type":"BreadcrumbList","@id":"https:\/\/staging.norfran.co.uk\/technical\/cored-holes\/#breadcrumb","itemListElement":[{"@type":"ListItem","position":1,"name":"Home","item":"https:\/\/staging.norfran.co.uk\/"},{"@type":"ListItem","position":2,"name":"Technical","item":"https:\/\/staging.norfran.co.uk\/technical\/"},{"@type":"ListItem","position":3,"name":"Cored Holes"}]},{"@type":"WebSite","@id":"https:\/\/staging.norfran.co.uk\/#website","url":"https:\/\/staging.norfran.co.uk\/","name":"Norfran Limited","description":"Precision Aluminium and Zinc Diecasters","potentialAction":[{"@type":"SearchAction","target":{"@type":"EntryPoint","urlTemplate":"https:\/\/staging.norfran.co.uk\/?s={search_term_string}"},"query-input":{"@type":"PropertyValueSpecification","valueRequired":true,"valueName":"search_term_string"}}],"inLanguage":"de"}]}},"_links":{"self":[{"href":"https:\/\/staging.norfran.co.uk\/de\/wp-json\/wp\/v2\/pages\/2179","targetHints":{"allow":["GET"]}}],"collection":[{"href":"https:\/\/staging.norfran.co.uk\/de\/wp-json\/wp\/v2\/pages"}],"about":[{"href":"https:\/\/staging.norfran.co.uk\/de\/wp-json\/wp\/v2\/types\/page"}],"author":[{"embeddable":true,"href":"https:\/\/staging.norfran.co.uk\/de\/wp-json\/wp\/v2\/users\/2"}],"replies":[{"embeddable":true,"href":"https:\/\/staging.norfran.co.uk\/de\/wp-json\/wp\/v2\/comments?post=2179"}],"version-history":[{"count":0,"href":"https:\/\/staging.norfran.co.uk\/de\/wp-json\/wp\/v2\/pages\/2179\/revisions"}],"up":[{"embeddable":true,"href":"https:\/\/staging.norfran.co.uk\/de\/wp-json\/wp\/v2\/pages\/2166"}],"wp:attachment":[{"href":"https:\/\/staging.norfran.co.uk\/de\/wp-json\/wp\/v2\/media?parent=2179"}],"curies":[{"name":"wp","href":"https:\/\/api.w.org\/{rel}","templated":true}]}}