{"id":2177,"date":"2017-05-25T11:34:30","date_gmt":"2017-05-25T11:34:30","guid":{"rendered":"http:\/\/pressurediecasting.co.uk\/?page_id=2177"},"modified":"2024-02-01T13:10:50","modified_gmt":"2024-02-01T13:10:50","slug":"surface-finish","status":"publish","type":"page","link":"https:\/\/staging.norfran.co.uk\/de\/technical\/surface-finish\/","title":{"rendered":"Oberfl\u00e4chenqualit\u00e4t"},"content":{"rendered":"<p><img decoding=\"async\" class=\"alignnone size-full wp-image-2265 lazyload\" data-src=\"https:\/\/staging.norfran.co.uk\/wp-content\/uploads\/2013\/09\/Tech-surface-finish.jpg\" alt=\"Surface Finish\" width=\"100%\" data-srcset=\"https:\/\/staging.norfran.co.uk\/wp-content\/uploads\/2013\/09\/Tech-surface-finish.jpg 1400w, https:\/\/staging.norfran.co.uk\/wp-content\/uploads\/2013\/09\/Tech-surface-finish-300x47.jpg 300w, https:\/\/staging.norfran.co.uk\/wp-content\/uploads\/2013\/09\/Tech-surface-finish-768x121.jpg 768w, https:\/\/staging.norfran.co.uk\/wp-content\/uploads\/2013\/09\/Tech-surface-finish-1024x161.jpg 1024w\" data-sizes=\"auto\" src=\"data:image\/svg+xml;base64,PHN2ZyB3aWR0aD0iMSIgaGVpZ2h0PSIxIiB4bWxucz0iaHR0cDovL3d3dy53My5vcmcvMjAwMC9zdmciPjwvc3ZnPg==\" style=\"--smush-placeholder-width: 1400px; --smush-placeholder-aspect-ratio: 1400\/220;\" data-original-sizes=\"(max-width: 1400px) 100vw, 1400px\" \/><\/p>\n<h1>Oberfl\u00e4chenqualit\u00e4t<\/h1>\n<h2>Oberfl\u00e4chenqualit\u00e4t von Druckgusserzeugnissen im Gusszustand<\/h2>\n<p class=\"firstpara\"><strong>Warum gibt es Normen f\u00fcr die Oberfl\u00e4chenqualit\u00e4t von Gusserzeugnissen im Gusszustand: F\u00fcr einige Anwendungen ist die Vorgabe spezieller Anforderungen an die Oberfl\u00e4chenqualit\u00e4t w\u00fcnschenswert. Die Oberfl\u00e4che von Druckgussteilen im Gusszustand wird in verschiedene G\u00fctegrade unterteilt, sodass die erforderliche Qualit\u00e4t im voraus bestimmt werden kann.<\/strong><\/p>\n<h2>Gussqualit\u00e4t<\/h2>\n<div class=\"inlineList\">\n<ol>\n<li>Oberfl\u00e4chenfehler (Kaltschwei\u00dfen, Blasen, \u00d6ldurchflussspuren, Oberfl\u00e4chenporen&lt; usw.) sind nicht st\u00f6rend.<\/li>\n<li>Einige Oberfl\u00e4chenfehler (Kaltschwei\u00dfen, Reibstellen, Oberfl\u00e4chenporen usw.) sind nicht st\u00f6rend.<\/li>\n<li>Kleinere Oberfl\u00e4chenfehler (Kaltschwei\u00dfen, Reibstellen, Oberfl\u00e4chenporen usw.), die durch Polieren der entsprechenden Stellen entfernbar sind, sind nicht st\u00f6rend. .<\/li>\n<li>Oberfl\u00e4chenfehler, die durch Schwabbeln entfernbar sind, sind nicht st\u00d6rend.<\/li>\n<li>Nicht st\u00f6rende Oberfl\u00e4chenfehler, die durch elektrochemisches Polieren zutage treten. Wo die Ebenheit\/Welligkeit der Oberfl\u00e4che (erkennbar durch Lichtreflexion) einen Grund zur Beanstandung darstellt, k\u00f6nnten spezielle Vereinbarungen getroffen werden.<\/li>\n<\/ol>\n<\/div>\n<h2>Oberfl\u00e4chenqualit\u00e4t nach der Fertigbearbeitung<\/h2>\n<div class=\"inlineList\">\n<ol>\n<li>Oberfl\u00e4chenqualit\u00e4t nicht von Belang<\/li>\n<li>Schutzbeschichtungen: Eloxierung (nicht dekorativ) Chromatierung Dickschichtige Beschichtungsstoffe Mattlack oder Kr\u00e4usellack<\/li>\n<li>Dekorative Beschichtungen: Lacke Email Galvanisieren (A1) Fertigbearbeitung mittels chemischer Verfahren Polieren<\/li>\n<li>Konstruktionsteile (sind starker Beanspruchung ausgesetzt): Galvanische Verzinkung Galvanisierung<\/li>\n<\/ol>\n<\/div>\n<p><\/p>","protected":false},"excerpt":{"rendered":"<p>Oberfl\u00e4chenqualit\u00e4t Oberfl\u00e4chenqualit\u00e4t von Druckgusserzeugnissen im Gusszustand Warum gibt es Normen f\u00fcr die Oberfl\u00e4chenqualit\u00e4t von Gusserzeugnissen im Gusszustand: F\u00fcr einige Anwendungen ist die Vorgabe spezieller Anforderungen an die Oberfl\u00e4chenqualit\u00e4t w\u00fcnschenswert. Die Oberfl\u00e4che von Druckgussteilen im Gusszustand wird in verschiedene G\u00fctegrade unterteilt, sodass die erforderliche Qualit\u00e4t im voraus bestimmt werden kann. Gussqualit\u00e4t Oberfl\u00e4chenfehler (Kaltschwei\u00dfen, Blasen, \u00d6ldurchflussspuren, Oberfl\u00e4chenporen&lt; usw.) sind nicht st\u00f6rend. Einige Oberfl\u00e4chenfehler (Kaltschwei\u00dfen, Reibstellen, Oberfl\u00e4chenporen usw.) sind nicht st\u00f6rend. Kleinere Oberfl\u00e4chenfehler (Kaltschwei\u00dfen, Reibstellen, Oberfl\u00e4chenporen usw.), die durch Polieren der entsprechenden Stellen&hellip;<\/p>\n","protected":false},"author":2,"featured_media":0,"parent":2166,"menu_order":4,"comment_status":"closed","ping_status":"closed","template":"","meta":{"footnotes":""},"class_list":["post-2177","page","type-page","status-publish","hentry"],"yoast_head":"<!-- This site is optimized with the Yoast SEO plugin v27.4 - https:\/\/yoast.com\/product\/yoast-seo-wordpress\/ -->\n<title>Surface Finish as Cast | Cast finish | End finish<\/title>\n<meta name=\"description\" content=\"Surface Finish as Cast. For some applications it is desirable to specifiy requirements to classify as cast surface finish of diecastings.\" \/>\n<meta name=\"robots\" content=\"noindex, follow, max-snippet:-1, max-image-preview:large, max-video-preview:-1\" \/>\n<meta property=\"og:locale\" content=\"de_DE\" \/>\n<meta property=\"og:type\" content=\"article\" \/>\n<meta property=\"og:title\" content=\"Surface Finish as Cast | Cast finish | End finish\" \/>\n<meta property=\"og:description\" content=\"Surface Finish as Cast. For some applications it is desirable to specifiy requirements to classify as cast surface finish of diecastings.\" \/>\n<meta property=\"og:url\" content=\"https:\/\/staging.norfran.co.uk\/technical\/surface-finish\/\" \/>\n<meta property=\"og:site_name\" content=\"Norfran Limited\" \/>\n<meta property=\"article:modified_time\" content=\"2024-02-01T13:10:50+00:00\" \/>\n<meta property=\"og:image\" content=\"https:\/\/staging.norfran.co.uk\/wp-content\/uploads\/2013\/09\/Tech-surface-finish.jpg\" \/>\n<meta name=\"twitter:card\" content=\"summary_large_image\" \/>\n<meta name=\"twitter:label1\" content=\"Gesch\u00e4tzte Lesezeit\" \/>\n\t<meta name=\"twitter:data1\" content=\"1\u00a0Minute\" \/>\n<script type=\"application\/ld+json\" class=\"yoast-schema-graph\">{\"@context\":\"https:\\\/\\\/schema.org\",\"@graph\":[{\"@type\":\"WebPage\",\"@id\":\"https:\\\/\\\/staging.norfran.co.uk\\\/technical\\\/surface-finish\\\/\",\"url\":\"https:\\\/\\\/staging.norfran.co.uk\\\/technical\\\/surface-finish\\\/\",\"name\":\"Surface Finish as Cast | Cast finish | End finish\",\"isPartOf\":{\"@id\":\"https:\\\/\\\/staging.norfran.co.uk\\\/#website\"},\"primaryImageOfPage\":{\"@id\":\"https:\\\/\\\/staging.norfran.co.uk\\\/technical\\\/surface-finish\\\/#primaryimage\"},\"image\":{\"@id\":\"https:\\\/\\\/staging.norfran.co.uk\\\/technical\\\/surface-finish\\\/#primaryimage\"},\"thumbnailUrl\":\"https:\\\/\\\/staging.norfran.co.uk\\\/wp-content\\\/uploads\\\/2013\\\/09\\\/Tech-surface-finish.jpg\",\"datePublished\":\"2017-05-25T11:34:30+00:00\",\"dateModified\":\"2024-02-01T13:10:50+00:00\",\"description\":\"Surface Finish as Cast. For some applications it is desirable to specifiy requirements to classify as cast surface finish of diecastings.\",\"breadcrumb\":{\"@id\":\"https:\\\/\\\/staging.norfran.co.uk\\\/technical\\\/surface-finish\\\/#breadcrumb\"},\"inLanguage\":\"de\",\"potentialAction\":[{\"@type\":\"ReadAction\",\"target\":[\"https:\\\/\\\/staging.norfran.co.uk\\\/technical\\\/surface-finish\\\/\"]}]},{\"@type\":\"ImageObject\",\"inLanguage\":\"de\",\"@id\":\"https:\\\/\\\/staging.norfran.co.uk\\\/technical\\\/surface-finish\\\/#primaryimage\",\"url\":\"https:\\\/\\\/staging.norfran.co.uk\\\/wp-content\\\/uploads\\\/2013\\\/09\\\/Tech-surface-finish.jpg\",\"contentUrl\":\"https:\\\/\\\/staging.norfran.co.uk\\\/wp-content\\\/uploads\\\/2013\\\/09\\\/Tech-surface-finish.jpg\"},{\"@type\":\"BreadcrumbList\",\"@id\":\"https:\\\/\\\/staging.norfran.co.uk\\\/technical\\\/surface-finish\\\/#breadcrumb\",\"itemListElement\":[{\"@type\":\"ListItem\",\"position\":1,\"name\":\"Home\",\"item\":\"https:\\\/\\\/staging.norfran.co.uk\\\/\"},{\"@type\":\"ListItem\",\"position\":2,\"name\":\"Technical\",\"item\":\"https:\\\/\\\/staging.norfran.co.uk\\\/technical\\\/\"},{\"@type\":\"ListItem\",\"position\":3,\"name\":\"Surface Finish\"}]},{\"@type\":\"WebSite\",\"@id\":\"https:\\\/\\\/staging.norfran.co.uk\\\/#website\",\"url\":\"https:\\\/\\\/staging.norfran.co.uk\\\/\",\"name\":\"Norfran Limited\",\"description\":\"Precision Aluminium and Zinc Diecasters\",\"potentialAction\":[{\"@type\":\"SearchAction\",\"target\":{\"@type\":\"EntryPoint\",\"urlTemplate\":\"https:\\\/\\\/staging.norfran.co.uk\\\/?s={search_term_string}\"},\"query-input\":{\"@type\":\"PropertyValueSpecification\",\"valueRequired\":true,\"valueName\":\"search_term_string\"}}],\"inLanguage\":\"de\"}]}<\/script>\n<!-- \/ Yoast SEO plugin. -->","yoast_head_json":{"title":"Surface Finish as Cast | Cast finish | End finish","description":"Surface Finish as Cast. For some applications it is desirable to specifiy requirements to classify as cast surface finish of diecastings.","robots":{"index":"noindex","follow":"follow","max-snippet":"max-snippet:-1","max-image-preview":"max-image-preview:large","max-video-preview":"max-video-preview:-1"},"og_locale":"de_DE","og_type":"article","og_title":"Surface Finish as Cast | Cast finish | End finish","og_description":"Surface Finish as Cast. For some applications it is desirable to specifiy requirements to classify as cast surface finish of diecastings.","og_url":"https:\/\/staging.norfran.co.uk\/technical\/surface-finish\/","og_site_name":"Norfran Limited","article_modified_time":"2024-02-01T13:10:50+00:00","og_image":[{"url":"https:\/\/staging.norfran.co.uk\/wp-content\/uploads\/2013\/09\/Tech-surface-finish.jpg","type":"","width":"","height":""}],"twitter_card":"summary_large_image","twitter_misc":{"Gesch\u00e4tzte Lesezeit":"1\u00a0Minute"},"schema":{"@context":"https:\/\/schema.org","@graph":[{"@type":"WebPage","@id":"https:\/\/staging.norfran.co.uk\/technical\/surface-finish\/","url":"https:\/\/staging.norfran.co.uk\/technical\/surface-finish\/","name":"Surface Finish as Cast | Cast finish | End finish","isPartOf":{"@id":"https:\/\/staging.norfran.co.uk\/#website"},"primaryImageOfPage":{"@id":"https:\/\/staging.norfran.co.uk\/technical\/surface-finish\/#primaryimage"},"image":{"@id":"https:\/\/staging.norfran.co.uk\/technical\/surface-finish\/#primaryimage"},"thumbnailUrl":"https:\/\/staging.norfran.co.uk\/wp-content\/uploads\/2013\/09\/Tech-surface-finish.jpg","datePublished":"2017-05-25T11:34:30+00:00","dateModified":"2024-02-01T13:10:50+00:00","description":"Surface Finish as Cast. For some applications it is desirable to specifiy requirements to classify as cast surface finish of diecastings.","breadcrumb":{"@id":"https:\/\/staging.norfran.co.uk\/technical\/surface-finish\/#breadcrumb"},"inLanguage":"de","potentialAction":[{"@type":"ReadAction","target":["https:\/\/staging.norfran.co.uk\/technical\/surface-finish\/"]}]},{"@type":"ImageObject","inLanguage":"de","@id":"https:\/\/staging.norfran.co.uk\/technical\/surface-finish\/#primaryimage","url":"https:\/\/staging.norfran.co.uk\/wp-content\/uploads\/2013\/09\/Tech-surface-finish.jpg","contentUrl":"https:\/\/staging.norfran.co.uk\/wp-content\/uploads\/2013\/09\/Tech-surface-finish.jpg"},{"@type":"BreadcrumbList","@id":"https:\/\/staging.norfran.co.uk\/technical\/surface-finish\/#breadcrumb","itemListElement":[{"@type":"ListItem","position":1,"name":"Home","item":"https:\/\/staging.norfran.co.uk\/"},{"@type":"ListItem","position":2,"name":"Technical","item":"https:\/\/staging.norfran.co.uk\/technical\/"},{"@type":"ListItem","position":3,"name":"Surface Finish"}]},{"@type":"WebSite","@id":"https:\/\/staging.norfran.co.uk\/#website","url":"https:\/\/staging.norfran.co.uk\/","name":"Norfran Limited","description":"Precision Aluminium and Zinc Diecasters","potentialAction":[{"@type":"SearchAction","target":{"@type":"EntryPoint","urlTemplate":"https:\/\/staging.norfran.co.uk\/?s={search_term_string}"},"query-input":{"@type":"PropertyValueSpecification","valueRequired":true,"valueName":"search_term_string"}}],"inLanguage":"de"}]}},"_links":{"self":[{"href":"https:\/\/staging.norfran.co.uk\/de\/wp-json\/wp\/v2\/pages\/2177","targetHints":{"allow":["GET"]}}],"collection":[{"href":"https:\/\/staging.norfran.co.uk\/de\/wp-json\/wp\/v2\/pages"}],"about":[{"href":"https:\/\/staging.norfran.co.uk\/de\/wp-json\/wp\/v2\/types\/page"}],"author":[{"embeddable":true,"href":"https:\/\/staging.norfran.co.uk\/de\/wp-json\/wp\/v2\/users\/2"}],"replies":[{"embeddable":true,"href":"https:\/\/staging.norfran.co.uk\/de\/wp-json\/wp\/v2\/comments?post=2177"}],"version-history":[{"count":0,"href":"https:\/\/staging.norfran.co.uk\/de\/wp-json\/wp\/v2\/pages\/2177\/revisions"}],"up":[{"embeddable":true,"href":"https:\/\/staging.norfran.co.uk\/de\/wp-json\/wp\/v2\/pages\/2166"}],"wp:attachment":[{"href":"https:\/\/staging.norfran.co.uk\/de\/wp-json\/wp\/v2\/media?parent=2177"}],"curies":[{"name":"wp","href":"https:\/\/api.w.org\/{rel}","templated":true}]}}