{"id":2166,"date":"2017-05-25T11:21:46","date_gmt":"2017-05-25T11:21:46","guid":{"rendered":"http:\/\/pressurediecasting.co.uk\/?page_id=2166"},"modified":"2017-07-12T11:22:03","modified_gmt":"2017-07-12T11:22:03","slug":"technical","status":"publish","type":"page","link":"https:\/\/staging.norfran.co.uk\/de\/technical\/","title":{"rendered":"Technik"},"content":{"rendered":"<p><img decoding=\"async\" class=\"alignnone size-full wp-image-2263 lazyload\" data-src=\"https:\/\/staging.norfran.co.uk\/wp-content\/uploads\/2013\/09\/technical.jpg\" alt=\"Technical\" width=\"100%\" data-srcset=\"https:\/\/staging.norfran.co.uk\/wp-content\/uploads\/2013\/09\/technical.jpg 1400w, https:\/\/staging.norfran.co.uk\/wp-content\/uploads\/2013\/09\/technical-300x47.jpg 300w, https:\/\/staging.norfran.co.uk\/wp-content\/uploads\/2013\/09\/technical-768x121.jpg 768w, https:\/\/staging.norfran.co.uk\/wp-content\/uploads\/2013\/09\/technical-1024x161.jpg 1024w\" data-sizes=\"auto\" src=\"data:image\/svg+xml;base64,PHN2ZyB3aWR0aD0iMSIgaGVpZ2h0PSIxIiB4bWxucz0iaHR0cDovL3d3dy53My5vcmcvMjAwMC9zdmciPjwvc3ZnPg==\" style=\"--smush-placeholder-width: 1400px; --smush-placeholder-aspect-ratio: 1400\/220;\" data-original-sizes=\"(max-width: 1400px) 100vw, 1400px\" \/><\/p>\n<h1>Technik<\/h1>\n<p class=\"firstpara\"><strong>Ein druckgussgerechter Entwurf muss vor allem eine schnelle Produktion mit geringer Ausschussquote erm\u00f6glichen. Au\u00dferdem sollten sich Grate leicht entfernen lassen. Druckgussteile f\u00fcr dekorative Anwendungen sollten sich vor dem Galvanisieren einfach polieren lassen. Poliermittelreste m\u00fcssen ebenfalls leicht entfernbar sein. Diese Anforderungen bedingen eine weitere: Sind die Konturen ausgeglichen und fehlen scharfe Kanten, dann lassen sich Hohlr\u00e4ume gut ausf\u00fcllen und eine gute Gussqualit\u00e4t kann erzielt werden, und nachfolgende maschinelle Bearbeitungsschritte werden erleichtert.<\/strong><\/p>\n<p>Obwohl kantige Teile und Formen f\u00fcr den Gie\u00dfer keine wirklichen Probleme darstellen, ist es unrealistisch zu erwarten, dass bei derartigen Teilen die gleiche Oberfl\u00e4chenqualit\u00e4t wie bei einer runderen Form erzielbar ist. Weiterhin wird bei kantigen Formen die Ausschussrate mit Sicherheit h\u00f6her ausfallen und die h\u00f6chstm\u00f6gliche Festigkeit l\u00e4sst sich nicht erreichen, da sich die bei der Schwindung bildenden Spannungen in den Ecken konzentrieren, anstatt sich gleichm\u00e4\u00dfig \u00fcber das gesamte Gef\u00fcge zu verteilen. Stark ausgepr\u00e4gte Au\u00dfenkanten f\u00fchren ebenfalls zu h\u00f6heren Spannungen und neigen zur Rissbildung, was eine geringere Lebensdauer der Form zur Folge hat.<\/p>\n<p>Gro\u00dfz\u00fcgige Radien und die Zugabe der maximal m\u00f6glichen Formschr\u00e4getoleranzen, die mit der Funktion des Teiles vereinbar sind, geh\u00f6ren zu den wertvollsten Beitr\u00e4gen, die der Formenbauer zur wirtschaftlichen Herstellung von Druckgussteilen leisten kann. Gut abgerundete Ecken verringern Spannungen in diesen Bereichen, und entsprechende Formschr\u00e4gen vermindern das Risiko, dass sich das Gussteil beim Ausheben aus der Form verzieht oder weiterer Beanspruchung ausgesetzt wird. Werden diese beiden Hauptpunkte beachtet, dann lassen sich die kompliziertesten Teile erfolgreich herstellen, werden sie au\u00dfer Acht gelassen, ist die Herstellung des einfachsten Teils m\u00fchevoll.<\/p>\n<p>Druckgusserzeugnisse lassen sich in hervorragender Oberfl\u00e4chenqualit\u00e4t, mit h\u00f6chster Ma\u00dfhaltigkeit und minimaler Formschr\u00e4ge herstellen. Dass ein Gussteil alle diese Kriterien mit h\u00f6chster Perfektion in sich vereint, wird in der Praxis h\u00f6chst selten, wenn \u00fcberhaupt, verlangt. Aus diesem Grund wird in diesen Hinweisen von Werten ausgegangen, mit denen bei einer normalen Geschwindigkeit, einer ununterbrochenen Fertigung, einer normalen Lebensdauer der Druckgussform und des Werkzeuges, vern\u00fcnftigen Wartungskosten sowie normalen Kosten f\u00fcr Pr\u00fcfung, Verpackung und Versand zu rechnen ist. Werden diese Hinweise eingehalten, sind Betriebssicherheit und niedrigste Kosten garantiert. Dar\u00fcber hinausgehende, spezielle Anforderungen an die Oberfl\u00e4chenqualit\u00e4t, die Ma\u00dfhaltigkeit usw. k\u00f6nnen wenn erforderlich vorgeschrieben werden. In Absprache mit Norfran k\u00f6nnen diese Anforderungen gegen einen geringen Aufpreis mit ber\u00fccksichtigt werden.<\/p>","protected":false},"excerpt":{"rendered":"<p>Technik Ein druckgussgerechter Entwurf muss vor allem eine schnelle Produktion mit geringer Ausschussquote erm\u00f6glichen. Au\u00dferdem sollten sich Grate leicht entfernen lassen. Druckgussteile f\u00fcr dekorative Anwendungen sollten sich vor dem Galvanisieren einfach polieren lassen. Poliermittelreste m\u00fcssen ebenfalls leicht entfernbar sein. Diese Anforderungen bedingen eine weitere: Sind die Konturen ausgeglichen und fehlen scharfe Kanten, dann lassen sich Hohlr\u00e4ume gut ausf\u00fcllen und eine gute Gussqualit\u00e4t kann erzielt werden, und nachfolgende maschinelle Bearbeitungsschritte werden erleichtert. Obwohl kantige Teile und Formen f\u00fcr den Gie\u00dfer keine&hellip;<\/p>\n","protected":false},"author":2,"featured_media":0,"parent":0,"menu_order":0,"comment_status":"closed","ping_status":"closed","template":"","meta":{"footnotes":""},"class_list":["post-2166","page","type-page","status-publish","hentry"],"yoast_head":"<!-- This site is optimized with the Yoast SEO plugin v27.4 - https:\/\/yoast.com\/product\/yoast-seo-wordpress\/ -->\n<title>Technik - Norfran Limited<\/title>\n<meta name=\"robots\" content=\"noindex, follow, max-snippet:-1, max-image-preview:large, max-video-preview:-1\" \/>\n<meta property=\"og:locale\" content=\"de_DE\" \/>\n<meta property=\"og:type\" content=\"article\" \/>\n<meta property=\"og:title\" content=\"Technik - Norfran Limited\" \/>\n<meta property=\"og:description\" content=\"Technik Ein druckgussgerechter Entwurf muss vor allem eine schnelle Produktion mit geringer Ausschussquote erm\u00f6glichen. Au\u00dferdem sollten sich Grate leicht entfernen lassen. Druckgussteile f\u00fcr dekorative Anwendungen sollten sich vor dem Galvanisieren einfach polieren lassen. Poliermittelreste m\u00fcssen ebenfalls leicht entfernbar sein. Diese Anforderungen bedingen eine weitere: Sind die Konturen ausgeglichen und fehlen scharfe Kanten, dann lassen sich Hohlr\u00e4ume gut ausf\u00fcllen und eine gute Gussqualit\u00e4t kann erzielt werden, und nachfolgende maschinelle Bearbeitungsschritte werden erleichtert. Obwohl kantige Teile und Formen f\u00fcr den Gie\u00dfer keine&hellip;\" \/>\n<meta property=\"og:url\" content=\"https:\/\/staging.norfran.co.uk\/technical\/\" \/>\n<meta property=\"og:site_name\" content=\"Norfran Limited\" \/>\n<meta property=\"article:modified_time\" content=\"2017-07-12T11:22:03+00:00\" \/>\n<meta property=\"og:image\" content=\"https:\/\/staging.norfran.co.uk\/wp-content\/uploads\/2013\/09\/technical.jpg\" \/>\n<meta name=\"twitter:card\" content=\"summary_large_image\" \/>\n<meta name=\"twitter:label1\" content=\"Gesch\u00e4tzte Lesezeit\" \/>\n\t<meta name=\"twitter:data1\" content=\"9\u00a0Minuten\" \/>\n<script type=\"application\/ld+json\" class=\"yoast-schema-graph\">{\"@context\":\"https:\\\/\\\/schema.org\",\"@graph\":[{\"@type\":\"WebPage\",\"@id\":\"https:\\\/\\\/staging.norfran.co.uk\\\/technical\\\/\",\"url\":\"https:\\\/\\\/staging.norfran.co.uk\\\/technical\\\/\",\"name\":\"[:en]Technical[:de]Technik[:fr]Technique[:es]T\u00e9cnica[:] - Norfran Limited\",\"isPartOf\":{\"@id\":\"https:\\\/\\\/staging.norfran.co.uk\\\/#website\"},\"primaryImageOfPage\":{\"@id\":\"https:\\\/\\\/staging.norfran.co.uk\\\/technical\\\/#primaryimage\"},\"image\":{\"@id\":\"https:\\\/\\\/staging.norfran.co.uk\\\/technical\\\/#primaryimage\"},\"thumbnailUrl\":\"https:\\\/\\\/staging.norfran.co.uk\\\/wp-content\\\/uploads\\\/2013\\\/09\\\/technical.jpg\",\"datePublished\":\"2017-05-25T11:21:46+00:00\",\"dateModified\":\"2017-07-12T11:22:03+00:00\",\"breadcrumb\":{\"@id\":\"https:\\\/\\\/staging.norfran.co.uk\\\/technical\\\/#breadcrumb\"},\"inLanguage\":\"de\",\"potentialAction\":[{\"@type\":\"ReadAction\",\"target\":[\"https:\\\/\\\/staging.norfran.co.uk\\\/technical\\\/\"]}]},{\"@type\":\"ImageObject\",\"inLanguage\":\"de\",\"@id\":\"https:\\\/\\\/staging.norfran.co.uk\\\/technical\\\/#primaryimage\",\"url\":\"https:\\\/\\\/staging.norfran.co.uk\\\/wp-content\\\/uploads\\\/2013\\\/09\\\/technical.jpg\",\"contentUrl\":\"https:\\\/\\\/staging.norfran.co.uk\\\/wp-content\\\/uploads\\\/2013\\\/09\\\/technical.jpg\"},{\"@type\":\"BreadcrumbList\",\"@id\":\"https:\\\/\\\/staging.norfran.co.uk\\\/technical\\\/#breadcrumb\",\"itemListElement\":[{\"@type\":\"ListItem\",\"position\":1,\"name\":\"Home\",\"item\":\"https:\\\/\\\/staging.norfran.co.uk\\\/\"},{\"@type\":\"ListItem\",\"position\":2,\"name\":\"Technical\"}]},{\"@type\":\"WebSite\",\"@id\":\"https:\\\/\\\/staging.norfran.co.uk\\\/#website\",\"url\":\"https:\\\/\\\/staging.norfran.co.uk\\\/\",\"name\":\"Norfran Limited\",\"description\":\"Precision Aluminium and Zinc Diecasters\",\"potentialAction\":[{\"@type\":\"SearchAction\",\"target\":{\"@type\":\"EntryPoint\",\"urlTemplate\":\"https:\\\/\\\/staging.norfran.co.uk\\\/?s={search_term_string}\"},\"query-input\":{\"@type\":\"PropertyValueSpecification\",\"valueRequired\":true,\"valueName\":\"search_term_string\"}}],\"inLanguage\":\"de\"}]}<\/script>\n<!-- \/ Yoast SEO plugin. -->","yoast_head_json":{"title":"Technik - Norfran Limited","robots":{"index":"noindex","follow":"follow","max-snippet":"max-snippet:-1","max-image-preview":"max-image-preview:large","max-video-preview":"max-video-preview:-1"},"og_locale":"de_DE","og_type":"article","og_title":"Technik - Norfran Limited","og_description":"Technik Ein druckgussgerechter Entwurf muss vor allem eine schnelle Produktion mit geringer Ausschussquote erm\u00f6glichen. Au\u00dferdem sollten sich Grate leicht entfernen lassen. Druckgussteile f\u00fcr dekorative Anwendungen sollten sich vor dem Galvanisieren einfach polieren lassen. Poliermittelreste m\u00fcssen ebenfalls leicht entfernbar sein. Diese Anforderungen bedingen eine weitere: Sind die Konturen ausgeglichen und fehlen scharfe Kanten, dann lassen sich Hohlr\u00e4ume gut ausf\u00fcllen und eine gute Gussqualit\u00e4t kann erzielt werden, und nachfolgende maschinelle Bearbeitungsschritte werden erleichtert. Obwohl kantige Teile und Formen f\u00fcr den Gie\u00dfer keine&hellip;","og_url":"https:\/\/staging.norfran.co.uk\/technical\/","og_site_name":"Norfran Limited","article_modified_time":"2017-07-12T11:22:03+00:00","og_image":[{"url":"https:\/\/staging.norfran.co.uk\/wp-content\/uploads\/2013\/09\/technical.jpg","type":"","width":"","height":""}],"twitter_card":"summary_large_image","twitter_misc":{"Gesch\u00e4tzte Lesezeit":"9\u00a0Minuten"},"schema":{"@context":"https:\/\/schema.org","@graph":[{"@type":"WebPage","@id":"https:\/\/staging.norfran.co.uk\/technical\/","url":"https:\/\/staging.norfran.co.uk\/technical\/","name":"[:en]Technical[:de]Technik[:fr]Technique[:es]T\u00e9cnica[:] - Norfran Limited","isPartOf":{"@id":"https:\/\/staging.norfran.co.uk\/#website"},"primaryImageOfPage":{"@id":"https:\/\/staging.norfran.co.uk\/technical\/#primaryimage"},"image":{"@id":"https:\/\/staging.norfran.co.uk\/technical\/#primaryimage"},"thumbnailUrl":"https:\/\/staging.norfran.co.uk\/wp-content\/uploads\/2013\/09\/technical.jpg","datePublished":"2017-05-25T11:21:46+00:00","dateModified":"2017-07-12T11:22:03+00:00","breadcrumb":{"@id":"https:\/\/staging.norfran.co.uk\/technical\/#breadcrumb"},"inLanguage":"de","potentialAction":[{"@type":"ReadAction","target":["https:\/\/staging.norfran.co.uk\/technical\/"]}]},{"@type":"ImageObject","inLanguage":"de","@id":"https:\/\/staging.norfran.co.uk\/technical\/#primaryimage","url":"https:\/\/staging.norfran.co.uk\/wp-content\/uploads\/2013\/09\/technical.jpg","contentUrl":"https:\/\/staging.norfran.co.uk\/wp-content\/uploads\/2013\/09\/technical.jpg"},{"@type":"BreadcrumbList","@id":"https:\/\/staging.norfran.co.uk\/technical\/#breadcrumb","itemListElement":[{"@type":"ListItem","position":1,"name":"Home","item":"https:\/\/staging.norfran.co.uk\/"},{"@type":"ListItem","position":2,"name":"Technical"}]},{"@type":"WebSite","@id":"https:\/\/staging.norfran.co.uk\/#website","url":"https:\/\/staging.norfran.co.uk\/","name":"Norfran Limited","description":"Precision Aluminium and Zinc Diecasters","potentialAction":[{"@type":"SearchAction","target":{"@type":"EntryPoint","urlTemplate":"https:\/\/staging.norfran.co.uk\/?s={search_term_string}"},"query-input":{"@type":"PropertyValueSpecification","valueRequired":true,"valueName":"search_term_string"}}],"inLanguage":"de"}]}},"_links":{"self":[{"href":"https:\/\/staging.norfran.co.uk\/de\/wp-json\/wp\/v2\/pages\/2166","targetHints":{"allow":["GET"]}}],"collection":[{"href":"https:\/\/staging.norfran.co.uk\/de\/wp-json\/wp\/v2\/pages"}],"about":[{"href":"https:\/\/staging.norfran.co.uk\/de\/wp-json\/wp\/v2\/types\/page"}],"author":[{"embeddable":true,"href":"https:\/\/staging.norfran.co.uk\/de\/wp-json\/wp\/v2\/users\/2"}],"replies":[{"embeddable":true,"href":"https:\/\/staging.norfran.co.uk\/de\/wp-json\/wp\/v2\/comments?post=2166"}],"version-history":[{"count":0,"href":"https:\/\/staging.norfran.co.uk\/de\/wp-json\/wp\/v2\/pages\/2166\/revisions"}],"wp:attachment":[{"href":"https:\/\/staging.norfran.co.uk\/de\/wp-json\/wp\/v2\/media?parent=2166"}],"curies":[{"name":"wp","href":"https:\/\/api.w.org\/{rel}","templated":true}]}}