{"id":1811,"date":"2013-09-30T10:48:19","date_gmt":"2013-09-30T10:48:19","guid":{"rendered":"http:\/\/demo.cpothemes.com\/scenica\/?page_id=1806"},"modified":"2017-07-07T11:47:57","modified_gmt":"2017-07-07T11:47:57","slug":"services","status":"publish","type":"page","link":"https:\/\/staging.norfran.co.uk\/de\/services\/","title":{"rendered":"Dienstleistungen"},"content":{"rendered":"<p><img decoding=\"async\" class=\"alignnone size-full wp-image-2258 lazyload\" data-src=\"https:\/\/staging.norfran.co.uk\/wp-content\/uploads\/2013\/09\/services.jpg\" alt=\"Services\" width=\"100%\" height=\"220\" data-srcset=\"https:\/\/staging.norfran.co.uk\/wp-content\/uploads\/2013\/09\/services.jpg 1400w, https:\/\/staging.norfran.co.uk\/wp-content\/uploads\/2013\/09\/services-300x47.jpg 300w, https:\/\/staging.norfran.co.uk\/wp-content\/uploads\/2013\/09\/services-768x121.jpg 768w, https:\/\/staging.norfran.co.uk\/wp-content\/uploads\/2013\/09\/services-1024x161.jpg 1024w\" data-sizes=\"auto\" src=\"data:image\/svg+xml;base64,PHN2ZyB3aWR0aD0iMSIgaGVpZ2h0PSIxIiB4bWxucz0iaHR0cDovL3d3dy53My5vcmcvMjAwMC9zdmciPjwvc3ZnPg==\" style=\"--smush-placeholder-width: 1400px; --smush-placeholder-aspect-ratio: 1400\/220;\" data-original-sizes=\"(max-width: 1400px) 100vw, 1400px\" \/><\/p>\n<p class=\"firstpara\"><strong>Die Norfran Ltd. hat sich zu 100 % auf die Herstellung von Aluminium- und Zinkdruckguss spezialisiert.<\/strong><\/p>\n<p class=\"firstpara\"><strong>Die Druckgussabteilung erh\u00e4lt die geschmolzene Legierung aus dem Schmelzbereich, in dem sich auch unser neuer hocheffizienter, vollautomatischer Striko MH-Schmelzofen befindet, der pro Stunde vier Tonnen Legierung produziert.<\/strong><\/p>\n<h2>Entwurf und Projektleitung<\/h2>\n<p>Zus\u00e4tzlich zum Entwurf der Druckgie\u00dfform arbeiten wir Hand in Hand mit unseren Kunden, um ihnen beim Entwurf ihrer Komponenten zu helfen. Wir bieten unseren Kunden einen vollst\u00e4ndig integrierten Service. Der Entwurf zur sp\u00e4teren Herstellung ist eine der St\u00e4rken von Norfran. Wir verf\u00fcgen \u00fcber die entsprechende Ausr\u00fcstung zur Verarbeitung von 3-D und 2-D-Cad-Formaten. Wir helfen Ihnen, wenn es um Ihren schnellen Prototypenbau (Rapid Prototypes) geht und produzieren Soft-Tooling f\u00fcr den Druckguss der Prototypen.<\/p>\n<h2>Druckguss<\/h2>\n<p>Wir k\u00f6nnen auf unsere umfangreiche Maschinenausstattung zur\u00fcckgreifen, um bei der Produktion eine enorme Flexibilit\u00e4t zu bieten. Unsere Maschinen k\u00f6nnen im Zuge der Herstellung an verschiedene Formen und Gr\u00f6\u00dfen der Gussst\u00fccke angepasst werden.<\/p>\n<p>Norfran bietet eine solide Erfahrung im Bereich der Herstellung von druckfesten und eingegossenen Teilen, wie z. B. Befestigungselementen, Lagern und sogar elektrischen Komponenten.<\/p>\n<p>Norfran hat ein bedeutendes Kapitalinvestitionsprogramm abgeschlossen, wobei zehn vollst\u00e4ndig automatisierte Gie\u00dfzellen eingerichtet wurden, in denen die neusten 6-Achsen-Roboter zur Materialverarbeitung sowie 3-Achsen-Roboter und 2-Achsen-CNC-Spr\u00fchsysteme zum Einsatz kommen. Unsere roboterbetriebenen Gie\u00dfzellen werden normalerweise zur Herstellung gro\u00dfer St\u00fcckzahlen bei l\u00e4ngerer Laufzeit genutzt. Der verbleibende Teil unserer Kapazit\u00e4t sind halb-automatisierte Zellen f\u00fcr kleinere Produktionsumf\u00e4nge.<\/p>\n<h2>Druckgussendfertigung<\/h2>\n<p>Auch Norfran Endfertigungsabteilung konnte von einem gr\u00f6\u00dferen Investitionsprogramm profitieren. Eine gleich bleibende Qualit\u00e4t wird durch Weiterbildung und der Bindung von engagierten Arbeitskr\u00e4ften erzielt. 48 % der bei Norfran arbeitenden Personen sind schon seit 15 oder mehr Jahren beim Unternehmen angestellt.<\/p>\n<p>Komplement\u00e4r zu unseren traditionellen Endfertigungsmethoden haben wir in ein voll automatisiertes Endfertigungssystem investiert, das entgratet, reinigt und trocknet.<\/p>\n<p>Andere werkseigene Verfahren schlie\u00dfen eine CNC-Maschinenwerkstatt (mit sowohl vertikalen Fertigungszentren als auch CNC-Drehb\u00e4nken), Kugelstrahlanlagen, Mehrspindelbohrmaschinen und Gewindeschneiden, hohe Montagest\u00fcckzahlen und schl\u00fcsselfertig automatisierte Leckortung sowie Dichtheitspr\u00fcfung ein<\/p>\n<h2>Outsourcing und Logistik<\/h2>\n<p>Die kompletten Endprodukte werden wo immer m\u00f6glich ausgeliefert. Wir verf\u00fcgen \u00fcber eine umfangreiche Erfahrung und Know-how, um Verfahren wie z. B. Pulverspritzlackierung, Nassspritzverfahren, Plattieren und Polieren anbieten zu k\u00f6nnen. Dies ist ein weiterer Beweis, dass die Norfran Ltd. immer bereit ist, sich extra zu bem\u00fchen, damit der Kunde mehr als zufrieden ist.<\/p>\n<p>Gussst\u00fccke und Endprodukte k\u00f6nnen per Kan-Ban-System, der JIT-Methode, als einfache Bestellung oder in Chargenmengen hergestellt und geliefert werden. Der Transport ist mit einem Fahrzeug aus Norfrans eigenem Fuhrpark, einem bevorzugten Transportdienst oder durch den Kunden selbst m\u00f6glich.<\/p>","protected":false},"excerpt":{"rendered":"<p>Die Norfran Ltd. hat sich zu 100 % auf die Herstellung von Aluminium- und Zinkdruckguss spezialisiert. Die Druckgussabteilung erh\u00e4lt die geschmolzene Legierung aus dem Schmelzbereich, in dem sich auch unser neuer hocheffizienter, vollautomatischer Striko MH-Schmelzofen befindet, der pro Stunde vier Tonnen Legierung produziert. Entwurf und Projektleitung Zus\u00e4tzlich zum Entwurf der Druckgie\u00dfform arbeiten wir Hand in Hand mit unseren Kunden, um ihnen beim Entwurf ihrer Komponenten zu helfen. Wir bieten unseren Kunden einen vollst\u00e4ndig integrierten Service. Der Entwurf zur sp\u00e4teren Herstellung&hellip;<\/p>\n","protected":false},"author":2,"featured_media":0,"parent":0,"menu_order":0,"comment_status":"closed","ping_status":"closed","template":"","meta":{"footnotes":""},"class_list":["post-1811","page","type-page","status-publish","hentry"],"yoast_head":"<!-- This site is optimized with the Yoast SEO plugin v27.4 - https:\/\/yoast.com\/product\/yoast-seo-wordpress\/ -->\n<title>Dienstleistungen - Norfran Limited<\/title>\n<meta name=\"robots\" content=\"noindex, follow, max-snippet:-1, max-image-preview:large, max-video-preview:-1\" \/>\n<meta property=\"og:locale\" content=\"de_DE\" \/>\n<meta property=\"og:type\" content=\"article\" \/>\n<meta property=\"og:title\" content=\"Dienstleistungen - Norfran Limited\" \/>\n<meta property=\"og:description\" content=\"Die Norfran Ltd. hat sich zu 100 % auf die Herstellung von Aluminium- und Zinkdruckguss spezialisiert. Die Druckgussabteilung erh\u00e4lt die geschmolzene Legierung aus dem Schmelzbereich, in dem sich auch unser neuer hocheffizienter, vollautomatischer Striko MH-Schmelzofen befindet, der pro Stunde vier Tonnen Legierung produziert. Entwurf und Projektleitung Zus\u00e4tzlich zum Entwurf der Druckgie\u00dfform arbeiten wir Hand in Hand mit unseren Kunden, um ihnen beim Entwurf ihrer Komponenten zu helfen. Wir bieten unseren Kunden einen vollst\u00e4ndig integrierten Service. Der Entwurf zur sp\u00e4teren Herstellung&hellip;\" \/>\n<meta property=\"og:url\" content=\"https:\/\/staging.norfran.co.uk\/services\/\" \/>\n<meta property=\"og:site_name\" content=\"Norfran Limited\" \/>\n<meta property=\"article:modified_time\" content=\"2017-07-07T11:47:57+00:00\" \/>\n<meta property=\"og:image\" content=\"https:\/\/staging.norfran.co.uk\/wp-content\/uploads\/2013\/09\/services.jpg\" \/>\n<meta name=\"twitter:card\" content=\"summary_large_image\" \/>\n<meta name=\"twitter:label1\" content=\"Gesch\u00e4tzte Lesezeit\" \/>\n\t<meta name=\"twitter:data1\" content=\"10\u00a0Minuten\" \/>\n<script type=\"application\/ld+json\" class=\"yoast-schema-graph\">{\"@context\":\"https:\\\/\\\/schema.org\",\"@graph\":[{\"@type\":\"WebPage\",\"@id\":\"https:\\\/\\\/staging.norfran.co.uk\\\/services\\\/\",\"url\":\"https:\\\/\\\/staging.norfran.co.uk\\\/services\\\/\",\"name\":\"[:en]Services[:de]Dienstleistungen[:fr]Services[:es]Servicios[:] - Norfran Limited\",\"isPartOf\":{\"@id\":\"https:\\\/\\\/staging.norfran.co.uk\\\/#website\"},\"primaryImageOfPage\":{\"@id\":\"https:\\\/\\\/staging.norfran.co.uk\\\/services\\\/#primaryimage\"},\"image\":{\"@id\":\"https:\\\/\\\/staging.norfran.co.uk\\\/services\\\/#primaryimage\"},\"thumbnailUrl\":\"https:\\\/\\\/staging.norfran.co.uk\\\/wp-content\\\/uploads\\\/2013\\\/09\\\/services.jpg\",\"datePublished\":\"2013-09-30T10:48:19+00:00\",\"dateModified\":\"2017-07-07T11:47:57+00:00\",\"breadcrumb\":{\"@id\":\"https:\\\/\\\/staging.norfran.co.uk\\\/services\\\/#breadcrumb\"},\"inLanguage\":\"de\",\"potentialAction\":[{\"@type\":\"ReadAction\",\"target\":[\"https:\\\/\\\/staging.norfran.co.uk\\\/services\\\/\"]}]},{\"@type\":\"ImageObject\",\"inLanguage\":\"de\",\"@id\":\"https:\\\/\\\/staging.norfran.co.uk\\\/services\\\/#primaryimage\",\"url\":\"https:\\\/\\\/staging.norfran.co.uk\\\/wp-content\\\/uploads\\\/2013\\\/09\\\/services.jpg\",\"contentUrl\":\"https:\\\/\\\/staging.norfran.co.uk\\\/wp-content\\\/uploads\\\/2013\\\/09\\\/services.jpg\"},{\"@type\":\"BreadcrumbList\",\"@id\":\"https:\\\/\\\/staging.norfran.co.uk\\\/services\\\/#breadcrumb\",\"itemListElement\":[{\"@type\":\"ListItem\",\"position\":1,\"name\":\"Home\",\"item\":\"https:\\\/\\\/staging.norfran.co.uk\\\/\"},{\"@type\":\"ListItem\",\"position\":2,\"name\":\"Services\"}]},{\"@type\":\"WebSite\",\"@id\":\"https:\\\/\\\/staging.norfran.co.uk\\\/#website\",\"url\":\"https:\\\/\\\/staging.norfran.co.uk\\\/\",\"name\":\"Norfran Limited\",\"description\":\"Precision Aluminium and Zinc Diecasters\",\"potentialAction\":[{\"@type\":\"SearchAction\",\"target\":{\"@type\":\"EntryPoint\",\"urlTemplate\":\"https:\\\/\\\/staging.norfran.co.uk\\\/?s={search_term_string}\"},\"query-input\":{\"@type\":\"PropertyValueSpecification\",\"valueRequired\":true,\"valueName\":\"search_term_string\"}}],\"inLanguage\":\"de\"}]}<\/script>\n<!-- \/ Yoast SEO plugin. -->","yoast_head_json":{"title":"Dienstleistungen - Norfran Limited","robots":{"index":"noindex","follow":"follow","max-snippet":"max-snippet:-1","max-image-preview":"max-image-preview:large","max-video-preview":"max-video-preview:-1"},"og_locale":"de_DE","og_type":"article","og_title":"Dienstleistungen - Norfran Limited","og_description":"Die Norfran Ltd. hat sich zu 100 % auf die Herstellung von Aluminium- und Zinkdruckguss spezialisiert. Die Druckgussabteilung erh\u00e4lt die geschmolzene Legierung aus dem Schmelzbereich, in dem sich auch unser neuer hocheffizienter, vollautomatischer Striko MH-Schmelzofen befindet, der pro Stunde vier Tonnen Legierung produziert. Entwurf und Projektleitung Zus\u00e4tzlich zum Entwurf der Druckgie\u00dfform arbeiten wir Hand in Hand mit unseren Kunden, um ihnen beim Entwurf ihrer Komponenten zu helfen. Wir bieten unseren Kunden einen vollst\u00e4ndig integrierten Service. Der Entwurf zur sp\u00e4teren Herstellung&hellip;","og_url":"https:\/\/staging.norfran.co.uk\/services\/","og_site_name":"Norfran Limited","article_modified_time":"2017-07-07T11:47:57+00:00","og_image":[{"url":"https:\/\/staging.norfran.co.uk\/wp-content\/uploads\/2013\/09\/services.jpg","type":"","width":"","height":""}],"twitter_card":"summary_large_image","twitter_misc":{"Gesch\u00e4tzte Lesezeit":"10\u00a0Minuten"},"schema":{"@context":"https:\/\/schema.org","@graph":[{"@type":"WebPage","@id":"https:\/\/staging.norfran.co.uk\/services\/","url":"https:\/\/staging.norfran.co.uk\/services\/","name":"[:en]Services[:de]Dienstleistungen[:fr]Services[:es]Servicios[:] - Norfran Limited","isPartOf":{"@id":"https:\/\/staging.norfran.co.uk\/#website"},"primaryImageOfPage":{"@id":"https:\/\/staging.norfran.co.uk\/services\/#primaryimage"},"image":{"@id":"https:\/\/staging.norfran.co.uk\/services\/#primaryimage"},"thumbnailUrl":"https:\/\/staging.norfran.co.uk\/wp-content\/uploads\/2013\/09\/services.jpg","datePublished":"2013-09-30T10:48:19+00:00","dateModified":"2017-07-07T11:47:57+00:00","breadcrumb":{"@id":"https:\/\/staging.norfran.co.uk\/services\/#breadcrumb"},"inLanguage":"de","potentialAction":[{"@type":"ReadAction","target":["https:\/\/staging.norfran.co.uk\/services\/"]}]},{"@type":"ImageObject","inLanguage":"de","@id":"https:\/\/staging.norfran.co.uk\/services\/#primaryimage","url":"https:\/\/staging.norfran.co.uk\/wp-content\/uploads\/2013\/09\/services.jpg","contentUrl":"https:\/\/staging.norfran.co.uk\/wp-content\/uploads\/2013\/09\/services.jpg"},{"@type":"BreadcrumbList","@id":"https:\/\/staging.norfran.co.uk\/services\/#breadcrumb","itemListElement":[{"@type":"ListItem","position":1,"name":"Home","item":"https:\/\/staging.norfran.co.uk\/"},{"@type":"ListItem","position":2,"name":"Services"}]},{"@type":"WebSite","@id":"https:\/\/staging.norfran.co.uk\/#website","url":"https:\/\/staging.norfran.co.uk\/","name":"Norfran Limited","description":"Precision Aluminium and Zinc Diecasters","potentialAction":[{"@type":"SearchAction","target":{"@type":"EntryPoint","urlTemplate":"https:\/\/staging.norfran.co.uk\/?s={search_term_string}"},"query-input":{"@type":"PropertyValueSpecification","valueRequired":true,"valueName":"search_term_string"}}],"inLanguage":"de"}]}},"_links":{"self":[{"href":"https:\/\/staging.norfran.co.uk\/de\/wp-json\/wp\/v2\/pages\/1811","targetHints":{"allow":["GET"]}}],"collection":[{"href":"https:\/\/staging.norfran.co.uk\/de\/wp-json\/wp\/v2\/pages"}],"about":[{"href":"https:\/\/staging.norfran.co.uk\/de\/wp-json\/wp\/v2\/types\/page"}],"author":[{"embeddable":true,"href":"https:\/\/staging.norfran.co.uk\/de\/wp-json\/wp\/v2\/users\/2"}],"replies":[{"embeddable":true,"href":"https:\/\/staging.norfran.co.uk\/de\/wp-json\/wp\/v2\/comments?post=1811"}],"version-history":[{"count":0,"href":"https:\/\/staging.norfran.co.uk\/de\/wp-json\/wp\/v2\/pages\/1811\/revisions"}],"wp:attachment":[{"href":"https:\/\/staging.norfran.co.uk\/de\/wp-json\/wp\/v2\/media?parent=1811"}],"curies":[{"name":"wp","href":"https:\/\/api.w.org\/{rel}","templated":true}]}}