{"id":11204,"date":"2021-05-12T11:01:38","date_gmt":"2021-05-12T11:01:38","guid":{"rendered":"https:\/\/norfran.co.uk\/?page_id=11204"},"modified":"2024-02-01T09:35:29","modified_gmt":"2024-02-01T09:35:29","slug":"aluminium-and-zinc-die-casting","status":"publish","type":"page","link":"https:\/\/staging.norfran.co.uk\/de\/services\/aluminium-and-zinc-die-casting\/","title":{"rendered":"Aluminium- und Zinkdruckguss"},"content":{"rendered":"<p><img decoding=\"async\" class=\"size-full wp-image-11205 aligncenter lazyload\" data-src=\"https:\/\/staging.norfran.co.uk\/wp-content\/uploads\/2021\/05\/aluminium-and-zinc-diecasting.jpg\" alt=\"\" width=\"1400\" height=\"245\" data-srcset=\"https:\/\/staging.norfran.co.uk\/wp-content\/uploads\/2021\/05\/aluminium-and-zinc-diecasting.jpg 1400w, https:\/\/staging.norfran.co.uk\/wp-content\/uploads\/2021\/05\/aluminium-and-zinc-diecasting-300x53.jpg 300w, https:\/\/staging.norfran.co.uk\/wp-content\/uploads\/2021\/05\/aluminium-and-zinc-diecasting-1024x179.jpg 1024w, https:\/\/staging.norfran.co.uk\/wp-content\/uploads\/2021\/05\/aluminium-and-zinc-diecasting-768x134.jpg 768w\" data-sizes=\"auto\" src=\"data:image\/svg+xml;base64,PHN2ZyB3aWR0aD0iMSIgaGVpZ2h0PSIxIiB4bWxucz0iaHR0cDovL3d3dy53My5vcmcvMjAwMC9zdmciPjwvc3ZnPg==\" style=\"--smush-placeholder-width: 1400px; --smush-placeholder-aspect-ratio: 1400\/245;\" data-original-sizes=\"(max-width: 1400px) 100vw, 1400px\" \/><\/p>\n<h2><strong>Aluminium- und Zinkdruckguss<\/strong><\/h2>\n<p>Aluminium- und Zinkdruckguss ist eine weit verbreitete Fertigungsmethode zur Herstellung von Bauteilen aus Aluminium, Zink und anderen Legierungen, indem die geschmolzene Legierung unter hohem Druck in wiederverwendbare Stahlformen gepresst wird. Dieses Verfahren erm\u00f6glicht die Herstellung von Teilen und Komponenten mit komplexen Geometrien, mit hoher Pr\u00e4zision und erlaubt die M\u00f6glichkeit der Gro\u00dfserienfertigung.<\/p>\n<p>Mit Druckgusstechnologien hergestellte Bauteile k\u00f6nnen scharfkantige Geometrien, glatte oder strukturierte Oberfl\u00e4chen erreichen und eignen sich daher f\u00fcr eine Vielzahl von Produkten und Anwendungen.<\/p>\n<p>Unsere Druckgie\u00dferei verf\u00fcgt \u00fcber einen umfangreichen Maschinenpark, der Flexibilit\u00e4t in der Produktion erm\u00f6glicht. Unser Maschinenpark kann die Herstellung unterschiedlicher Formen und Gr\u00f6\u00dfen von Gussteilen erm\u00f6glichen.<\/p>\n<p>Norfran verf\u00fcgt \u00fcber umfangreiche Erfahrung in der Herstellung von druckdichten Gussteilen sowie von Gusskomponenten, wie z.\u00a0B. Verbindungselementen, Rohren und sogar elektrischen Komponenten.<\/p>\n<p>Norfran verf\u00fcgt \u00fcber ein kontinuierliches Investitionsprogramm, im Rahmen dessen wir 13\u00a0Druckgie\u00dfzellen mit vollautomatischen 6-achsigen ABB-Robotern und 2-achsigen CNC-Spritzsystemen erworben haben. Unsere vollautomatischen Zellen werden typischerweise f\u00fcr l\u00e4nger laufende, hochvolumige Produktionsl\u00e4ufe eingesetzt. Die restlichen 4\u00a0Maschinen sind halbautomatisch und dienen kleineren Produktionsl\u00e4ufen. Insgesamt verf\u00fcgt die Anlage \u00fcber 17\u00a0Aluminium-Kaltkammer-Druckgie\u00dfmaschinen von 180 bis 800 Tonnen sowie \u00fcber 4\u00a0Warmkammer-Zinkdruckgie\u00dfmaschinen von 20 bis 200\u00a0Tonnen. Wir k\u00f6nnen G\u00fcsse von 0,002 bis 9,00\u00a0kg bewerkstelligen.<\/p>\n<h3><strong>Die Vorteile des Druckgie\u00dfens<\/strong><\/h3>\n<p>Hochgeschwindigkeitsproduktion\u00a0\u2013 Der Druckguss liefert komplexe Formen innerhalb engerer Toleranzen als viele andere Massenproduktionsverfahren. Es ist lediglich eine geringe oder gar keine Bearbeitung erforderlich, und es k\u00f6nnen Hunderttausende von identischen Gussteilen hergestellt werden, bevor zus\u00e4tzliche Werkzeuge ben\u00f6tigt werden.<\/p>\n<p>Ma\u00dfgenauigkeit und Stabilit\u00e4t\u00a0\u2013 Der Druckguss produziert Teile, die ma\u00dfhaltig und langlebig sind und dabei enge Toleranzen einhalten. Dar\u00fcber hinaus sind Gussteile hitzebest\u00e4ndig.<\/p>\n<p>Festigkeit und Gewicht\u00a0\u2013 Das Druckgussverfahren eignet sich f\u00fcr d\u00fcnnwandige Teile, die das Gewicht reduzieren, w\u00e4hrend die Festigkeit erhalten bleibt. Au\u00dferdem k\u00f6nnen beim Druckguss mehrere Komponenten in ein Gussteil integriert werden, wodurch die Notwendigkeit von Verbindungen oder Befestigungselementen entf\u00e4llt. Das bedeutet, dass die Festigkeit von der Legierung und nicht vom F\u00fcgeverfahren abh\u00e4ngt.<\/p>\n<p>Vielf\u00e4ltige Veredelungstechniken\u00a0\u2013 Druckgussteile k\u00f6nnen mit einer glatten oder strukturierten Oberfl\u00e4che hergestellt werden, und sie lassen sich mit minimaler Oberfl\u00e4chenvorbereitung leicht plattieren oder veredeln.<\/p>\n<p>Vereinfachte Montage\u00a0\u2013 Druckgussteile verf\u00fcgen \u00fcber integrierte Befestigungselemente, wie Nocken und Bolzen. L\u00f6cher k\u00f6nnen entkernt und mit Gewindebohrern versehen werden, oder es k\u00f6nnen Au\u00dfengewinde gegossen werden.<\/p>\n<div style=\"display: flex; flex-direction: row; flex-wrap: wrap; justify-content: space-between;\"><img decoding=\"async\" class=\"alignnone wp-image-11031 size-portfolio lazyload\" style=\"--smush-placeholder-width: 400px; --smush-placeholder-aspect-ratio: 400\/500;max-width: 375px; height: auto;\" data-src=\"https:\/\/staging.norfran.co.uk\/wp-content\/uploads\/2021\/04\/IMG_3719-400x500.jpg\" alt=\"\" width=\"400\" height=\"500\" src=\"data:image\/svg+xml;base64,PHN2ZyB3aWR0aD0iMSIgaGVpZ2h0PSIxIiB4bWxucz0iaHR0cDovL3d3dy53My5vcmcvMjAwMC9zdmciPjwvc3ZnPg==\" \/> <img decoding=\"async\" class=\"alignnone wp-image-11033 size-portfolio lazyload\" style=\"--smush-placeholder-width: 400px; --smush-placeholder-aspect-ratio: 400\/500;max-width: 375px; height: auto;\" data-src=\"https:\/\/staging.norfran.co.uk\/wp-content\/uploads\/2021\/04\/IMG_3728-400x500.jpg\" alt=\"\" width=\"400\" height=\"500\" src=\"data:image\/svg+xml;base64,PHN2ZyB3aWR0aD0iMSIgaGVpZ2h0PSIxIiB4bWxucz0iaHR0cDovL3d3dy53My5vcmcvMjAwMC9zdmciPjwvc3ZnPg==\" \/> <img decoding=\"async\" class=\"alignnone wp-image-11032 size-portfolio lazyload\" style=\"--smush-placeholder-width: 400px; --smush-placeholder-aspect-ratio: 400\/500;max-width: 375px; height: auto;\" data-src=\"https:\/\/staging.norfran.co.uk\/wp-content\/uploads\/2021\/04\/IMG_3725-400x500.jpg\" alt=\"\" width=\"400\" height=\"500\" src=\"data:image\/svg+xml;base64,PHN2ZyB3aWR0aD0iMSIgaGVpZ2h0PSIxIiB4bWxucz0iaHR0cDovL3d3dy53My5vcmcvMjAwMC9zdmciPjwvc3ZnPg==\" \/><\/div>\n<p><\/p>","protected":false},"excerpt":{"rendered":"<p>Aluminium- und Zinkdruckguss Aluminium- und Zinkdruckguss ist eine weit verbreitete Fertigungsmethode zur Herstellung von Bauteilen aus Aluminium, Zink und anderen Legierungen, indem die geschmolzene Legierung unter hohem Druck in wiederverwendbare Stahlformen gepresst wird. Dieses Verfahren erm\u00f6glicht die Herstellung von Teilen und Komponenten mit komplexen Geometrien, mit hoher Pr\u00e4zision und erlaubt die M\u00f6glichkeit der Gro\u00dfserienfertigung. Mit Druckgusstechnologien hergestellte Bauteile k\u00f6nnen scharfkantige Geometrien, glatte oder strukturierte Oberfl\u00e4chen erreichen und eignen sich daher f\u00fcr eine Vielzahl von Produkten und Anwendungen. Unsere Druckgie\u00dferei verf\u00fcgt&hellip;<\/p>\n","protected":false},"author":4,"featured_media":0,"parent":1811,"menu_order":0,"comment_status":"closed","ping_status":"closed","template":"","meta":{"footnotes":""},"class_list":["post-11204","page","type-page","status-publish","hentry"],"yoast_head":"<!-- This site is optimized with the Yoast SEO plugin v27.4 - https:\/\/yoast.com\/product\/yoast-seo-wordpress\/ -->\n<title>Aluminium- und Zinkdruckguss - Norfran Limited<\/title>\n<meta name=\"description\" content=\"Aluminium and zinc die casting is a manufacturing method used by Norfran to produce aluminium, zinc and other alloy components.\" \/>\n<meta name=\"robots\" content=\"noindex, follow, max-snippet:-1, max-image-preview:large, max-video-preview:-1\" \/>\n<meta property=\"og:locale\" content=\"de_DE\" \/>\n<meta property=\"og:type\" content=\"article\" \/>\n<meta property=\"og:title\" content=\"Aluminium- und Zinkdruckguss - Norfran Limited\" \/>\n<meta property=\"og:description\" content=\"Aluminium and zinc die casting is a manufacturing method used by Norfran to produce aluminium, zinc and other alloy components.\" \/>\n<meta property=\"og:url\" content=\"https:\/\/staging.norfran.co.uk\/services\/aluminium-and-zinc-die-casting\/\" \/>\n<meta property=\"og:site_name\" content=\"Norfran Limited\" \/>\n<meta property=\"article:modified_time\" content=\"2024-02-01T09:35:29+00:00\" \/>\n<meta property=\"og:image\" content=\"https:\/\/staging.norfran.co.uk\/wp-content\/uploads\/2021\/05\/aluminium-and-zinc-diecasting.jpg\" \/>\n<meta name=\"twitter:card\" content=\"summary_large_image\" \/>\n<meta name=\"twitter:label1\" content=\"Gesch\u00e4tzte Lesezeit\" \/>\n\t<meta name=\"twitter:data1\" content=\"3\u00a0Minuten\" \/>\n<script type=\"application\/ld+json\" class=\"yoast-schema-graph\">{\"@context\":\"https:\\\/\\\/schema.org\",\"@graph\":[{\"@type\":\"WebPage\",\"@id\":\"https:\\\/\\\/staging.norfran.co.uk\\\/services\\\/aluminium-and-zinc-die-casting\\\/\",\"url\":\"https:\\\/\\\/staging.norfran.co.uk\\\/services\\\/aluminium-and-zinc-die-casting\\\/\",\"name\":\"[:en]Aluminium and Zinc Die Casting[:de]Aluminium- und Zinkdruckguss[:fr]Moulage sous pression d'aluminium et de zinc[:es]Fundici\u00f3n a presi\u00f3n de aluminio y zinc[:] - Norfran Limited\",\"isPartOf\":{\"@id\":\"https:\\\/\\\/staging.norfran.co.uk\\\/#website\"},\"primaryImageOfPage\":{\"@id\":\"https:\\\/\\\/staging.norfran.co.uk\\\/services\\\/aluminium-and-zinc-die-casting\\\/#primaryimage\"},\"image\":{\"@id\":\"https:\\\/\\\/staging.norfran.co.uk\\\/services\\\/aluminium-and-zinc-die-casting\\\/#primaryimage\"},\"thumbnailUrl\":\"https:\\\/\\\/staging.norfran.co.uk\\\/wp-content\\\/uploads\\\/2021\\\/05\\\/aluminium-and-zinc-diecasting.jpg\",\"datePublished\":\"2021-05-12T11:01:38+00:00\",\"dateModified\":\"2024-02-01T09:35:29+00:00\",\"description\":\"Aluminium and zinc die casting is a manufacturing method used by Norfran to produce aluminium, zinc and other alloy components.\",\"breadcrumb\":{\"@id\":\"https:\\\/\\\/staging.norfran.co.uk\\\/services\\\/aluminium-and-zinc-die-casting\\\/#breadcrumb\"},\"inLanguage\":\"de\",\"potentialAction\":[{\"@type\":\"ReadAction\",\"target\":[\"https:\\\/\\\/staging.norfran.co.uk\\\/services\\\/aluminium-and-zinc-die-casting\\\/\"]}]},{\"@type\":\"ImageObject\",\"inLanguage\":\"de\",\"@id\":\"https:\\\/\\\/staging.norfran.co.uk\\\/services\\\/aluminium-and-zinc-die-casting\\\/#primaryimage\",\"url\":\"https:\\\/\\\/staging.norfran.co.uk\\\/wp-content\\\/uploads\\\/2021\\\/05\\\/aluminium-and-zinc-diecasting.jpg\",\"contentUrl\":\"https:\\\/\\\/staging.norfran.co.uk\\\/wp-content\\\/uploads\\\/2021\\\/05\\\/aluminium-and-zinc-diecasting.jpg\"},{\"@type\":\"BreadcrumbList\",\"@id\":\"https:\\\/\\\/staging.norfran.co.uk\\\/services\\\/aluminium-and-zinc-die-casting\\\/#breadcrumb\",\"itemListElement\":[{\"@type\":\"ListItem\",\"position\":1,\"name\":\"Home\",\"item\":\"https:\\\/\\\/staging.norfran.co.uk\\\/\"},{\"@type\":\"ListItem\",\"position\":2,\"name\":\"Services\",\"item\":\"https:\\\/\\\/staging.norfran.co.uk\\\/services\\\/\"},{\"@type\":\"ListItem\",\"position\":3,\"name\":\"Aluminium and Zinc Die Casting\"}]},{\"@type\":\"WebSite\",\"@id\":\"https:\\\/\\\/staging.norfran.co.uk\\\/#website\",\"url\":\"https:\\\/\\\/staging.norfran.co.uk\\\/\",\"name\":\"Norfran Limited\",\"description\":\"Precision Aluminium and Zinc Diecasters\",\"potentialAction\":[{\"@type\":\"SearchAction\",\"target\":{\"@type\":\"EntryPoint\",\"urlTemplate\":\"https:\\\/\\\/staging.norfran.co.uk\\\/?s={search_term_string}\"},\"query-input\":{\"@type\":\"PropertyValueSpecification\",\"valueRequired\":true,\"valueName\":\"search_term_string\"}}],\"inLanguage\":\"de\"}]}<\/script>\n<!-- \/ Yoast SEO plugin. -->","yoast_head_json":{"title":"Aluminium- und Zinkdruckguss - Norfran Limited","description":"Aluminium and zinc die casting is a manufacturing method used by Norfran to produce aluminium, zinc and other alloy components.","robots":{"index":"noindex","follow":"follow","max-snippet":"max-snippet:-1","max-image-preview":"max-image-preview:large","max-video-preview":"max-video-preview:-1"},"og_locale":"de_DE","og_type":"article","og_title":"Aluminium- und Zinkdruckguss - Norfran Limited","og_description":"Aluminium and zinc die casting is a manufacturing method used by Norfran to produce aluminium, zinc and other alloy components.","og_url":"https:\/\/staging.norfran.co.uk\/services\/aluminium-and-zinc-die-casting\/","og_site_name":"Norfran Limited","article_modified_time":"2024-02-01T09:35:29+00:00","og_image":[{"url":"https:\/\/staging.norfran.co.uk\/wp-content\/uploads\/2021\/05\/aluminium-and-zinc-diecasting.jpg","type":"","width":"","height":""}],"twitter_card":"summary_large_image","twitter_misc":{"Gesch\u00e4tzte Lesezeit":"3\u00a0Minuten"},"schema":{"@context":"https:\/\/schema.org","@graph":[{"@type":"WebPage","@id":"https:\/\/staging.norfran.co.uk\/services\/aluminium-and-zinc-die-casting\/","url":"https:\/\/staging.norfran.co.uk\/services\/aluminium-and-zinc-die-casting\/","name":"[:en]Aluminium and Zinc Die Casting[:de]Aluminium- und Zinkdruckguss[:fr]Moulage sous pression d'aluminium et de zinc[:es]Fundici\u00f3n a presi\u00f3n de aluminio y zinc[:] - Norfran Limited","isPartOf":{"@id":"https:\/\/staging.norfran.co.uk\/#website"},"primaryImageOfPage":{"@id":"https:\/\/staging.norfran.co.uk\/services\/aluminium-and-zinc-die-casting\/#primaryimage"},"image":{"@id":"https:\/\/staging.norfran.co.uk\/services\/aluminium-and-zinc-die-casting\/#primaryimage"},"thumbnailUrl":"https:\/\/staging.norfran.co.uk\/wp-content\/uploads\/2021\/05\/aluminium-and-zinc-diecasting.jpg","datePublished":"2021-05-12T11:01:38+00:00","dateModified":"2024-02-01T09:35:29+00:00","description":"Aluminium and zinc die casting is a manufacturing method used by Norfran to produce aluminium, zinc and other alloy components.","breadcrumb":{"@id":"https:\/\/staging.norfran.co.uk\/services\/aluminium-and-zinc-die-casting\/#breadcrumb"},"inLanguage":"de","potentialAction":[{"@type":"ReadAction","target":["https:\/\/staging.norfran.co.uk\/services\/aluminium-and-zinc-die-casting\/"]}]},{"@type":"ImageObject","inLanguage":"de","@id":"https:\/\/staging.norfran.co.uk\/services\/aluminium-and-zinc-die-casting\/#primaryimage","url":"https:\/\/staging.norfran.co.uk\/wp-content\/uploads\/2021\/05\/aluminium-and-zinc-diecasting.jpg","contentUrl":"https:\/\/staging.norfran.co.uk\/wp-content\/uploads\/2021\/05\/aluminium-and-zinc-diecasting.jpg"},{"@type":"BreadcrumbList","@id":"https:\/\/staging.norfran.co.uk\/services\/aluminium-and-zinc-die-casting\/#breadcrumb","itemListElement":[{"@type":"ListItem","position":1,"name":"Home","item":"https:\/\/staging.norfran.co.uk\/"},{"@type":"ListItem","position":2,"name":"Services","item":"https:\/\/staging.norfran.co.uk\/services\/"},{"@type":"ListItem","position":3,"name":"Aluminium and Zinc Die Casting"}]},{"@type":"WebSite","@id":"https:\/\/staging.norfran.co.uk\/#website","url":"https:\/\/staging.norfran.co.uk\/","name":"Norfran Limited","description":"Precision Aluminium and Zinc Diecasters","potentialAction":[{"@type":"SearchAction","target":{"@type":"EntryPoint","urlTemplate":"https:\/\/staging.norfran.co.uk\/?s={search_term_string}"},"query-input":{"@type":"PropertyValueSpecification","valueRequired":true,"valueName":"search_term_string"}}],"inLanguage":"de"}]}},"_links":{"self":[{"href":"https:\/\/staging.norfran.co.uk\/de\/wp-json\/wp\/v2\/pages\/11204","targetHints":{"allow":["GET"]}}],"collection":[{"href":"https:\/\/staging.norfran.co.uk\/de\/wp-json\/wp\/v2\/pages"}],"about":[{"href":"https:\/\/staging.norfran.co.uk\/de\/wp-json\/wp\/v2\/types\/page"}],"author":[{"embeddable":true,"href":"https:\/\/staging.norfran.co.uk\/de\/wp-json\/wp\/v2\/users\/4"}],"replies":[{"embeddable":true,"href":"https:\/\/staging.norfran.co.uk\/de\/wp-json\/wp\/v2\/comments?post=11204"}],"version-history":[{"count":0,"href":"https:\/\/staging.norfran.co.uk\/de\/wp-json\/wp\/v2\/pages\/11204\/revisions"}],"up":[{"embeddable":true,"href":"https:\/\/staging.norfran.co.uk\/de\/wp-json\/wp\/v2\/pages\/1811"}],"wp:attachment":[{"href":"https:\/\/staging.norfran.co.uk\/de\/wp-json\/wp\/v2\/media?parent=11204"}],"curies":[{"name":"wp","href":"https:\/\/api.w.org\/{rel}","templated":true}]}}