{"id":11186,"date":"2021-05-12T10:17:00","date_gmt":"2021-05-12T10:17:00","guid":{"rendered":"https:\/\/norfran.co.uk\/?page_id=11186"},"modified":"2024-02-01T09:47:54","modified_gmt":"2024-02-01T09:47:54","slug":"cnc-machining","status":"publish","type":"page","link":"https:\/\/staging.norfran.co.uk\/de\/services\/cnc-machining\/","title":{"rendered":"CNC-Bearbeitung"},"content":{"rendered":"<p><img decoding=\"async\" class=\"size-full wp-image-11187 aligncenter lazyload\" data-src=\"https:\/\/staging.norfran.co.uk\/wp-content\/uploads\/2021\/05\/CNC-Machining-1.jpg\" alt=\"CNC Machining\" width=\"1400\" height=\"517\" data-srcset=\"https:\/\/staging.norfran.co.uk\/wp-content\/uploads\/2021\/05\/CNC-Machining-1.jpg 1400w, https:\/\/staging.norfran.co.uk\/wp-content\/uploads\/2021\/05\/CNC-Machining-1-300x111.jpg 300w, https:\/\/staging.norfran.co.uk\/wp-content\/uploads\/2021\/05\/CNC-Machining-1-1024x378.jpg 1024w, https:\/\/staging.norfran.co.uk\/wp-content\/uploads\/2021\/05\/CNC-Machining-1-768x284.jpg 768w\" data-sizes=\"auto\" src=\"data:image\/svg+xml;base64,PHN2ZyB3aWR0aD0iMSIgaGVpZ2h0PSIxIiB4bWxucz0iaHR0cDovL3d3dy53My5vcmcvMjAwMC9zdmciPjwvc3ZnPg==\" style=\"--smush-placeholder-width: 1400px; --smush-placeholder-aspect-ratio: 1400\/517;\" data-original-sizes=\"(max-width: 1400px) 100vw, 1400px\" \/><\/p>\n<h2><strong>CNC-Bearbeitung: Effiziente L\u00f6sungen f\u00fcr komplexe Geometrien<\/strong><\/h2>\n<p>Zur Herstellung komplexer Geometrien bearbeiten wir Ihre Gussteile mit modernster CNC-Technik. Die Vorteile der CNC-Bearbeitung sprechen f\u00fcr sich: Die CNC-Bearbeitung ist extrem kosteng\u00fcnstig und hocheffizient.<\/p>\n<h3><strong>CNC-Bearbeitung f\u00fcr hochqualitative Druckgusskomponenten<\/strong><\/h3>\n<p>Die anwendbaren Schritte k\u00f6nnen nicht nur mit hoher Geschwindigkeit, sondern auch mit hervorragender Pr\u00e4zision ausgef\u00fchrt und exakt reproduziert werden. So k\u00f6nnen wir mit Hilfe der CNC-Technik auch gro\u00dfe Serien schnell, vollst\u00e4ndig und kosteng\u00fcnstig abwickeln.<\/p>\n<h3><strong>Das richtige Bearbeitungszentrum f\u00fcr jeden Bedarf<\/strong><\/h3>\n<p>Wir sind nun in der Lage, die Bauteile unserer Kunden auf nicht weniger als elf modernen CNC-Bearbeitungszentren zu bearbeiten. Die Art der Bearbeitung Ihrer Bauteile in den einzelnen Bearbeitungszentren\u00a0\u2013 Bohren, Drehen, Fr\u00e4sen oder andere Verfahren\u00a0\u2013 ist abh\u00e4ngig von Ihren Anforderungen und der Gr\u00f6\u00dfe des Produktionslaufs. Wir garantieren maximale Bearbeitungstiefe bei absoluter Pr\u00e4zisionsbearbeitung und engen Zeichnungstoleranzen.<\/p>\n<h3><strong>Fokus auf Nachbearbeitung<\/strong><\/h3>\n<p>Wir setzen alle geeigneten Mittel zum Beschnitt von Druckgussteilen ein. Je nach Produkt setzen wir automatisiertes Presswerkzeugbeschneiden, Linieren, Polieren, Handentgraten, Edelstahlkugelstrahlen und Vibrationsentgraten in einem modernen Durchlaufsystem ein. So ist sichergestellt, dass Ihre Komponenten optimal f\u00fcr den sp\u00e4teren Einsatz vorbereitet sind.<\/p>\n<p>Unsere Prozessphilosophie ist es, so viel Bearbeitung wie n\u00f6tig einzusetzen\u00a0\u2013 f\u00fcr maximale Effizienz und Wirtschaftlichkeit.<br \/>\nUnsere hauseigenen modernen CNC-Bearbeitungseinrichtungen werden durch 11 der neuesten 4-Achs-Doppelpaletten-Vertikal-Bearbeitungszentren erg\u00e4nzt, von denen 4 Maschinen mit vollst\u00e4ndigen Spindel-Tasteinrichtungen ausgestattet sind. Unsere erstklassige Maschinenhalle wir durch 4 CNC-Drehmaschinen f\u00fcr Drehanforderungen vollendet.<\/p>","protected":false},"excerpt":{"rendered":"<p>CNC-Bearbeitung: Effiziente L\u00f6sungen f\u00fcr komplexe Geometrien Zur Herstellung komplexer Geometrien bearbeiten wir Ihre Gussteile mit modernster CNC-Technik. Die Vorteile der CNC-Bearbeitung sprechen f\u00fcr sich: Die CNC-Bearbeitung ist extrem kosteng\u00fcnstig und hocheffizient. CNC-Bearbeitung f\u00fcr hochqualitative Druckgusskomponenten Die anwendbaren Schritte k\u00f6nnen nicht nur mit hoher Geschwindigkeit, sondern auch mit hervorragender Pr\u00e4zision ausgef\u00fchrt und exakt reproduziert werden. So k\u00f6nnen wir mit Hilfe der CNC-Technik auch gro\u00dfe Serien schnell, vollst\u00e4ndig und kosteng\u00fcnstig abwickeln. Das richtige Bearbeitungszentrum f\u00fcr jeden Bedarf Wir sind nun in der&hellip;<\/p>\n","protected":false},"author":4,"featured_media":0,"parent":1811,"menu_order":0,"comment_status":"closed","ping_status":"closed","template":"","meta":{"footnotes":""},"class_list":["post-11186","page","type-page","status-publish","hentry"],"yoast_head":"<!-- This site is optimized with the Yoast SEO plugin v27.4 - https:\/\/yoast.com\/product\/yoast-seo-wordpress\/ -->\n<title>CNC Machining for High-Quality Die Cast Components - Norfran<\/title>\n<meta name=\"description\" content=\"CNC Machining: Efficient solutions for complex geometries. Norfran offer CNC Machining for High-Quality Die Cast Components\" \/>\n<meta name=\"robots\" content=\"noindex, follow, max-snippet:-1, max-image-preview:large, max-video-preview:-1\" \/>\n<meta property=\"og:locale\" content=\"de_DE\" \/>\n<meta property=\"og:type\" content=\"article\" \/>\n<meta property=\"og:title\" content=\"CNC Machining for High-Quality Die Cast Components - Norfran\" \/>\n<meta property=\"og:description\" content=\"CNC Machining: Efficient solutions for complex geometries. Norfran offer CNC Machining for High-Quality Die Cast Components\" \/>\n<meta property=\"og:url\" content=\"https:\/\/staging.norfran.co.uk\/services\/cnc-machining\/\" \/>\n<meta property=\"og:site_name\" content=\"Norfran Limited\" \/>\n<meta property=\"article:modified_time\" content=\"2024-02-01T09:47:54+00:00\" \/>\n<meta property=\"og:image\" content=\"https:\/\/staging.norfran.co.uk\/wp-content\/uploads\/2021\/05\/CNC-Machining-1.jpg\" \/>\n<meta name=\"twitter:card\" content=\"summary_large_image\" \/>\n<meta name=\"twitter:label1\" content=\"Gesch\u00e4tzte Lesezeit\" \/>\n\t<meta name=\"twitter:data1\" content=\"2\u00a0Minuten\" \/>\n<script type=\"application\/ld+json\" class=\"yoast-schema-graph\">{\"@context\":\"https:\\\/\\\/schema.org\",\"@graph\":[{\"@type\":\"WebPage\",\"@id\":\"https:\\\/\\\/staging.norfran.co.uk\\\/services\\\/cnc-machining\\\/\",\"url\":\"https:\\\/\\\/staging.norfran.co.uk\\\/services\\\/cnc-machining\\\/\",\"name\":\"CNC Machining for High-Quality Die Cast Components - Norfran\",\"isPartOf\":{\"@id\":\"https:\\\/\\\/staging.norfran.co.uk\\\/#website\"},\"primaryImageOfPage\":{\"@id\":\"https:\\\/\\\/staging.norfran.co.uk\\\/services\\\/cnc-machining\\\/#primaryimage\"},\"image\":{\"@id\":\"https:\\\/\\\/staging.norfran.co.uk\\\/services\\\/cnc-machining\\\/#primaryimage\"},\"thumbnailUrl\":\"https:\\\/\\\/staging.norfran.co.uk\\\/wp-content\\\/uploads\\\/2021\\\/05\\\/CNC-Machining-1.jpg\",\"datePublished\":\"2021-05-12T10:17:00+00:00\",\"dateModified\":\"2024-02-01T09:47:54+00:00\",\"description\":\"CNC Machining: Efficient solutions for complex geometries. Norfran offer CNC Machining for High-Quality Die Cast Components\",\"breadcrumb\":{\"@id\":\"https:\\\/\\\/staging.norfran.co.uk\\\/services\\\/cnc-machining\\\/#breadcrumb\"},\"inLanguage\":\"de\",\"potentialAction\":[{\"@type\":\"ReadAction\",\"target\":[\"https:\\\/\\\/staging.norfran.co.uk\\\/services\\\/cnc-machining\\\/\"]}]},{\"@type\":\"ImageObject\",\"inLanguage\":\"de\",\"@id\":\"https:\\\/\\\/staging.norfran.co.uk\\\/services\\\/cnc-machining\\\/#primaryimage\",\"url\":\"https:\\\/\\\/staging.norfran.co.uk\\\/wp-content\\\/uploads\\\/2021\\\/05\\\/CNC-Machining-1.jpg\",\"contentUrl\":\"https:\\\/\\\/staging.norfran.co.uk\\\/wp-content\\\/uploads\\\/2021\\\/05\\\/CNC-Machining-1.jpg\"},{\"@type\":\"BreadcrumbList\",\"@id\":\"https:\\\/\\\/staging.norfran.co.uk\\\/services\\\/cnc-machining\\\/#breadcrumb\",\"itemListElement\":[{\"@type\":\"ListItem\",\"position\":1,\"name\":\"Home\",\"item\":\"https:\\\/\\\/staging.norfran.co.uk\\\/\"},{\"@type\":\"ListItem\",\"position\":2,\"name\":\"Services\",\"item\":\"https:\\\/\\\/staging.norfran.co.uk\\\/services\\\/\"},{\"@type\":\"ListItem\",\"position\":3,\"name\":\"CNC Machining\"}]},{\"@type\":\"WebSite\",\"@id\":\"https:\\\/\\\/staging.norfran.co.uk\\\/#website\",\"url\":\"https:\\\/\\\/staging.norfran.co.uk\\\/\",\"name\":\"Norfran Limited\",\"description\":\"Precision Aluminium and Zinc Diecasters\",\"potentialAction\":[{\"@type\":\"SearchAction\",\"target\":{\"@type\":\"EntryPoint\",\"urlTemplate\":\"https:\\\/\\\/staging.norfran.co.uk\\\/?s={search_term_string}\"},\"query-input\":{\"@type\":\"PropertyValueSpecification\",\"valueRequired\":true,\"valueName\":\"search_term_string\"}}],\"inLanguage\":\"de\"}]}<\/script>\n<!-- \/ Yoast SEO plugin. -->","yoast_head_json":{"title":"CNC Machining for High-Quality Die Cast Components - Norfran","description":"CNC Machining: Efficient solutions for complex geometries. Norfran offer CNC Machining for High-Quality Die Cast Components","robots":{"index":"noindex","follow":"follow","max-snippet":"max-snippet:-1","max-image-preview":"max-image-preview:large","max-video-preview":"max-video-preview:-1"},"og_locale":"de_DE","og_type":"article","og_title":"CNC Machining for High-Quality Die Cast Components - Norfran","og_description":"CNC Machining: Efficient solutions for complex geometries. Norfran offer CNC Machining for High-Quality Die Cast Components","og_url":"https:\/\/staging.norfran.co.uk\/services\/cnc-machining\/","og_site_name":"Norfran Limited","article_modified_time":"2024-02-01T09:47:54+00:00","og_image":[{"url":"https:\/\/staging.norfran.co.uk\/wp-content\/uploads\/2021\/05\/CNC-Machining-1.jpg","type":"","width":"","height":""}],"twitter_card":"summary_large_image","twitter_misc":{"Gesch\u00e4tzte Lesezeit":"2\u00a0Minuten"},"schema":{"@context":"https:\/\/schema.org","@graph":[{"@type":"WebPage","@id":"https:\/\/staging.norfran.co.uk\/services\/cnc-machining\/","url":"https:\/\/staging.norfran.co.uk\/services\/cnc-machining\/","name":"CNC Machining for High-Quality Die Cast Components - Norfran","isPartOf":{"@id":"https:\/\/staging.norfran.co.uk\/#website"},"primaryImageOfPage":{"@id":"https:\/\/staging.norfran.co.uk\/services\/cnc-machining\/#primaryimage"},"image":{"@id":"https:\/\/staging.norfran.co.uk\/services\/cnc-machining\/#primaryimage"},"thumbnailUrl":"https:\/\/staging.norfran.co.uk\/wp-content\/uploads\/2021\/05\/CNC-Machining-1.jpg","datePublished":"2021-05-12T10:17:00+00:00","dateModified":"2024-02-01T09:47:54+00:00","description":"CNC Machining: Efficient solutions for complex geometries. Norfran offer CNC Machining for High-Quality Die Cast Components","breadcrumb":{"@id":"https:\/\/staging.norfran.co.uk\/services\/cnc-machining\/#breadcrumb"},"inLanguage":"de","potentialAction":[{"@type":"ReadAction","target":["https:\/\/staging.norfran.co.uk\/services\/cnc-machining\/"]}]},{"@type":"ImageObject","inLanguage":"de","@id":"https:\/\/staging.norfran.co.uk\/services\/cnc-machining\/#primaryimage","url":"https:\/\/staging.norfran.co.uk\/wp-content\/uploads\/2021\/05\/CNC-Machining-1.jpg","contentUrl":"https:\/\/staging.norfran.co.uk\/wp-content\/uploads\/2021\/05\/CNC-Machining-1.jpg"},{"@type":"BreadcrumbList","@id":"https:\/\/staging.norfran.co.uk\/services\/cnc-machining\/#breadcrumb","itemListElement":[{"@type":"ListItem","position":1,"name":"Home","item":"https:\/\/staging.norfran.co.uk\/"},{"@type":"ListItem","position":2,"name":"Services","item":"https:\/\/staging.norfran.co.uk\/services\/"},{"@type":"ListItem","position":3,"name":"CNC Machining"}]},{"@type":"WebSite","@id":"https:\/\/staging.norfran.co.uk\/#website","url":"https:\/\/staging.norfran.co.uk\/","name":"Norfran Limited","description":"Precision Aluminium and Zinc Diecasters","potentialAction":[{"@type":"SearchAction","target":{"@type":"EntryPoint","urlTemplate":"https:\/\/staging.norfran.co.uk\/?s={search_term_string}"},"query-input":{"@type":"PropertyValueSpecification","valueRequired":true,"valueName":"search_term_string"}}],"inLanguage":"de"}]}},"_links":{"self":[{"href":"https:\/\/staging.norfran.co.uk\/de\/wp-json\/wp\/v2\/pages\/11186","targetHints":{"allow":["GET"]}}],"collection":[{"href":"https:\/\/staging.norfran.co.uk\/de\/wp-json\/wp\/v2\/pages"}],"about":[{"href":"https:\/\/staging.norfran.co.uk\/de\/wp-json\/wp\/v2\/types\/page"}],"author":[{"embeddable":true,"href":"https:\/\/staging.norfran.co.uk\/de\/wp-json\/wp\/v2\/users\/4"}],"replies":[{"embeddable":true,"href":"https:\/\/staging.norfran.co.uk\/de\/wp-json\/wp\/v2\/comments?post=11186"}],"version-history":[{"count":0,"href":"https:\/\/staging.norfran.co.uk\/de\/wp-json\/wp\/v2\/pages\/11186\/revisions"}],"up":[{"embeddable":true,"href":"https:\/\/staging.norfran.co.uk\/de\/wp-json\/wp\/v2\/pages\/1811"}],"wp:attachment":[{"href":"https:\/\/staging.norfran.co.uk\/de\/wp-json\/wp\/v2\/media?parent=11186"}],"curies":[{"name":"wp","href":"https:\/\/api.w.org\/{rel}","templated":true}]}}